{"id":529,"date":"2021-12-23T22:43:09","date_gmt":"2021-12-23T22:43:09","guid":{"rendered":"https:\/\/demo.creativethemes.com\/blocksy\/garderobe\/?post_type=product&#038;p=529"},"modified":"2024-05-16T17:53:13","modified_gmt":"2024-05-16T09:53:13","slug":"zhs1000l-self-loading-concrete-mixer","status":"publish","type":"product","link":"https:\/\/www.zhsmixer.com\/pt\/produto\/misturador-de-concreto-com-carregamento-automatico-zhs1000l\/","title":{"rendered":"Zhs1000L Misturador de concreto com carregamento autom\u00e1tico"},"content":{"rendered":"","protected":false},"excerpt":{"rendered":"<table>\n<tbody>\n<tr>\n<td width=\"189\"><\/td>\n<td width=\"250\">ZHS1000L<\/td>\n<\/tr>\n<tr>\n<td width=\"189\">Motor (Cummins opcional)<\/td>\n<td width=\"250\">Yuchai Diesel<br \/>\nTurbo 4-Cylinder 42kw-Intercooled<\/td>\n<\/tr>\n<tr>\n<td width=\"189\">Volume total do tambor<\/td>\n<td width=\"250\">1000L<\/td>\n<\/tr>\n<tr>\n<td width=\"189\">Velocidade m\u00e1xima de rota\u00e7\u00e3o do tambor<\/td>\n<td width=\"250\">0-18 rpm<\/td>\n<\/tr>\n<tr>\n<td width=\"189\">Pneu<\/td>\n<td width=\"250\">16\/60-R20.5<\/td>\n<\/tr>\n<tr>\n<td width=\"189\">Peso<\/td>\n<td width=\"250\">3500 kg<\/td>\n<\/tr>\n<tr>\n<td width=\"189\">Capacidade de gradua\u00e7\u00e3o em grau<\/td>\n<td width=\"250\">30\u00b0 (totalmente)<\/td>\n<\/tr>\n<tr>\n<td width=\"189\">Velocidade do ve\u00edculo<\/td>\n<td width=\"250\">0-32km\/hr<\/td>\n<\/tr>\n<tr>\n<td width=\"189\">Sistema de freios<\/td>\n<td width=\"250\">Disco calibrador<\/td>\n<\/tr>\n<tr>\n<td width=\"189\">Dirigir<\/td>\n<td width=\"250\">Tra\u00e7\u00e3o nas rodas 4\u00d74<\/td>\n<\/tr>\n<\/tbody>\n<\/table>","protected":false},"featured_media":1827,"template":"","meta":{"_seopress_robots_primary_cat":"none","_seopress_titles_title":"","_seopress_titles_desc":"","_seopress_robots_index":"","_joinchat":[]},"product_cat":[21],"product_tag":[],"class_list":{"0":"post-529","1":"product","2":"type-product","3":"status-publish","4":"has-post-thumbnail","6":"product_cat-self-loading-concrete-mixer","8":"first","9":"instock","10":"shipping-taxable","11":"product-type-simple"},"_links":{"self":[{"href":"https:\/\/www.zhsmixer.com\/pt\/wp-json\/wp\/v2\/product\/529"}],"collection":[{"href":"https:\/\/www.zhsmixer.com\/pt\/wp-json\/wp\/v2\/product"}],"about":[{"href":"https:\/\/www.zhsmixer.com\/pt\/wp-json\/wp\/v2\/types\/product"}],"version-history":[{"count":169,"href":"https:\/\/www.zhsmixer.com\/pt\/wp-json\/wp\/v2\/product\/529\/revisions"}],"predecessor-version":[{"id":3036,"href":"https:\/\/www.zhsmixer.com\/pt\/wp-json\/wp\/v2\/product\/529\/revisions\/3036"}],"wp:featuredmedia":[{"embeddable":true,"href":"https:\/\/www.zhsmixer.com\/pt\/wp-json\/wp\/v2\/media\/1827"}],"wp:attachment":[{"href":"https:\/\/www.zhsmixer.com\/pt\/wp-json\/wp\/v2\/media?parent=529"}],"wp:term":[{"taxonomy":"product_cat","embeddable":true,"href":"https:\/\/www.zhsmixer.com\/pt\/wp-json\/wp\/v2\/product_cat?post=529"},{"taxonomy":"product_tag","embeddable":true,"href":"https:\/\/www.zhsmixer.com\/pt\/wp-json\/wp\/v2\/product_tag?post=529"}],"curies":[{"name":"wp","href":"https:\/\/api.w.org\/{rel}","templated":true}]}}