{"id":4441,"date":"2024-09-10T20:49:26","date_gmt":"2024-09-10T12:49:26","guid":{"rendered":"https:\/\/www.zhsmixer.com\/?post_type=product&#038;p=4441"},"modified":"2025-07-11T14:34:36","modified_gmt":"2025-07-11T06:34:36","slug":"crawler-concrete-mixer-truck","status":"publish","type":"product","link":"https:\/\/www.zhsmixer.com\/pt\/produto\/crawler-concrete-mixer-truck\/","title":{"rendered":"Caminh\u00e3o betoneira sobre esteiras"},"content":{"rendered":"<p>1) O caminh\u00e3o betoneira ZHS \u00e9 composto principalmente por dois tipos de chassis de caminh\u00e3o especiais, barril de mistura, dispositivo de acionamento hidr\u00e1ulico, dispositivo de controle, sistema de abastecimento de \u00e1gua, rack, dispositivo de alimenta\u00e7\u00e3o, escada, roda e assim por diante.<\/p>\n<p>2) Para melhorar a vida \u00fatil dos produtos, o barril de mistura, a l\u00e2mina, a cremalheira, o funil de entrada e sa\u00edda e outros componentes s\u00e3o feitos de liga de mangan\u00eas de alta resist\u00eancia e resistente ao desgaste.<\/p>\n<p>3) Conclu\u00edmos o jateamento para refor\u00e7ar o tratamento e garantir a qualidade geral da pintura.<br \/>\n&#8212;&#8212;&#8212;&#8212;&#8212;-<\/p>\n<p>A press\u00e3o de explos\u00e3o e o sistema otimizado de inje\u00e7\u00e3o\/combust\u00e3o alcan\u00e7am uma ampla faixa de velocidades com caracter\u00edsticas de consumo de combust\u00edvel muito baixo.<\/p>\n<p>Os suportes dianteiros e traseiros do caminh\u00e3o betoneira da zhs machinery adotam o corte a laser, que tem alta precis\u00e3o de produ\u00e7\u00e3o, pequeno estresse t\u00e9rmico e alta resist\u00eancia geral. \u00c9 confirmado por dados experimentais que a vida \u00fatil \u00e9 aumentada em 60%-80%.<\/p>\n<p>As partes de entrada e sa\u00edda do caminh\u00e3o misturador, o corpo do tanque e a l\u00e2mina s\u00e3o feitos de material NM300TP de alta resist\u00eancia ao desgaste, e a l\u00e2mina \u00e9 equipada com tiras resistentes ao desgaste, o que prolonga a vida \u00fatil e \u00e9 dur\u00e1vel.<\/p>\n<p>Design de l\u00e2mina em espiral logar\u00edtmica dupla curvada tridimensional, bom desempenho de mistura, maximiza o desempenho do ve\u00edculo, melhora muito o atendimento ao ve\u00edculo, mistura mais uniforme, descarga mais r\u00e1pida, baixa taxa residual e nenhuma separa\u00e7\u00e3o.<\/p>\n<p>Importar tr\u00eas grandes componentes para proporcionar uma prote\u00e7\u00e3o de trabalho mais segura: o fornecimento de pe\u00e7as sobressalentes \u00e9 oportuno e preciso, e a manuten\u00e7\u00e3o \u00e9 conveniente para garantir que os usu\u00e1rios possam usar e produzir com tranquilidade.<\/p>\n<p>Uma variedade de chassis para escolher: Sinotruck, Shanxi Automobile, FAW, Dongfeng, Auman e outros fabricantes de caminh\u00f5es pesados de primeira linha do setor<\/p>\n<p>Os principais acess\u00f3rios hidr\u00e1ulicos incluem: Bomba hidr\u00e1ulica de \u00eambolo, mecanismo de ajuste com servo, motor hidr\u00e1ulico e redutor, todos fabricados por marcas internacionalmente conhecidas, como Rexroth, Eaton, SAUER, PMP, Bonfiqlioli e ZF.<\/p>\n<p>&#8212;&#8212;&#8212;&#8212;&#8212;&#8211;<\/p>\n<p>O caminh\u00e3o betoneira SY308C-8(R Dry) da Sany com capacidade de mistura de 8 metros c\u00fabicos \u00e9 equipado com estrutura auxiliar integrada de alt\u00edssima resist\u00eancia, garantindo sua estabilidade e alta resist\u00eancia. O caminh\u00e3o betoneira de 8 metros c\u00fabicos pode se adaptar a diversas condi\u00e7\u00f5es adversas e melhorar sua vida \u00fatil.<\/p>\n<p>Cabine especializada<\/p>\n<p>- Seguro e confi\u00e1vel<\/p>\n<p>A estrutura do chassi e a soldagem da carroceria s\u00e3o feitas por rob\u00f4s, oferecendo a mais rigorosa regulamenta\u00e7\u00e3o e certifica\u00e7\u00e3o sobre colis\u00e3o frontal e press\u00e3o superior. O design do painel de instrumentos e do espelho retrovisor \u00e9 superior ao padr\u00e3o nacional e n\u00e3o h\u00e1 \u00e2ngulos mortos na faixa de vis\u00e3o em todas as dire\u00e7\u00f5es.<\/p>\n<p>- Anti-fadiga e com absor\u00e7\u00e3o de choques<\/p>\n<p>Com uma cabine de absor\u00e7\u00e3o de choque com suspens\u00e3o total de quatro pontos e tecnologia de redu\u00e7\u00e3o de ru\u00eddo e veda\u00e7\u00e3o de porta de camada dupla, o efeito de absor\u00e7\u00e3o de choque da cabine se equipara aos melhores modelos da Europa, dos Estados Unidos e do Jap\u00e3o. A cabine reduz a fadiga causada por uma viagem acidentada, permitindo que voc\u00ea trabalhe com mais facilidade e por mais tempo.<br \/>\nA cabine tamb\u00e9m reduz o ru\u00eddo ao m\u00ednimo e \u00e9 esteticamente agrad\u00e1vel aos olhos, com acabamento interno em vermelho e preto. O volante tamb\u00e9m \u00e9 equipado com as mais recentes tecnologias Bluetooth.<\/p>\n<p>- Manuten\u00e7\u00e3o conveniente e r\u00e1pida<\/p>\n<p>A cabine \u00e9 capaz de se inclinar em um \u00e2ngulo amplo, de modo que pe\u00e7as como o motor e a caixa de c\u00e2mbio podem ser retiradas da cabine para manuten\u00e7\u00e3o. O ar-condicionado montado na frente tamb\u00e9m pode ser facilmente reparado abrindo-se o painel frontal.<\/p>\n<p>- Estilo elegante<\/p>\n<p>Os componentes foram elegantemente projetados com acabamento interno em tit\u00e2nio e prata, painel de instrumentos e assentos de alta qualidade, permitindo que voc\u00ea trabalhe com estilo e conforto.<\/p>\n<p>Tecnologia de economia de energia<br \/>\nO motor \u00e9 capaz de funcionar com pot\u00eancia dupla, o que permite que ele se adapte a diferentes condi\u00e7\u00f5es de trabalho. Com a tecnologia de combina\u00e7\u00e3o de caminh\u00f5es misturadores, o consumo de combust\u00edvel diminui em 10%.<\/p>\n<p>Tecnologia Low Deck<br \/>\nA in\u00e9dita \"estrutura sem subestrutura\" da s\u00e9rie reduz a plataforma do caminh\u00e3o em 140 mm a 200 mm. Anos de investimento em pesquisa e desenvolvimento resultaram em uma estrutura de chassi ideal que lhe confere estabilidade e confiabilidade.<\/p>\n<p>Tecnologia de dire\u00e7\u00e3o flex\u00edvel<br \/>\nAo usar uma bomba de \u00f3leo de dire\u00e7\u00e3o hidr\u00e1ulica de grande deslocamento, a for\u00e7a operacional necess\u00e1ria diminui em 40% e a dire\u00e7\u00e3o \u00e9 facilitada. Otimizamos a tubula\u00e7\u00e3o do chassi e o \u00e2ngulo de dire\u00e7\u00e3o do eixo dianteiro, diminuindo o di\u00e2metro de dire\u00e7\u00e3o do caminh\u00e3o betoneira em 15%. Isso lhe d\u00e1 mais controle at\u00e9 mesmo sobre os menores detalhes do seu caminh\u00e3o betoneira.<\/p>\n<p>Tecnologia Anti-Buildup<br \/>\nA l\u00e2mina dobrada de tr\u00eas se\u00e7\u00f5es integrada ajuda a aumentar o \u00e2ngulo de deslizamento da descarga, diminuindo o ac\u00famulo. Al\u00e9m disso, um dispositivo de descarga, um cone dianteiro inovador e uma estrutura de conex\u00e3o de coroa de balan\u00e7o s\u00e3o instalados no cone traseiro para limpar o agregado estagnado no espa\u00e7o morto e evitar que o agregado se acumule nos cones dianteiro e traseiro. Com isso, a taxa residual na porta de descarga diminui para 0,4%.<\/p>\n<p>Tecnologia operacional inteligente<br \/>\nO caminh\u00e3o \u00e9 equipado com um sistema GPS, monitoramento de caminh\u00e3o betoneira, reprodu\u00e7\u00e3o de registros, alarme de eventos, gerenciamento de caminh\u00f5es e estat\u00edsticas. Voc\u00ea pode monitorar instantaneamente a localiza\u00e7\u00e3o, o n\u00edvel de \u00f3leo e a descarga do caminh\u00e3o betoneira.<\/p>\n<p>Lembretes de manuten\u00e7\u00e3o<br \/>\nA s\u00e9rie C8 oferece um servi\u00e7o de alarme de manuten\u00e7\u00e3o para os principais componentes do caminh\u00e3o (incluindo o motor, os eixos, a caixa de c\u00e2mbio e outros) para ajud\u00e1-lo a ficar em dia com a manuten\u00e7\u00e3o do caminh\u00e3o e minimizar poss\u00edveis danos.<\/p>","protected":false},"excerpt":{"rendered":"<table style=\"border-collapse: collapse; width: 1503px; height: 192px;\" border=\"0\" width=\"552\" cellspacing=\"0\" cellpadding=\"0\">\n<tbody>\n<tr style=\"height: 15.75pt;\">\n<td class=\"et4\" style=\"height: 15.75pt; width: 106.90pt;\" width=\"142\" height=\"21\">Volume do tanque<\/td>\n<td class=\"et5\" style=\"width: 307.20pt;\" width=\"409\">1m\u00b3, 2m\u00b3, 3m\u00b3, 4m\u00b3, 5m\u00b3, 6m\u00b3<\/td>\n<\/tr>\n<tr style=\"height: 47.25pt;\">\n<td class=\"et4\" style=\"height: 47.25pt;\" height=\"63\">Material do tanque<\/td>\n<td class=\"et5\" style=\"width: 307.20pt;\" width=\"409\">Liga de a\u00e7o Q345B de alta resist\u00eancia e resistente ao desgaste, espessura de 6 mm, aumenta a vida \u00fatil do tanque em mais de 3 vezes, tratamento antiferrugem por jateamento.<\/td>\n<\/tr>\n<tr style=\"height: 15.75pt;\">\n<td class=\"et4\" style=\"height: 15.75pt;\" height=\"21\">Material da l\u00e2mina<\/td>\n<td class=\"et5\" style=\"width: 307.20pt;\" width=\"409\">5#A\u00e7o de liga grossa (com tira de desgaste para melhorar a vida \u00fatil)<\/td>\n<\/tr>\n<tr style=\"height: 15.75pt;\">\n<td class=\"et4\" style=\"height: 15.75pt;\" height=\"21\">Material do chassi<\/td>\n<td class=\"et5\" style=\"width: 307.20pt;\" width=\"409\">6#THick cabe\u00e7a dupla em a\u00e7o-liga<\/td>\n<\/tr>\n<tr style=\"height: 15.75pt;\">\n<td class=\"et4\" style=\"height: 15.75pt;\" height=\"21\">Caixa de redu\u00e7\u00e3o<\/td>\n<td class=\"et5\" style=\"width: 307.20pt;\" width=\"409\">Redutor PMP alem\u00e3o, forte capacidade de carga, baixo \u00edndice de falhas<\/td>\n<\/tr>\n<tr style=\"height: 15.75pt;\">\n<td class=\"et4\" style=\"height: 15.75pt;\" height=\"21\">Sistema hidr\u00e1ulico<\/td>\n<td class=\"et5\" style=\"width: 307.20pt;\" width=\"409\">Sistema hidr\u00e1ulico aberto\/fechado<\/td>\n<\/tr>\n<tr style=\"height: 31.50pt;\">\n<td class=\"et4\" style=\"height: 31.50pt;\" height=\"42\">Trailer<\/td>\n<td class=\"et5\" style=\"width: 307.20pt;\" width=\"409\">O reboque de grande porte \u00e9 selecionado para melhorar a estabilidade de funcionamento do tanque<\/td>\n<\/tr>\n<tr style=\"height: 15.75pt;\">\n<td class=\"et4\" style=\"height: 15.75pt;\" height=\"21\">Sistema de radiadores<\/td>\n<td class=\"et5\" style=\"width: 307.20pt;\" width=\"409\">Radiador 18 L<\/td>\n<\/tr>\n<tr style=\"height: 15.75pt;\">\n<td class=\"et4\" style=\"height: 15.75pt;\" height=\"21\">Velocidade de alimenta\u00e7\u00e3o<\/td>\n<td class=\"et5\" style=\"width: 307.20pt;\" width=\"409\">&gt;3m3\/min<\/td>\n<\/tr>\n<tr style=\"height: 15.75pt;\">\n<td class=\"et4\" style=\"height: 15.75pt;\" height=\"21\">Velocidade de descarga<\/td>\n<td class=\"et5\" style=\"width: 307.20pt;\" width=\"409\">&gt;1m3\/min<\/td>\n<\/tr>\n<tr style=\"height: 15.75pt;\">\n<td class=\"et4\" style=\"height: 15.75pt;\" height=\"21\">Sistema de \u00e1gua<\/td>\n<td class=\"et5\" style=\"width: 307.20pt;\" width=\"409\">150L - 400L<\/td>\n<\/tr>\n<tr style=\"height: 15.75pt;\">\n<td class=\"et4\" style=\"height: 15.75pt;\" height=\"21\">Modo de opera\u00e7\u00e3o<\/td>\n<td class=\"et5\" style=\"width: 307.20pt;\" width=\"409\">Opera\u00e7\u00e3o de tr\u00eas vias nos lados esquerdo e direito e na cabine<\/td>\n<\/tr>\n<tr style=\"height: 15.75pt;\">\n<td class=\"et4\" style=\"height: 15.75pt;\" height=\"21\">Faixa de descarga<\/td>\n<td class=\"et5\" style=\"width: 307.20pt;\" width=\"409\">Ajuste de 180\u00b0<\/td>\n<\/tr>\n<tr style=\"height: 15.75pt;\">\n<td class=\"et4\" style=\"height: 15.75pt;\" height=\"21\">Dispositivo de seguran\u00e7a<\/td>\n<td class=\"et5\" style=\"width: 307.20pt;\" width=\"409\">Adicionar dispositivo de vazamento de material<\/td>\n<\/tr>\n<tr style=\"height: 94.50pt;\">\n<td class=\"et4\" style=\"height: 94.50pt;\" height=\"126\">Vantagens<\/td>\n<td class=\"et5\" style=\"width: 307.20pt;\" width=\"409\">O cilindro de mistura adota o mais avan\u00e7ado design de curva em espiral dupla, a melhor rela\u00e7\u00e3o entre o furo de desvio e a configura\u00e7\u00e3o da placa de mistura, de modo que o cilindro de mistura gira mais suavemente, a uniformidade do concreto \u00e9 melhor, a velocidade de entrada e sa\u00edda \u00e9 r\u00e1pida, a segrega\u00e7\u00e3o \u00e9 eliminada, a taxa residual \u00e9 baixa e a vida \u00fatil \u00e9 mais longa.<\/td>\n<\/tr>\n<\/tbody>\n<\/table>","protected":false},"featured_media":4459,"template":"","meta":{"_seopress_robots_primary_cat":"","_seopress_titles_title":"","_seopress_titles_desc":"","_seopress_robots_index":"","_joinchat":[]},"product_cat":[54],"product_tag":[],"class_list":{"0":"post-4441","1":"product","2":"type-product","3":"status-publish","4":"has-post-thumbnail","6":"product_cat-other-products","8":"first","9":"instock","10":"shipping-taxable","11":"product-type-simple"},"_links":{"self":[{"href":"https:\/\/www.zhsmixer.com\/pt\/wp-json\/wp\/v2\/product\/4441"}],"collection":[{"href":"https:\/\/www.zhsmixer.com\/pt\/wp-json\/wp\/v2\/product"}],"about":[{"href":"https:\/\/www.zhsmixer.com\/pt\/wp-json\/wp\/v2\/types\/product"}],"version-history":[{"count":1,"href":"https:\/\/www.zhsmixer.com\/pt\/wp-json\/wp\/v2\/product\/4441\/revisions"}],"predecessor-version":[{"id":4462,"href":"https:\/\/www.zhsmixer.com\/pt\/wp-json\/wp\/v2\/product\/4441\/revisions\/4462"}],"wp:featuredmedia":[{"embeddable":true,"href":"https:\/\/www.zhsmixer.com\/pt\/wp-json\/wp\/v2\/media\/4459"}],"wp:attachment":[{"href":"https:\/\/www.zhsmixer.com\/pt\/wp-json\/wp\/v2\/media?parent=4441"}],"wp:term":[{"taxonomy":"product_cat","embeddable":true,"href":"https:\/\/www.zhsmixer.com\/pt\/wp-json\/wp\/v2\/product_cat?post=4441"},{"taxonomy":"product_tag","embeddable":true,"href":"https:\/\/www.zhsmixer.com\/pt\/wp-json\/wp\/v2\/product_tag?post=4441"}],"curies":[{"name":"wp","href":"https:\/\/api.w.org\/{rel}","templated":true}]}}