{"id":4375,"date":"2024-09-10T17:27:16","date_gmt":"2024-09-10T09:27:16","guid":{"rendered":"https:\/\/www.zhsmixer.com\/?post_type=product&#038;p=4375"},"modified":"2025-07-11T14:36:31","modified_gmt":"2025-07-11T06:36:31","slug":"4-0ton-mini-excavator","status":"publish","type":"product","link":"https:\/\/www.zhsmixer.com\/pt\/produto\/miniescavadeira-de-4-toneladas\/","title":{"rendered":"Mini escavadeira de 4,0 toneladas"},"content":{"rendered":"<p>1. as sapatas de esteira alargadas garantem baixa press\u00e3o sobre o solo, alta estabilidade e tra\u00e7\u00e3o potente para realizar opera\u00e7\u00f5es horizontais precisas.<br \/>\n2. a embreagem e o freio de dire\u00e7\u00e3o do tipo \u00famido podem prolongar a vida \u00fatil e est\u00e3o interligados entre si para garantir a rapidez e a flexibilidade<br \/>\ncontroles de dire\u00e7\u00e3o por joysticks.<br \/>\n3. pode concluir as opera\u00e7\u00f5es de escava\u00e7\u00e3o, manuseio e aterro de terraplenagem e \u00e9 adequado para as constru\u00e7\u00f5es de engenharia de estradas, fazendas, projetos de conserva\u00e7\u00e3o de \u00e1gua, projetos municipais e projetos de energia.<br \/>\n4. A escavadeira hidr\u00e1ulica pequena tem tamanho pequeno, opera\u00e7\u00e3o flex\u00edvel e capacidade de tr\u00e1fego favor\u00e1vel, podendo trabalhar livremente em locais pequenos e estreitos. Normalmente, a escavadeira \u00e9 aplicada em constru\u00e7\u00e3o urbana, paisagismo, irriga\u00e7\u00e3o e conserva\u00e7\u00e3o de \u00e1gua etc.<br \/>\n5. configura\u00e7\u00e3o de ponta e qualidade superexcelente, experi\u00eancia de dire\u00e7\u00e3o de alta qualidade, solidez, alta efici\u00eancia e durabilidade, reparo e manuten\u00e7\u00e3o convenientes e eficientes. Configura\u00e7\u00e3o opcional - defendemos a filosofia \"Tudo em um\".<\/p>\n<p>Caracter\u00edsticas:<br \/>\n1. Escavadeiras com dimens\u00f5es compactas podem passar facilmente por passagens e portas estreitas.<br \/>\n2. O material rodante retr\u00e1til e a l\u00e2mina dozer permitem que as escavadeiras sejam configuradas para proporcionar excelente estabilidade de trabalho e \u00f3timo desempenho.<br \/>\n3. O motor potente e o sistema hidr\u00e1ulico perfeitamente ajustado proporcionam um desempenho eficiente, econ\u00f4mico e confi\u00e1vel para os trabalhos mais dif\u00edceis.<br \/>\n4. As mangueiras da ca\u00e7amba s\u00e3o bem protegidas dentro da lan\u00e7a e o cilindro \u00e9 montado acima da estrutura.<br \/>\n5. A \u00e1rea do operador \u00e9 espa\u00e7osa e est\u00e1 planejada para proporcionar conforto e facilidade de opera\u00e7\u00e3o.<br \/>\n6. O excelente motor fornece excelente pot\u00eancia com uso m\u00ednimo de combust\u00edvel para maior produtividade por tanque.<\/p>\n<p>Conceito de design<br \/>\n1. o ve\u00edculo completo adota um motor original importado de uma marca de renome internacional. Al\u00e9m disso, ele introduz o sistema de controle de pot\u00eancia constante para dar total pot\u00eancia ao motor e fornecer \u00e0 escavadeira uma pot\u00eancia forte.<br \/>\n2. A escavadeira hidr\u00e1ulica m\u00e9dia tem excelente desempenho ambiental e grande pot\u00eancia, combinada com um projeto de baixo consumo de combust\u00edvel, reduzindo significativamente os custos operacionais.<br \/>\n3. assentos de couro, com cintos de seguran\u00e7a e corrim\u00e3os, podem ser ajustados antes e depois, com cantos traseiros ajust\u00e1veis.<br \/>\n4. A mangueira hidr\u00e1ulica continental da marca alem\u00e3 MA \u00e9 uma marca internacional com qualidade est\u00e1vel e confi\u00e1vel.<br \/>\n5. a mangueira hidr\u00e1ulica externa \u00e9 equipada com retentor de mola e mangueira de prote\u00e7\u00e3o em espiral para evitar atrito, colis\u00e3o, flex\u00e3o e outros danos<br \/>\n6. as alavancas de a\u00e7\u00e3o s\u00e3o equipadas com tampas contra poeira e corrim\u00e3os port\u00e1teis<br \/>\n7 O console principal \u00e9 composto de tr\u00eas partes. O formato geral \u00e9 como um \"punho\", rico em tens\u00e3o, com design de tend\u00eancia aerodin\u00e2mico, calmo e dominador, o que est\u00e1 de acordo com a est\u00e9tica do Oriente e do Ocidente. O conector adota uma gaxeta de cabe\u00e7a escareada de a\u00e7o inoxid\u00e1vel + parafuso sextavado interno de cabe\u00e7a escareada, que tem boa fixa\u00e7\u00e3o e efeitos decorativos. A tampa integrada do instrumento na parte frontal \u00e9 f\u00e1cil de desmontar, e a manuten\u00e7\u00e3o posterior dos componentes el\u00e9tricos e da v\u00e1lvula principal \u00e9 particularmente conveniente.<\/p>\n<p>Tamb\u00e9m podemos fornecer servi\u00e7os particulares de personaliza\u00e7\u00e3o de acordo com suas necessidades<\/p>\n<p>1. acess\u00f3rios opcionais: martelo rompedor, brocas, ancinhos, engate r\u00e1pido, rippers, garras para toras, ca\u00e7ambas de todos os tamanhos e muito mais...<\/p>\n<p>2. a cor e o estilo podem ser personalizados.<\/p>\n<p>3. diferentes tipos de motores podem ser combinados de acordo com suas diferentes necessidades.<\/p>\n<p>4. nossa f\u00e1brica pode fornecer servi\u00e7os de logotipo personalizado privado de acordo com suas necessidades, personalizar estilos de acordo com suas prefer\u00eancias e ser sua fundi\u00e7\u00e3o.<\/p>","protected":false},"excerpt":{"rendered":"<p>1.The widened track shoes guarantee low ground pressure, high stability, and powerful traction to fulfill precise horizontal operations. 2.The wet type steering clutch and brake can prolong the service life and are interlinked with each other toguarantee the rapid and flexible steeringcontrols by joysticks. 3.It can complete the digging, handling, and landfill operations of earthworks [&hellip;]<\/p>","protected":false},"featured_media":4378,"template":"","meta":{"_seopress_robots_primary_cat":"none","_seopress_titles_title":"","_seopress_titles_desc":"","_seopress_robots_index":"","_joinchat":[]},"product_cat":[54],"product_tag":[],"class_list":{"0":"post-4375","1":"product","2":"type-product","3":"status-publish","4":"has-post-thumbnail","6":"product_cat-other-products","8":"first","9":"instock","10":"shipping-taxable","11":"product-type-simple"},"_links":{"self":[{"href":"https:\/\/www.zhsmixer.com\/pt\/wp-json\/wp\/v2\/product\/4375"}],"collection":[{"href":"https:\/\/www.zhsmixer.com\/pt\/wp-json\/wp\/v2\/product"}],"about":[{"href":"https:\/\/www.zhsmixer.com\/pt\/wp-json\/wp\/v2\/types\/product"}],"version-history":[{"count":1,"href":"https:\/\/www.zhsmixer.com\/pt\/wp-json\/wp\/v2\/product\/4375\/revisions"}],"predecessor-version":[{"id":4383,"href":"https:\/\/www.zhsmixer.com\/pt\/wp-json\/wp\/v2\/product\/4375\/revisions\/4383"}],"wp:featuredmedia":[{"embeddable":true,"href":"https:\/\/www.zhsmixer.com\/pt\/wp-json\/wp\/v2\/media\/4378"}],"wp:attachment":[{"href":"https:\/\/www.zhsmixer.com\/pt\/wp-json\/wp\/v2\/media?parent=4375"}],"wp:term":[{"taxonomy":"product_cat","embeddable":true,"href":"https:\/\/www.zhsmixer.com\/pt\/wp-json\/wp\/v2\/product_cat?post=4375"},{"taxonomy":"product_tag","embeddable":true,"href":"https:\/\/www.zhsmixer.com\/pt\/wp-json\/wp\/v2\/product_tag?post=4375"}],"curies":[{"name":"wp","href":"https:\/\/api.w.org\/{rel}","templated":true}]}}