{"id":3832,"date":"2024-07-24T16:11:16","date_gmt":"2024-07-24T08:11:16","guid":{"rendered":"https:\/\/www.zhsmixer.com\/?post_type=product&#038;p=3832"},"modified":"2025-07-11T14:39:22","modified_gmt":"2025-07-11T06:39:22","slug":"5ton-diesel-forklift","status":"publish","type":"product","link":"https:\/\/www.zhsmixer.com\/pt\/produto\/5ton-diesel-forklift\/","title":{"rendered":"Empilhadeira a diesel de 5 toneladas"},"content":{"rendered":"","protected":false},"excerpt":{"rendered":"<table style=\"border-collapse: collapse; width: 1627px; height: 230px;\" border=\"0\" width=\"550\" cellspacing=\"0\" cellpadding=\"0\">\n<tbody>\n<tr style=\"height: 20.00pt;\">\n<td class=\"et3\" style=\"height: 20.00pt; width: 219.40pt;\" width=\"292\" height=\"26\">Modelo<\/td>\n<td class=\"et4\" style=\"width: 63.05pt;\" width=\"84\"><\/td>\n<td class=\"et5\" style=\"width: 130.55pt;\" width=\"174\">CPCD50<\/td>\n<\/tr>\n<tr style=\"height: 20.00pt;\">\n<td class=\"et3\" style=\"height: 20.00pt; width: 219.40pt;\" width=\"292\" height=\"26\">Carga nominal de eleva\u00e7\u00e3o<\/td>\n<td class=\"et5\" style=\"width: 63.05pt;\" width=\"84\">kg<\/td>\n<td class=\"et5\" style=\"width: 130.55pt;\" width=\"174\">5000<\/td>\n<\/tr>\n<tr style=\"height: 20.00pt;\">\n<td class=\"et3\" style=\"height: 20.00pt; width: 219.40pt;\" width=\"292\" height=\"26\">Dist\u00e2ncia do centro de carga<\/td>\n<td class=\"et5\" style=\"width: 63.05pt;\" width=\"84\">mm<\/td>\n<td class=\"et5\" style=\"width: 130.55pt;\" width=\"174\">500<\/td>\n<\/tr>\n<tr style=\"height: 20.00pt;\">\n<td class=\"et3\" style=\"height: 20.00pt; width: 219.40pt;\" width=\"292\" height=\"26\">Altura de eleva\u00e7\u00e3o livre<\/td>\n<td class=\"et5\" style=\"width: 63.05pt;\" width=\"84\">mm<\/td>\n<td class=\"et5\" style=\"width: 130.55pt;\" width=\"174\">160<\/td>\n<\/tr>\n<tr style=\"height: 20.00pt;\">\n<td class=\"et3\" style=\"height: 20.00pt; width: 219.40pt;\" width=\"292\" height=\"26\">Comprimento total (com garfo\/sem garfo)<\/td>\n<td class=\"et5\" style=\"width: 63.05pt;\" width=\"84\">mm<\/td>\n<td class=\"et5\" style=\"width: 130.55pt;\" width=\"174\">4190\/3120<\/td>\n<\/tr>\n<tr style=\"height: 20.00pt;\">\n<td class=\"et3\" style=\"height: 20.00pt; width: 219.40pt;\" width=\"292\" height=\"26\">Largura<\/td>\n<td class=\"et5\" style=\"width: 63.05pt;\" width=\"84\">mm<\/td>\n<td class=\"et5\" style=\"width: 130.55pt;\" width=\"174\">1480<\/td>\n<\/tr>\n<tr style=\"height: 20.00pt;\">\n<td class=\"et3\" style=\"height: 20.00pt; width: 219.40pt;\" width=\"292\" height=\"26\">Altura da prote\u00e7\u00e3o superior<\/td>\n<td class=\"et5\" style=\"width: 63.05pt;\" width=\"84\">mm<\/td>\n<td class=\"et5\" style=\"width: 130.55pt;\" width=\"174\">2240<\/td>\n<\/tr>\n<tr style=\"height: 20.00pt;\">\n<td class=\"et3\" style=\"height: 20.00pt; width: 219.40pt;\" width=\"292\" height=\"26\">Dist\u00e2ncia entre eixos<\/td>\n<td class=\"et5\" style=\"width: 63.05pt;\" width=\"84\">mm<\/td>\n<td class=\"et5\" style=\"width: 130.55pt;\" width=\"174\">2000<\/td>\n<\/tr>\n<tr style=\"height: 20.00pt;\">\n<td class=\"et3\" style=\"height: 20.00pt; width: 219.40pt;\" width=\"292\" height=\"26\">Dist\u00e2ncia m\u00ednima do solo<\/td>\n<td class=\"et5\" style=\"width: 63.05pt;\" width=\"84\">mm<\/td>\n<td class=\"et5\" style=\"width: 130.55pt;\" width=\"174\">175<\/td>\n<\/tr>\n<tr style=\"height: 20.00pt;\">\n<td class=\"et3\" style=\"height: 20.00pt; width: 219.40pt;\" width=\"292\" height=\"26\">\u00c2ngulo de inclina\u00e7\u00e3o do mastro (dianteiro\/traseiro)<\/td>\n<td class=\"et5\" style=\"width: 63.05pt;\" width=\"84\">%<\/td>\n<td class=\"et7\" style=\"width: 130.55pt;\" width=\"174\">6. \/ 12.<\/td>\n<\/tr>\n<tr style=\"height: 20.00pt;\">\n<td class=\"et3\" style=\"height: 40.00pt; width: 219.40pt;\" rowspan=\"2\" width=\"292\" height=\"53\">N\u00famero do pneu (dianteiro)<\/td>\n<td class=\"et4\" rowspan=\"2\"><\/td>\n<td class=\"et5\" style=\"width: 130.55pt;\" rowspan=\"2\" width=\"174\">300-15-20PR<\/td>\n<\/tr>\n<tr style=\"height: 20.00pt;\">\n<td class=\"et3\" style=\"height: 40.00pt; width: 219.40pt;\" rowspan=\"2\" width=\"292\" height=\"53\">N\u00famero do pneu (traseiro)<\/td>\n<td class=\"et4\" rowspan=\"2\"><\/td>\n<td class=\"et5\" style=\"width: 130.55pt;\" rowspan=\"2\" width=\"174\">7.00-12-12PR<\/td>\n<\/tr>\n<tr style=\"height: 20.00pt;\">\n<td class=\"et3\" style=\"height: 20.00pt; width: 219.40pt;\" width=\"292\" height=\"26\">Raio m\u00ednimo de giro (externo)<\/td>\n<td class=\"et5\" style=\"width: 63.05pt;\" width=\"84\">mm<\/td>\n<td class=\"et5\" style=\"width: 130.55pt;\" width=\"174\">2900<\/td>\n<\/tr>\n<tr style=\"height: 20.00pt;\">\n<td class=\"et3\" style=\"height: 20.00pt; width: 219.40pt;\" width=\"292\" height=\"26\">Largura m\u00ednima do corredor em \u00e2ngulo reto<\/td>\n<td class=\"et5\" style=\"width: 63.05pt;\" width=\"84\">mm<\/td>\n<td class=\"et5\" style=\"width: 130.55pt;\" width=\"174\">4960<\/td>\n<\/tr>\n<tr style=\"height: 20.00pt;\">\n<td class=\"et3\" style=\"height: 20.00pt; width: 219.40pt;\" width=\"292\" height=\"26\">Tamanho do garfo<\/td>\n<td class=\"et5\" style=\"width: 63.05pt;\" width=\"84\">mm<\/td>\n<td class=\"et5\" style=\"width: 130.55pt;\" width=\"174\">1220X125X45<\/td>\n<\/tr>\n<tr style=\"height: 20.00pt;\">\n<td class=\"et3\" style=\"height: 20.00pt; width: 219.40pt;\" width=\"292\" height=\"26\">Velocidade m\u00e1xima de trabalho (com carga total\/sem carga)<\/td>\n<td class=\"et5\" style=\"width: 63.05pt;\" width=\"84\">km\/h<\/td>\n<td class=\"et5\" style=\"width: 130.55pt;\" width=\"174\">18\/19<\/td>\n<\/tr>\n<tr style=\"height: 20.00pt;\">\n<td class=\"et3\" style=\"height: 20.00pt; width: 219.40pt;\" width=\"292\" height=\"26\">Velocidade m\u00e1xima Velocidade (carga total\/sem carga)<\/td>\n<td class=\"et5\" style=\"width: 63.05pt;\" width=\"84\">mm\/s<\/td>\n<td class=\"et5\" style=\"width: 130.55pt;\" width=\"174\">400\/380<\/td>\n<\/tr>\n<tr style=\"height: 20.00pt;\">\n<td class=\"et3\" style=\"height: 20.00pt; width: 219.40pt;\" width=\"292\" height=\"26\">Capacidade m\u00e1xima de nivelamento (carga total\/sem carga)<\/td>\n<td class=\"et5\" style=\"width: 63.05pt;\" width=\"84\">%<\/td>\n<td class=\"et5\" style=\"width: 130.55pt;\" width=\"174\">15\/20<\/td>\n<\/tr>\n<tr style=\"height: 20.00pt;\">\n<td class=\"et3\" style=\"height: 20.00pt; width: 219.40pt;\" width=\"292\" height=\"26\">Peso total<\/td>\n<td class=\"et5\" style=\"width: 63.05pt;\" width=\"84\">kg<\/td>\n<td class=\"et5\" style=\"width: 130.55pt;\" width=\"174\">6700<\/td>\n<\/tr>\n<tr style=\"height: 20.00pt;\">\n<td class=\"et3\" style=\"height: 40.00pt; width: 219.40pt;\" rowspan=\"2\" width=\"292\" height=\"53\">Motor<\/td>\n<td class=\"et4\" rowspan=\"2\"><\/td>\n<td class=\"et5\" style=\"width: 130.55pt;\" rowspan=\"2\" width=\"174\">Xinchai 60KW<\/td>\n<\/tr>\n<tr style=\"height: 20.00pt;\">\n<td class=\"et3\" style=\"height: 40.00pt; width: 219.40pt;\" rowspan=\"2\" width=\"292\" height=\"53\">Tipo de mudan\u00e7a de energia<\/td>\n<td class=\"et4\" rowspan=\"2\"><\/td>\n<td class=\"et5\" style=\"width: 130.55pt;\" rowspan=\"2\" width=\"174\">Transmiss\u00e3o autom\u00e1tica\/mec\u00e2nica<\/td>\n<\/tr>\n<\/tbody>\n<\/table>","protected":false},"featured_media":3839,"template":"","meta":{"_seopress_robots_primary_cat":"","_seopress_titles_title":"","_seopress_titles_desc":"","_seopress_robots_index":"","_joinchat":[]},"product_cat":[54],"product_tag":[],"class_list":{"0":"post-3832","1":"product","2":"type-product","3":"status-publish","4":"has-post-thumbnail","6":"product_cat-other-products","8":"first","9":"instock","10":"shipping-taxable","11":"product-type-simple"},"_links":{"self":[{"href":"https:\/\/www.zhsmixer.com\/pt\/wp-json\/wp\/v2\/product\/3832"}],"collection":[{"href":"https:\/\/www.zhsmixer.com\/pt\/wp-json\/wp\/v2\/product"}],"about":[{"href":"https:\/\/www.zhsmixer.com\/pt\/wp-json\/wp\/v2\/types\/product"}],"version-history":[{"count":1,"href":"https:\/\/www.zhsmixer.com\/pt\/wp-json\/wp\/v2\/product\/3832\/revisions"}],"predecessor-version":[{"id":3841,"href":"https:\/\/www.zhsmixer.com\/pt\/wp-json\/wp\/v2\/product\/3832\/revisions\/3841"}],"wp:featuredmedia":[{"embeddable":true,"href":"https:\/\/www.zhsmixer.com\/pt\/wp-json\/wp\/v2\/media\/3839"}],"wp:attachment":[{"href":"https:\/\/www.zhsmixer.com\/pt\/wp-json\/wp\/v2\/media?parent=3832"}],"wp:term":[{"taxonomy":"product_cat","embeddable":true,"href":"https:\/\/www.zhsmixer.com\/pt\/wp-json\/wp\/v2\/product_cat?post=3832"},{"taxonomy":"product_tag","embeddable":true,"href":"https:\/\/www.zhsmixer.com\/pt\/wp-json\/wp\/v2\/product_tag?post=3832"}],"curies":[{"name":"wp","href":"https:\/\/api.w.org\/{rel}","templated":true}]}}