{"id":3811,"date":"2024-07-24T16:03:04","date_gmt":"2024-07-24T08:03:04","guid":{"rendered":"https:\/\/www.zhsmixer.com\/?post_type=product&#038;p=3811"},"modified":"2025-07-11T14:39:40","modified_gmt":"2025-07-11T06:39:40","slug":"3-3-5ton-diesel-forklift","status":"publish","type":"product","link":"https:\/\/www.zhsmixer.com\/pt\/produto\/3-3-5ton-diesel-forklift\/","title":{"rendered":"Empilhadeira a diesel de 3 a 3,5 toneladas"},"content":{"rendered":"","protected":false},"excerpt":{"rendered":"<table style=\"height: 483px;\" width=\"1896\">\n<tbody>\n<tr>\n<td width=\"249\">Modelo<\/td>\n<td width=\"95\"><\/td>\n<td width=\"103\">CPCD30<\/td>\n<td width=\"112\">CPCD35<\/td>\n<\/tr>\n<tr>\n<td width=\"249\">Carga nominal de eleva\u00e7\u00e3o<\/td>\n<td width=\"95\">kg<\/td>\n<td width=\"103\">3000<\/td>\n<td width=\"112\">3500<\/td>\n<\/tr>\n<tr>\n<td width=\"249\">Dist\u00e2ncia do centro de carga<\/td>\n<td width=\"95\">mm<\/td>\n<td colspan=\"2\" width=\"216\">500<\/td>\n<\/tr>\n<tr>\n<td width=\"249\">Altura de eleva\u00e7\u00e3o livre<\/td>\n<td width=\"95\">mm<\/td>\n<td colspan=\"2\" width=\"216\">160<\/td>\n<\/tr>\n<tr>\n<td width=\"249\">Comprimento total (com garfo\/sem garfo)<\/td>\n<td width=\"95\">mm<\/td>\n<td width=\"103\">3752\/2682<\/td>\n<td width=\"112\">3763\/2693<\/td>\n<\/tr>\n<tr>\n<td width=\"249\">Largura<\/td>\n<td width=\"95\">mm<\/td>\n<td colspan=\"2\" width=\"216\">1225<\/td>\n<\/tr>\n<tr>\n<td width=\"249\">Altura da prote\u00e7\u00e3o superior<\/td>\n<td width=\"95\">mm<\/td>\n<td colspan=\"2\" width=\"216\">2090<\/td>\n<\/tr>\n<tr>\n<td width=\"249\">Dist\u00e2ncia entre eixos<\/td>\n<td width=\"95\">mm<\/td>\n<td colspan=\"2\" width=\"216\">1700<\/td>\n<\/tr>\n<tr>\n<td width=\"249\">Dist\u00e2ncia m\u00ednima do solo<\/td>\n<td width=\"95\">mm<\/td>\n<td colspan=\"2\" width=\"216\">135<\/td>\n<\/tr>\n<tr>\n<td width=\"249\">\u00c2ngulo de inclina\u00e7\u00e3o do mastro (dianteiro\/traseiro)<\/td>\n<td width=\"95\">%<\/td>\n<td colspan=\"2\" width=\"216\">6\/12<\/td>\n<\/tr>\n<tr>\n<td width=\"249\">N\u00famero do pneu (dianteiro)<\/td>\n<td width=\"95\"><\/td>\n<td colspan=\"2\" width=\"216\">28\u00d79-15-14PR<\/td>\n<\/tr>\n<tr>\n<td width=\"249\">N\u00famero do pneu (traseiro)<\/td>\n<td width=\"95\"><\/td>\n<td colspan=\"2\" width=\"216\">6.5-10-10PR<\/td>\n<\/tr>\n<tr>\n<td width=\"249\">Raio m\u00ednimo de giro (externo)<\/td>\n<td width=\"95\">mm<\/td>\n<td width=\"103\">2400<\/td>\n<td width=\"112\">2420<\/td>\n<\/tr>\n<tr>\n<td width=\"249\">Largura m\u00ednima do corredor em \u00e2ngulo reto<\/td>\n<td width=\"95\">mm<\/td>\n<td colspan=\"2\" width=\"216\">4260<\/td>\n<\/tr>\n<tr>\n<td width=\"249\">Tamanho do garfo<\/td>\n<td width=\"95\">mm<\/td>\n<td colspan=\"2\" width=\"216\">1220X125X45<\/td>\n<\/tr>\n<tr>\n<td width=\"249\">Velocidade m\u00e1xima de trabalho (com carga total\/sem carga)<\/td>\n<td width=\"95\">km\/h<\/td>\n<td width=\"103\">18\/19<\/td>\n<td width=\"112\">19\/19<\/td>\n<\/tr>\n<tr>\n<td width=\"249\">Velocidade m\u00e1xima Velocidade (carga total\/sem carga)<\/td>\n<td width=\"95\">mm\/s<\/td>\n<td width=\"103\">440\/480<\/td>\n<td width=\"112\">330\/370<\/td>\n<\/tr>\n<tr>\n<td width=\"249\">Capacidade m\u00e1xima de nivelamento (carga total\/sem carga)<\/td>\n<td width=\"95\">%<\/td>\n<td colspan=\"2\" width=\"216\">15\/20<\/td>\n<\/tr>\n<tr>\n<td width=\"249\">Peso total<\/td>\n<td width=\"95\">kg<\/td>\n<td width=\"103\">4250<\/td>\n<td width=\"112\">4500<\/td>\n<\/tr>\n<tr>\n<td width=\"249\">Motor<\/td>\n<td width=\"95\"><\/td>\n<td colspan=\"2\" width=\"216\">xinchai 490,40KW<\/td>\n<\/tr>\n<tr>\n<td width=\"249\">Tipo de mudan\u00e7a de energia<\/td>\n<td width=\"95\"><\/td>\n<td colspan=\"2\" width=\"216\">Autom\u00e1tico<\/td>\n<\/tr>\n<\/tbody>\n<\/table>","protected":false},"featured_media":3817,"template":"","meta":{"_seopress_robots_primary_cat":"none","_seopress_titles_title":"","_seopress_titles_desc":"","_seopress_robots_index":"","_joinchat":[]},"product_cat":[54],"product_tag":[],"class_list":{"0":"post-3811","1":"product","2":"type-product","3":"status-publish","4":"has-post-thumbnail","6":"product_cat-other-products","8":"first","9":"instock","10":"shipping-taxable","11":"product-type-simple"},"_links":{"self":[{"href":"https:\/\/www.zhsmixer.com\/pt\/wp-json\/wp\/v2\/product\/3811"}],"collection":[{"href":"https:\/\/www.zhsmixer.com\/pt\/wp-json\/wp\/v2\/product"}],"about":[{"href":"https:\/\/www.zhsmixer.com\/pt\/wp-json\/wp\/v2\/types\/product"}],"version-history":[{"count":3,"href":"https:\/\/www.zhsmixer.com\/pt\/wp-json\/wp\/v2\/product\/3811\/revisions"}],"predecessor-version":[{"id":3865,"href":"https:\/\/www.zhsmixer.com\/pt\/wp-json\/wp\/v2\/product\/3811\/revisions\/3865"}],"wp:featuredmedia":[{"embeddable":true,"href":"https:\/\/www.zhsmixer.com\/pt\/wp-json\/wp\/v2\/media\/3817"}],"wp:attachment":[{"href":"https:\/\/www.zhsmixer.com\/pt\/wp-json\/wp\/v2\/media?parent=3811"}],"wp:term":[{"taxonomy":"product_cat","embeddable":true,"href":"https:\/\/www.zhsmixer.com\/pt\/wp-json\/wp\/v2\/product_cat?post=3811"},{"taxonomy":"product_tag","embeddable":true,"href":"https:\/\/www.zhsmixer.com\/pt\/wp-json\/wp\/v2\/product_tag?post=3811"}],"curies":[{"name":"wp","href":"https:\/\/api.w.org\/{rel}","templated":true}]}}