{"id":3801,"date":"2024-07-24T15:58:06","date_gmt":"2024-07-24T07:58:06","guid":{"rendered":"https:\/\/www.zhsmixer.com\/?post_type=product&#038;p=3801"},"modified":"2025-07-11T14:39:50","modified_gmt":"2025-07-11T06:39:50","slug":"2-2-5ton-diesel-forklift","status":"publish","type":"product","link":"https:\/\/www.zhsmixer.com\/pt\/produto\/2-2-5ton-diesel-forklift\/","title":{"rendered":"Empilhadeira a diesel de 2 a 2,5 toneladas"},"content":{"rendered":"","protected":false},"excerpt":{"rendered":"<table style=\"height: 706px;\" width=\"1871\">\n<tbody>\n<tr>\n<td width=\"263\">Modelo<\/td>\n<td width=\"53\">&nbsp;<\/td>\n<td width=\"110\">CPCD20<\/td>\n<td width=\"132\">CPCD25<\/td>\n<\/tr>\n<tr>\n<td width=\"263\">Carga nominal de eleva\u00e7\u00e3o<\/td>\n<td width=\"53\">kg<\/td>\n<td width=\"110\">2000<\/td>\n<td width=\"132\">2500<\/td>\n<\/tr>\n<tr>\n<td width=\"263\">Dist\u00e2ncia do centro de carga<\/td>\n<td width=\"53\">mm<\/td>\n<td colspan=\"2\" width=\"243\">500<\/td>\n<\/tr>\n<tr>\n<td width=\"263\">Altura de eleva\u00e7\u00e3o livre<\/td>\n<td width=\"53\">mm<\/td>\n<td colspan=\"2\" width=\"243\">150<\/td>\n<\/tr>\n<tr>\n<td width=\"263\">Comprimento total (com garfo\/sem garfo)<\/td>\n<td width=\"53\">mm<\/td>\n<td width=\"110\">3422\/2502<\/td>\n<td width=\"132\">3646\/2576<\/td>\n<\/tr>\n<tr>\n<td width=\"263\">Largura<\/td>\n<td width=\"53\">mm<\/td>\n<td colspan=\"2\" width=\"243\">1170<\/td>\n<\/tr>\n<tr>\n<td width=\"263\">Altura da prote\u00e7\u00e3o superior<\/td>\n<td width=\"53\">mm<\/td>\n<td colspan=\"2\" width=\"243\">2070<\/td>\n<\/tr>\n<tr>\n<td width=\"263\">Dist\u00e2ncia entre eixos<\/td>\n<td width=\"53\">mm<\/td>\n<td colspan=\"2\" width=\"243\">1600<\/td>\n<\/tr>\n<tr>\n<td width=\"263\">Dist\u00e2ncia m\u00ednima do solo<\/td>\n<td width=\"53\">mm<\/td>\n<td colspan=\"2\" width=\"243\">110<\/td>\n<\/tr>\n<tr>\n<td width=\"263\">\u00c2ngulo de inclina\u00e7\u00e3o do mastro (dianteiro\/traseiro)<\/td>\n<td width=\"53\">%<\/td>\n<td colspan=\"2\" width=\"243\">6\/12<\/td>\n<\/tr>\n<tr>\n<td width=\"263\">N\u00famero do pneu (dianteiro)<\/td>\n<td width=\"53\">&nbsp;<\/td>\n<td colspan=\"2\" width=\"243\">7,00X12-12PR<\/td>\n<\/tr>\n<tr>\n<td width=\"263\">N\u00famero do pneu (traseiro)<\/td>\n<td width=\"53\">&nbsp;<\/td>\n<td colspan=\"2\" width=\"243\">6.00X9-10PR<\/td>\n<\/tr>\n<tr>\n<td width=\"263\">Raio m\u00ednimo de giro (externo)<\/td>\n<td width=\"53\">mm<\/td>\n<td width=\"110\">2170<\/td>\n<td width=\"132\">2240<\/td>\n<\/tr>\n<tr>\n<td width=\"263\">Largura m\u00ednima do corredor em \u00e2ngulo reto<\/td>\n<td width=\"53\">mm<\/td>\n<td width=\"110\">3900<\/td>\n<td width=\"132\">3970<\/td>\n<\/tr>\n<tr>\n<td width=\"263\">Tamanho do garfo<\/td>\n<td width=\"53\">mm<\/td>\n<td colspan=\"2\" width=\"243\">1070X100X45<\/td>\n<\/tr>\n<tr>\n<td width=\"263\">Velocidade m\u00e1xima de trabalho (com carga total\/sem carga)<\/td>\n<td width=\"53\">km\/h<\/td>\n<td colspan=\"2\" width=\"243\">17\/19<\/td>\n<\/tr>\n<tr>\n<td width=\"263\">Velocidade m\u00e1xima Velocidade (carga total\/sem carga)<\/td>\n<td width=\"53\">mm\/s<\/td>\n<td colspan=\"2\" width=\"243\">530\/550<\/td>\n<\/tr>\n<tr>\n<td width=\"263\">Capacidade m\u00e1xima de nivelamento (carga total\/sem carga)<\/td>\n<td width=\"53\">%<\/td>\n<td colspan=\"2\" width=\"243\">20\/21<\/td>\n<\/tr>\n<tr>\n<td width=\"263\">Peso total<\/td>\n<td width=\"53\">kg<\/td>\n<td width=\"110\">3320<\/td>\n<td width=\"132\">3680<\/td>\n<\/tr>\n<tr>\n<td width=\"263\">Motor<\/td>\n<td width=\"53\">&nbsp;<\/td>\n<td colspan=\"2\" width=\"243\">xinchai 490,40KW<\/td>\n<\/tr>\n<tr>\n<td width=\"263\">Tipo de mudan\u00e7a de energia<\/td>\n<td width=\"53\">&nbsp;<\/td>\n<td colspan=\"2\" width=\"243\">Autom\u00e1tico<\/td>\n<\/tr>\n<\/tbody>\n<\/table>","protected":false},"featured_media":3809,"template":"","meta":{"_seopress_robots_primary_cat":"","_seopress_titles_title":"","_seopress_titles_desc":"","_seopress_robots_index":"","_joinchat":[]},"product_cat":[54],"product_tag":[],"class_list":{"0":"post-3801","1":"product","2":"type-product","3":"status-publish","4":"has-post-thumbnail","6":"product_cat-other-products","8":"first","9":"instock","10":"shipping-taxable","11":"product-type-simple"},"_links":{"self":[{"href":"https:\/\/www.zhsmixer.com\/pt\/wp-json\/wp\/v2\/product\/3801"}],"collection":[{"href":"https:\/\/www.zhsmixer.com\/pt\/wp-json\/wp\/v2\/product"}],"about":[{"href":"https:\/\/www.zhsmixer.com\/pt\/wp-json\/wp\/v2\/types\/product"}],"version-history":[{"count":2,"href":"https:\/\/www.zhsmixer.com\/pt\/wp-json\/wp\/v2\/product\/3801\/revisions"}],"predecessor-version":[{"id":3866,"href":"https:\/\/www.zhsmixer.com\/pt\/wp-json\/wp\/v2\/product\/3801\/revisions\/3866"}],"wp:featuredmedia":[{"embeddable":true,"href":"https:\/\/www.zhsmixer.com\/pt\/wp-json\/wp\/v2\/media\/3809"}],"wp:attachment":[{"href":"https:\/\/www.zhsmixer.com\/pt\/wp-json\/wp\/v2\/media?parent=3801"}],"wp:term":[{"taxonomy":"product_cat","embeddable":true,"href":"https:\/\/www.zhsmixer.com\/pt\/wp-json\/wp\/v2\/product_cat?post=3801"},{"taxonomy":"product_tag","embeddable":true,"href":"https:\/\/www.zhsmixer.com\/pt\/wp-json\/wp\/v2\/product_tag?post=3801"}],"curies":[{"name":"wp","href":"https:\/\/api.w.org\/{rel}","templated":true}]}}