{"id":3792,"date":"2024-07-24T15:54:23","date_gmt":"2024-07-24T07:54:23","guid":{"rendered":"https:\/\/www.zhsmixer.com\/?post_type=product&#038;p=3792"},"modified":"2025-07-11T14:40:00","modified_gmt":"2025-07-11T06:40:00","slug":"1-5ton-diesel-forklift","status":"publish","type":"product","link":"https:\/\/www.zhsmixer.com\/pt\/produto\/1-5ton-diesel-forklift\/","title":{"rendered":"Empilhadeira a diesel de 1,5 tonelada"},"content":{"rendered":"","protected":false},"excerpt":{"rendered":"<table style=\"height: 575px;\" width=\"1817\">\n<tbody>\n<tr>\n<td width=\"263\">Modelo<\/td>\n<td width=\"53\">&nbsp;<\/td>\n<td width=\"138\">CPCD15<\/td>\n<\/tr>\n<tr>\n<td width=\"263\">Carga nominal de eleva\u00e7\u00e3o<\/td>\n<td width=\"53\">kg<\/td>\n<td width=\"138\">1500<\/td>\n<\/tr>\n<tr>\n<td width=\"263\">Dist\u00e2ncia do centro de carga<\/td>\n<td width=\"53\">mm<\/td>\n<td width=\"138\">500<\/td>\n<\/tr>\n<tr>\n<td width=\"263\">Altura de eleva\u00e7\u00e3o livre<\/td>\n<td width=\"53\">mm<\/td>\n<td width=\"138\">100<\/td>\n<\/tr>\n<tr>\n<td width=\"263\">Comprimento total (com garfo\/sem garfo)<\/td>\n<td width=\"53\">mm<\/td>\n<td width=\"138\">3180\/2260<\/td>\n<\/tr>\n<tr>\n<td width=\"263\">Largura<\/td>\n<td width=\"53\">mm<\/td>\n<td width=\"138\">1090<\/td>\n<\/tr>\n<tr>\n<td width=\"263\">Altura da prote\u00e7\u00e3o superior<\/td>\n<td width=\"53\">mm<\/td>\n<td width=\"138\">2050<\/td>\n<\/tr>\n<tr>\n<td width=\"263\">Dist\u00e2ncia entre eixos<\/td>\n<td width=\"53\">mm<\/td>\n<td width=\"138\">1400<\/td>\n<\/tr>\n<tr>\n<td width=\"263\">Dist\u00e2ncia m\u00ednima do solo<\/td>\n<td width=\"53\">mm<\/td>\n<td width=\"138\">110<\/td>\n<\/tr>\n<tr>\n<td width=\"263\">\u00c2ngulo de inclina\u00e7\u00e3o do mastro (dianteiro\/traseiro)<\/td>\n<td width=\"53\">%<\/td>\n<td width=\"138\">6\/12<\/td>\n<\/tr>\n<tr>\n<td width=\"263\">N\u00famero do pneu (dianteiro)<\/td>\n<td width=\"53\">&nbsp;<\/td>\n<td width=\"138\">6.5-10-10PR<\/td>\n<\/tr>\n<tr>\n<td width=\"263\">N\u00famero do pneu (traseiro)<\/td>\n<td width=\"53\">&nbsp;<\/td>\n<td width=\"138\">5.00-8-10PR<\/td>\n<\/tr>\n<tr>\n<td width=\"263\">Raio m\u00ednimo de giro (externo)<\/td>\n<td width=\"53\">mm<\/td>\n<td width=\"138\">1950<\/td>\n<\/tr>\n<tr>\n<td width=\"263\">Largura m\u00ednima do corredor em \u00e2ngulo reto<\/td>\n<td width=\"53\">mm<\/td>\n<td width=\"138\">3630<\/td>\n<\/tr>\n<tr>\n<td width=\"263\">Tamanho do garfo<\/td>\n<td width=\"53\">mm<\/td>\n<td width=\"138\">1070X100X45<\/td>\n<\/tr>\n<tr>\n<td width=\"263\">Velocidade m\u00e1xima de trabalho (com carga total\/sem carga)<\/td>\n<td width=\"53\">km\/h<\/td>\n<td width=\"138\">14\/15<\/td>\n<\/tr>\n<tr>\n<td width=\"263\">Velocidade m\u00e1xima Velocidade (carga total\/sem carga)<\/td>\n<td width=\"53\">mm\/s<\/td>\n<td width=\"138\">500\/480<\/td>\n<\/tr>\n<tr>\n<td width=\"263\">Capacidade m\u00e1xima de nivelamento (carga total\/sem carga)<\/td>\n<td width=\"53\">%<\/td>\n<td width=\"138\">20\/21<\/td>\n<\/tr>\n<tr>\n<td width=\"263\">Peso total<\/td>\n<td width=\"53\">kg<\/td>\n<td width=\"138\">2900<\/td>\n<\/tr>\n<tr>\n<td width=\"263\">Motor<\/td>\n<td width=\"53\">&nbsp;<\/td>\n<td width=\"138\">xinchai 485 30KW<\/td>\n<\/tr>\n<tr>\n<td width=\"263\">Tipo de mudan\u00e7a de energia<\/td>\n<td width=\"53\">&nbsp;<\/td>\n<td width=\"138\">Autom\u00e1tico<\/td>\n<\/tr>\n<\/tbody>\n<\/table>","protected":false},"featured_media":3799,"template":"","meta":{"_seopress_robots_primary_cat":"","_seopress_titles_title":"","_seopress_titles_desc":"","_seopress_robots_index":"","_joinchat":[]},"product_cat":[54],"product_tag":[],"class_list":{"0":"post-3792","1":"product","2":"type-product","3":"status-publish","4":"has-post-thumbnail","6":"product_cat-other-products","8":"first","9":"instock","10":"shipping-taxable","11":"product-type-simple"},"_links":{"self":[{"href":"https:\/\/www.zhsmixer.com\/pt\/wp-json\/wp\/v2\/product\/3792"}],"collection":[{"href":"https:\/\/www.zhsmixer.com\/pt\/wp-json\/wp\/v2\/product"}],"about":[{"href":"https:\/\/www.zhsmixer.com\/pt\/wp-json\/wp\/v2\/types\/product"}],"version-history":[{"count":1,"href":"https:\/\/www.zhsmixer.com\/pt\/wp-json\/wp\/v2\/product\/3792\/revisions"}],"predecessor-version":[{"id":3800,"href":"https:\/\/www.zhsmixer.com\/pt\/wp-json\/wp\/v2\/product\/3792\/revisions\/3800"}],"wp:featuredmedia":[{"embeddable":true,"href":"https:\/\/www.zhsmixer.com\/pt\/wp-json\/wp\/v2\/media\/3799"}],"wp:attachment":[{"href":"https:\/\/www.zhsmixer.com\/pt\/wp-json\/wp\/v2\/media?parent=3792"}],"wp:term":[{"taxonomy":"product_cat","embeddable":true,"href":"https:\/\/www.zhsmixer.com\/pt\/wp-json\/wp\/v2\/product_cat?post=3792"},{"taxonomy":"product_tag","embeddable":true,"href":"https:\/\/www.zhsmixer.com\/pt\/wp-json\/wp\/v2\/product_tag?post=3792"}],"curies":[{"name":"wp","href":"https:\/\/api.w.org\/{rel}","templated":true}]}}