{"id":3560,"date":"2024-07-22T17:23:13","date_gmt":"2024-07-22T09:23:13","guid":{"rendered":"https:\/\/www.zhsmixer.com\/?post_type=product&#038;p=3560"},"modified":"2024-08-26T21:04:22","modified_gmt":"2024-08-26T13:04:22","slug":"hy480-mini-skid-steer-loader","status":"publish","type":"product","link":"https:\/\/www.zhsmixer.com\/pt\/produto\/minicarregadeira-hy480\/","title":{"rendered":"Mini carregadeira de dire\u00e7\u00e3o deslizante HY480"},"content":{"rendered":"","protected":false},"excerpt":{"rendered":"<table style=\"border-collapse: collapse; width: 1700px; height: 95px;\" border=\"0\" width=\"523\" cellspacing=\"0\" cellpadding=\"0\">\n<tbody>\n<tr style=\"height: 17.25pt;\">\n<td class=\"et2\" style=\"height: 17.25pt; width: 392.70pt;\" colspan=\"2\" width=\"523\" height=\"23\">FUN\u00c7\u00c3O<\/td>\n<\/tr>\n<tr style=\"height: 18.00pt;\">\n<td class=\"et4\" style=\"height: 18.00pt;\" height=\"24\">Carga nominal<\/td>\n<td class=\"et5\">480KG<\/td>\n<\/tr>\n<tr style=\"height: 18.00pt;\">\n<td class=\"et4\" style=\"height: 18.00pt;\" height=\"24\">Capacidade da ca\u00e7amba<\/td>\n<td class=\"et5\">0.2m3<\/td>\n<\/tr>\n<tr style=\"height: 18.00pt;\">\n<td class=\"et4\" style=\"height: 18.00pt;\" height=\"24\">For\u00e7a m\u00e1xima de eleva\u00e7\u00e3o<\/td>\n<td class=\"et5\">1200KG<\/td>\n<\/tr>\n<tr style=\"height: 18.00pt;\">\n<td class=\"et4\" style=\"height: 18.00pt;\" height=\"24\">Velocidade de trabalho<\/td>\n<td class=\"et5\">0-6,5km\/h<\/td>\n<\/tr>\n<tr style=\"height: 18.00pt;\">\n<td class=\"et4\" style=\"height: 18.00pt;\" height=\"24\">Press\u00e3o nominal<\/td>\n<td class=\"et5\">21Mpa<\/td>\n<\/tr>\n<tr style=\"height: 18.00pt;\">\n<td class=\"et4\" style=\"height: 18.00pt;\" height=\"24\">Tempo de levantamento<\/td>\n<td class=\"et5\">4.3s<\/td>\n<\/tr>\n<tr style=\"height: 18.00pt;\">\n<td class=\"et4\" style=\"height: 18.00pt;\" height=\"24\">Tempo decrescente<\/td>\n<td class=\"et5\">3.3s<\/td>\n<\/tr>\n<tr style=\"height: 18.00pt;\">\n<td class=\"et4\" style=\"height: 18.00pt;\" height=\"24\">Hora da gorjeta<\/td>\n<td class=\"et5\">1.5s<\/td>\n<\/tr>\n<tr style=\"height: 18.00pt;\">\n<td class=\"et4\" style=\"height: 18.00pt;\" height=\"24\">Capacidade de escalada<\/td>\n<td class=\"et6\">30%<\/td>\n<\/tr>\n<tr style=\"height: 18.00pt;\">\n<td class=\"et4\" style=\"height: 18.00pt;\" height=\"24\">Peso de trabalho<\/td>\n<td class=\"et5\">1300KG<\/td>\n<\/tr>\n<tr style=\"height: 17.25pt;\">\n<td class=\"et7\" style=\"height: 17.25pt;\" colspan=\"2\" height=\"23\">MOTOR<\/td>\n<\/tr>\n<tr style=\"height: 18.00pt;\">\n<td class=\"et4\" style=\"height: 18.00pt;\" height=\"24\">Marca<\/td>\n<td class=\"et5\">Kubota \/ Perkins<\/td>\n<\/tr>\n<tr style=\"height: 18.00pt;\">\n<td class=\"et4\" style=\"height: 18.00pt;\" height=\"24\">Modelo<\/td>\n<td class=\"et5\">D1105\/403J-11<\/td>\n<\/tr>\n<tr style=\"height: 18.00pt;\">\n<td class=\"et4\" style=\"height: 18.00pt;\" height=\"24\">Pot\u00eancia de sa\u00edda<\/td>\n<td class=\"et5\">18,2KW\/3000rpm; 18,4KW\/2800rpm<\/td>\n<\/tr>\n<tr style=\"height: 18.00pt;\">\n<td class=\"et4\" style=\"height: 18.00pt;\" height=\"24\">Torque m\u00e1ximo<\/td>\n<td class=\"et5\">70,4Nm\/2200rpm ; 66,9Nm\/2100rpm<\/td>\n<\/tr>\n<tr style=\"height: 18.00pt;\">\n<td class=\"et4\" style=\"height: 18.00pt;\" height=\"24\">\u00d3leo do motor<\/td>\n<td class=\"et5\">5.1L\/4L<\/td>\n<\/tr>\n<tr style=\"height: 17.25pt;\">\n<td class=\"et7\" style=\"height: 17.25pt;\" colspan=\"2\" height=\"23\">CAPACIDADE<\/td>\n<\/tr>\n<tr style=\"height: 18.00pt;\">\n<td class=\"et4\" style=\"height: 18.00pt;\" height=\"24\">Tanque de combust\u00edvel<\/td>\n<td class=\"et5\">35 L<\/td>\n<\/tr>\n<tr style=\"height: 18.00pt;\">\n<td class=\"et4\" style=\"height: 18.00pt;\" height=\"24\">Tanque de \u00f3leo hidr\u00e1ulico<\/td>\n<td class=\"et5\">25L<\/td>\n<\/tr>\n<\/tbody>\n<\/table>","protected":false},"featured_media":3563,"template":"","meta":{"_seopress_robots_primary_cat":"","_seopress_titles_title":"","_seopress_titles_desc":"","_seopress_robots_index":"","_joinchat":[]},"product_cat":[38],"product_tag":[],"class_list":{"0":"post-3560","1":"product","2":"type-product","3":"status-publish","4":"has-post-thumbnail","6":"product_cat-mini-skid-loader-dumper","8":"first","9":"instock","10":"shipping-taxable","11":"product-type-simple"},"_links":{"self":[{"href":"https:\/\/www.zhsmixer.com\/pt\/wp-json\/wp\/v2\/product\/3560"}],"collection":[{"href":"https:\/\/www.zhsmixer.com\/pt\/wp-json\/wp\/v2\/product"}],"about":[{"href":"https:\/\/www.zhsmixer.com\/pt\/wp-json\/wp\/v2\/types\/product"}],"version-history":[{"count":2,"href":"https:\/\/www.zhsmixer.com\/pt\/wp-json\/wp\/v2\/product\/3560\/revisions"}],"predecessor-version":[{"id":4098,"href":"https:\/\/www.zhsmixer.com\/pt\/wp-json\/wp\/v2\/product\/3560\/revisions\/4098"}],"wp:featuredmedia":[{"embeddable":true,"href":"https:\/\/www.zhsmixer.com\/pt\/wp-json\/wp\/v2\/media\/3563"}],"wp:attachment":[{"href":"https:\/\/www.zhsmixer.com\/pt\/wp-json\/wp\/v2\/media?parent=3560"}],"wp:term":[{"taxonomy":"product_cat","embeddable":true,"href":"https:\/\/www.zhsmixer.com\/pt\/wp-json\/wp\/v2\/product_cat?post=3560"},{"taxonomy":"product_tag","embeddable":true,"href":"https:\/\/www.zhsmixer.com\/pt\/wp-json\/wp\/v2\/product_tag?post=3560"}],"curies":[{"name":"wp","href":"https:\/\/api.w.org\/{rel}","templated":true}]}}