{"id":2222,"date":"2024-04-01T20:05:59","date_gmt":"2024-04-01T12:05:59","guid":{"rendered":"https:\/\/www.zhsmixer.com\/?post_type=product&#038;p=2222"},"modified":"2024-05-16T20:34:40","modified_gmt":"2024-05-16T12:34:40","slug":"zhs70f-rough-terrain-forklift","status":"publish","type":"product","link":"https:\/\/www.zhsmixer.com\/pt\/produto\/zhs70f-rough-terrain-forklift\/","title":{"rendered":"ZHS70F Empilhadeira para terrenos acidentados"},"content":{"rendered":"","protected":false},"excerpt":{"rendered":"<table width=\"332\">\n<tbody>\n<tr>\n<td width=\"169\">Nome do produto<\/td>\n<td width=\"163\">\u00a0 \u00a0 Empilhadeira fora de estrada<\/td>\n<\/tr>\n<tr>\n<td width=\"169\">Modelo<\/td>\n<td width=\"163\">ZHS70F<\/td>\n<\/tr>\n<tr>\n<td width=\"169\">Tamanho<\/td>\n<td width=\"163\">4400 x 2300 x 2900 mm<\/td>\n<\/tr>\n<tr>\n<td width=\"169\">Peso do meio-fio<\/td>\n<td width=\"163\">8000 KG<\/td>\n<\/tr>\n<tr>\n<td width=\"169\">Comprimento do garfo<\/td>\n<td width=\"163\">\u00a01520 mm<\/td>\n<\/tr>\n<tr>\n<td width=\"169\">\u00c2ngulo de escalada<\/td>\n<td width=\"163\">\u00a0\u226438\u00b0<\/td>\n<\/tr>\n<tr>\n<td width=\"169\">For\u00e7a nominal de eleva\u00e7\u00e3o<\/td>\n<td width=\"163\">\u00a07000kg<\/td>\n<\/tr>\n<tr>\n<td width=\"169\">Altura de eleva\u00e7\u00e3o<\/td>\n<td width=\"163\">\u00a03000-6000mm<\/td>\n<\/tr>\n<tr>\n<td width=\"169\">dist\u00e2ncia do solo<\/td>\n<td width=\"163\">350 mm<\/td>\n<\/tr>\n<tr>\n<td width=\"169\">Eixo<\/td>\n<td width=\"163\">Ponte de a\u00e7o com rodas grandes<\/td>\n<\/tr>\n<tr>\n<td width=\"169\">Pneu<\/td>\n<td width=\"163\">\u00a0Pneus 16\/70-R20.5<br \/>\n(Frente dupla)<\/td>\n<\/tr>\n<tr>\n<td width=\"169\">Modo de dire\u00e7\u00e3o<\/td>\n<td width=\"163\">\u00a0Tra\u00e7\u00e3o nas seis rodas<\/td>\n<\/tr>\n<tr>\n<td width=\"169\">Modelo do motor<\/td>\n<td width=\"163\">Superalimentador YUCHAI<\/td>\n<\/tr>\n<tr>\n<td width=\"169\">Pot\u00eancia do motor<\/td>\n<td width=\"163\">91 KW<\/td>\n<\/tr>\n<tr>\n<td width=\"169\">Volume do tanque de combust\u00edvel<\/td>\n<td width=\"163\">80 L<\/td>\n<\/tr>\n<\/tbody>\n<\/table>","protected":false},"featured_media":2233,"template":"","meta":{"_seopress_robots_primary_cat":"none","_seopress_titles_title":"","_seopress_titles_desc":"","_seopress_robots_index":"","_joinchat":[]},"product_cat":[34],"product_tag":[],"class_list":{"0":"post-2222","1":"product","2":"type-product","3":"status-publish","4":"has-post-thumbnail","6":"product_cat-off-road-forklift","8":"first","9":"instock","10":"shipping-taxable","11":"product-type-simple"},"_links":{"self":[{"href":"https:\/\/www.zhsmixer.com\/pt\/wp-json\/wp\/v2\/product\/2222"}],"collection":[{"href":"https:\/\/www.zhsmixer.com\/pt\/wp-json\/wp\/v2\/product"}],"about":[{"href":"https:\/\/www.zhsmixer.com\/pt\/wp-json\/wp\/v2\/types\/product"}],"version-history":[{"count":7,"href":"https:\/\/www.zhsmixer.com\/pt\/wp-json\/wp\/v2\/product\/2222\/revisions"}],"predecessor-version":[{"id":3112,"href":"https:\/\/www.zhsmixer.com\/pt\/wp-json\/wp\/v2\/product\/2222\/revisions\/3112"}],"wp:featuredmedia":[{"embeddable":true,"href":"https:\/\/www.zhsmixer.com\/pt\/wp-json\/wp\/v2\/media\/2233"}],"wp:attachment":[{"href":"https:\/\/www.zhsmixer.com\/pt\/wp-json\/wp\/v2\/media?parent=2222"}],"wp:term":[{"taxonomy":"product_cat","embeddable":true,"href":"https:\/\/www.zhsmixer.com\/pt\/wp-json\/wp\/v2\/product_cat?post=2222"},{"taxonomy":"product_tag","embeddable":true,"href":"https:\/\/www.zhsmixer.com\/pt\/wp-json\/wp\/v2\/product_tag?post=2222"}],"curies":[{"name":"wp","href":"https:\/\/api.w.org\/{rel}","templated":true}]}}