{"id":2206,"date":"2024-04-01T18:13:54","date_gmt":"2024-04-01T10:13:54","guid":{"rendered":"https:\/\/www.zhsmixer.com\/?post_type=product&#038;p=2206"},"modified":"2024-05-16T20:33:59","modified_gmt":"2024-05-16T12:33:59","slug":"zhs40f-rough-terrain-forklift","status":"publish","type":"product","link":"https:\/\/www.zhsmixer.com\/pt\/produto\/empilhadeira-para-terrenos-acidentados-zhs40f\/","title":{"rendered":"ZHS40F Empilhadeira para terrenos acidentados"},"content":{"rendered":"","protected":false},"excerpt":{"rendered":"<table width=\"314\">\n<tbody>\n<tr>\n<td width=\"140\">Nome do produto<\/td>\n<td width=\"174\">\u00a0 \u00a0 Empilhadeira fora de estrada<\/td>\n<\/tr>\n<tr>\n<td width=\"140\">Modelo<\/td>\n<td width=\"174\">ZHS40F<\/td>\n<\/tr>\n<tr>\n<td width=\"140\">Tamanho<\/td>\n<td width=\"174\">4400*1850*2800mm<\/td>\n<\/tr>\n<tr>\n<td width=\"140\">Peso do meio-fio<\/td>\n<td width=\"174\">\u00a05500 kg<\/td>\n<\/tr>\n<tr>\n<td width=\"140\">Comprimento do garfo<\/td>\n<td width=\"174\">\u00a01220 mm<\/td>\n<\/tr>\n<tr>\n<td width=\"140\">\u00c2ngulo de escalada<\/td>\n<td width=\"174\">\u00a0\u226438\u00b0<\/td>\n<\/tr>\n<tr>\n<td width=\"140\">For\u00e7a nominal de eleva\u00e7\u00e3o<\/td>\n<td width=\"174\">\u00a04000 kg<\/td>\n<\/tr>\n<tr>\n<td width=\"140\">Altura de eleva\u00e7\u00e3o<\/td>\n<td width=\"174\">\u00a03000-6000mm<\/td>\n<\/tr>\n<tr>\n<td width=\"140\">dist\u00e2ncia do solo<\/td>\n<td width=\"174\">350 mm<\/td>\n<\/tr>\n<tr>\n<td width=\"140\">Eixo<\/td>\n<td width=\"174\">Ponte de a\u00e7o da roda central<\/td>\n<\/tr>\n<tr>\n<td width=\"140\">Pneu<\/td>\n<td width=\"174\">\u00a0Pneus 16\/70-20<\/td>\n<\/tr>\n<tr>\n<td width=\"140\">Modo de dire\u00e7\u00e3o<\/td>\n<td width=\"174\">\u00a0Tra\u00e7\u00e3o nas quatro rodas<\/td>\n<\/tr>\n<tr>\n<td width=\"140\">Modelo do motor<\/td>\n<td width=\"174\">YUNNEI(4102 supercharger)<\/td>\n<\/tr>\n<tr>\n<td width=\"140\">Pot\u00eancia do motor<\/td>\n<td width=\"174\">\u00a065 KW<\/td>\n<\/tr>\n<tr>\n<td width=\"140\">Volume do tanque de combust\u00edvel<\/td>\n<td width=\"174\">\u00a060 L<\/td>\n<\/tr>\n<\/tbody>\n<\/table>","protected":false},"featured_media":2207,"template":"","meta":{"_seopress_robots_primary_cat":"none","_seopress_titles_title":"","_seopress_titles_desc":"","_seopress_robots_index":"","_joinchat":[]},"product_cat":[34],"product_tag":[],"class_list":{"0":"post-2206","1":"product","2":"type-product","3":"status-publish","4":"has-post-thumbnail","6":"product_cat-off-road-forklift","8":"first","9":"instock","10":"shipping-taxable","11":"product-type-simple"},"_links":{"self":[{"href":"https:\/\/www.zhsmixer.com\/pt\/wp-json\/wp\/v2\/product\/2206"}],"collection":[{"href":"https:\/\/www.zhsmixer.com\/pt\/wp-json\/wp\/v2\/product"}],"about":[{"href":"https:\/\/www.zhsmixer.com\/pt\/wp-json\/wp\/v2\/types\/product"}],"version-history":[{"count":7,"href":"https:\/\/www.zhsmixer.com\/pt\/wp-json\/wp\/v2\/product\/2206\/revisions"}],"predecessor-version":[{"id":3103,"href":"https:\/\/www.zhsmixer.com\/pt\/wp-json\/wp\/v2\/product\/2206\/revisions\/3103"}],"wp:featuredmedia":[{"embeddable":true,"href":"https:\/\/www.zhsmixer.com\/pt\/wp-json\/wp\/v2\/media\/2207"}],"wp:attachment":[{"href":"https:\/\/www.zhsmixer.com\/pt\/wp-json\/wp\/v2\/media?parent=2206"}],"wp:term":[{"taxonomy":"product_cat","embeddable":true,"href":"https:\/\/www.zhsmixer.com\/pt\/wp-json\/wp\/v2\/product_cat?post=2206"},{"taxonomy":"product_tag","embeddable":true,"href":"https:\/\/www.zhsmixer.com\/pt\/wp-json\/wp\/v2\/product_tag?post=2206"}],"curies":[{"name":"wp","href":"https:\/\/api.w.org\/{rel}","templated":true}]}}