{"id":2117,"date":"2024-03-27T16:35:49","date_gmt":"2024-03-27T08:35:49","guid":{"rendered":"https:\/\/www.zhsmixer.com\/?post_type=product&#038;p=2117"},"modified":"2024-05-16T17:58:39","modified_gmt":"2024-05-16T09:58:39","slug":"zhs6500l-self-loading-concrete-mixer","status":"publish","type":"product","link":"https:\/\/www.zhsmixer.com\/pt\/produto\/zhs6500l-self-loading-concrete-mixer\/","title":{"rendered":"Zhs6500L Misturador de concreto com carregamento autom\u00e1tico"},"content":{"rendered":"","protected":false},"excerpt":{"rendered":"<table width=\"275\">\n<tbody>\n<tr>\n<td width=\"134\"><\/td>\n<td width=\"141\">ZHS6500L<\/td>\n<\/tr>\n<tr>\n<td width=\"134\">Motor<br \/>\n(Cummins Opcional)<\/td>\n<td width=\"141\">Yuchai Diesel Turbo 6-Cylinder 92kw-Intercooled<\/td>\n<\/tr>\n<tr>\n<td>Volume total do tambor<\/td>\n<td>6500L<\/td>\n<\/tr>\n<tr>\n<td width=\"134\">Velocidade m\u00e1xima de rota\u00e7\u00e3o do tambor<\/td>\n<td width=\"141\">0-22 rpm<\/td>\n<\/tr>\n<tr>\n<td>Pneu (dianteiro-2)<\/td>\n<td>16\/70-R22.5<\/td>\n<\/tr>\n<tr>\n<td width=\"134\">Peso<\/td>\n<td width=\"141\">11000 kg<\/td>\n<\/tr>\n<tr>\n<td>Capacidade da ca\u00e7amba<\/td>\n<td>0.65 m\u00b3<\/td>\n<\/tr>\n<tr>\n<td width=\"134\">Capacidade de gradua\u00e7\u00e3o em grau<\/td>\n<td width=\"141\">30\u00b0 (totalmente)<\/td>\n<\/tr>\n<tr>\n<td>Velocidade do ve\u00edculo<\/td>\n<td>0-32km\/hr<\/td>\n<\/tr>\n<tr>\n<td>Sistema de freios<\/td>\n<td>Disco calibrador<\/td>\n<\/tr>\n<tr>\n<td>Dirigir<\/td>\n<td>Tra\u00e7\u00e3o nas rodas 4\u00d74<\/td>\n<\/tr>\n<\/tbody>\n<\/table>","protected":false},"featured_media":2380,"template":"","meta":{"_seopress_robots_primary_cat":"none","_seopress_titles_title":"","_seopress_titles_desc":"","_seopress_robots_index":"","_joinchat":[]},"product_cat":[21],"product_tag":[],"class_list":{"0":"post-2117","1":"product","2":"type-product","3":"status-publish","4":"has-post-thumbnail","6":"product_cat-self-loading-concrete-mixer","8":"first","9":"instock","10":"shipping-taxable","11":"product-type-simple"},"_links":{"self":[{"href":"https:\/\/www.zhsmixer.com\/pt\/wp-json\/wp\/v2\/product\/2117"}],"collection":[{"href":"https:\/\/www.zhsmixer.com\/pt\/wp-json\/wp\/v2\/product"}],"about":[{"href":"https:\/\/www.zhsmixer.com\/pt\/wp-json\/wp\/v2\/types\/product"}],"version-history":[{"count":9,"href":"https:\/\/www.zhsmixer.com\/pt\/wp-json\/wp\/v2\/product\/2117\/revisions"}],"predecessor-version":[{"id":3055,"href":"https:\/\/www.zhsmixer.com\/pt\/wp-json\/wp\/v2\/product\/2117\/revisions\/3055"}],"wp:featuredmedia":[{"embeddable":true,"href":"https:\/\/www.zhsmixer.com\/pt\/wp-json\/wp\/v2\/media\/2380"}],"wp:attachment":[{"href":"https:\/\/www.zhsmixer.com\/pt\/wp-json\/wp\/v2\/media?parent=2117"}],"wp:term":[{"taxonomy":"product_cat","embeddable":true,"href":"https:\/\/www.zhsmixer.com\/pt\/wp-json\/wp\/v2\/product_cat?post=2117"},{"taxonomy":"product_tag","embeddable":true,"href":"https:\/\/www.zhsmixer.com\/pt\/wp-json\/wp\/v2\/product_tag?post=2117"}],"curies":[{"name":"wp","href":"https:\/\/api.w.org\/{rel}","templated":true}]}}