{"id":2096,"date":"2024-03-27T15:32:02","date_gmt":"2024-03-27T07:32:02","guid":{"rendered":"https:\/\/www.zhsmixer.com\/?post_type=product&#038;p=2096"},"modified":"2024-05-16T17:58:04","modified_gmt":"2024-05-16T09:58:04","slug":"zhs3200l-f-self-loading-concrete-mixer","status":"publish","type":"product","link":"https:\/\/www.zhsmixer.com\/pt\/produto\/zhs3200l-f-misturador-de-concreto-com-carregamento-automatico\/","title":{"rendered":"Zhs3200L-F Misturador de concreto com carregamento autom\u00e1tico"},"content":{"rendered":"","protected":false},"excerpt":{"rendered":"<table>\n<tbody>\n<tr>\n<td width=\"189\"><\/td>\n<td width=\"250\">ZHS3200L-F<\/td>\n<\/tr>\n<tr>\n<td width=\"189\">Motor<br \/>\n(Cummins Opcional)<\/td>\n<td width=\"250\">Yuchai Diesel<br \/>\nTurbo de 4 cilindros e 78 kW com resfriamento interno<\/td>\n<\/tr>\n<tr>\n<td width=\"189\">Volume total do tambor<\/td>\n<td width=\"250\">3200L<\/td>\n<\/tr>\n<tr>\n<td width=\"189\">Velocidade m\u00e1xima de rota\u00e7\u00e3o do tambor<\/td>\n<td width=\"250\">0-20 rpm<\/td>\n<\/tr>\n<tr>\n<td width=\"189\">Pneu<\/td>\n<td width=\"250\">16\/70-R22.5<\/td>\n<\/tr>\n<tr>\n<td width=\"189\">Peso<\/td>\n<td width=\"250\">7500 kg<\/td>\n<\/tr>\n<tr>\n<td width=\"189\">Capacidade de gradua\u00e7\u00e3o em grau<\/td>\n<td width=\"250\">30\u00b0 (totalmente)<\/td>\n<\/tr>\n<tr>\n<td width=\"189\">Velocidade do ve\u00edculo<\/td>\n<td width=\"250\">0-32km\/hr<\/td>\n<\/tr>\n<tr>\n<td width=\"189\">Sistema de freios<\/td>\n<td width=\"250\">Disco calibrador<\/td>\n<\/tr>\n<tr>\n<td width=\"189\">Dirigir<\/td>\n<td width=\"250\">Tra\u00e7\u00e3o nas rodas 4\u00d74<\/td>\n<\/tr>\n<\/tbody>\n<\/table>","protected":false},"featured_media":2358,"template":"","meta":{"_seopress_robots_primary_cat":"none","_seopress_titles_title":"","_seopress_titles_desc":"","_seopress_robots_index":"","_joinchat":[]},"product_cat":[21],"product_tag":[],"class_list":{"0":"post-2096","1":"product","2":"type-product","3":"status-publish","4":"has-post-thumbnail","6":"product_cat-self-loading-concrete-mixer","8":"first","9":"instock","10":"shipping-taxable","11":"product-type-simple"},"_links":{"self":[{"href":"https:\/\/www.zhsmixer.com\/pt\/wp-json\/wp\/v2\/product\/2096"}],"collection":[{"href":"https:\/\/www.zhsmixer.com\/pt\/wp-json\/wp\/v2\/product"}],"about":[{"href":"https:\/\/www.zhsmixer.com\/pt\/wp-json\/wp\/v2\/types\/product"}],"version-history":[{"count":8,"href":"https:\/\/www.zhsmixer.com\/pt\/wp-json\/wp\/v2\/product\/2096\/revisions"}],"predecessor-version":[{"id":3043,"href":"https:\/\/www.zhsmixer.com\/pt\/wp-json\/wp\/v2\/product\/2096\/revisions\/3043"}],"wp:featuredmedia":[{"embeddable":true,"href":"https:\/\/www.zhsmixer.com\/pt\/wp-json\/wp\/v2\/media\/2358"}],"wp:attachment":[{"href":"https:\/\/www.zhsmixer.com\/pt\/wp-json\/wp\/v2\/media?parent=2096"}],"wp:term":[{"taxonomy":"product_cat","embeddable":true,"href":"https:\/\/www.zhsmixer.com\/pt\/wp-json\/wp\/v2\/product_cat?post=2096"},{"taxonomy":"product_tag","embeddable":true,"href":"https:\/\/www.zhsmixer.com\/pt\/wp-json\/wp\/v2\/product_tag?post=2096"}],"curies":[{"name":"wp","href":"https:\/\/api.w.org\/{rel}","templated":true}]}}