{"id":2072,"date":"2024-03-27T14:35:48","date_gmt":"2024-03-27T06:35:48","guid":{"rendered":"https:\/\/www.zhsmixer.com\/?post_type=product&#038;p=2072"},"modified":"2024-05-16T17:58:47","modified_gmt":"2024-05-16T09:58:47","slug":"zhs2500l-self-loading-concrete-mixer","status":"publish","type":"product","link":"https:\/\/www.zhsmixer.com\/pt\/produto\/misturador-de-concreto-com-carregamento-automatico-zhs2500l\/","title":{"rendered":"Zhs2500L Misturador de concreto com carregamento autom\u00e1tico"},"content":{"rendered":"","protected":false},"excerpt":{"rendered":"<table>\n<tbody>\n<tr>\n<td width=\"189\"><\/td>\n<td width=\"250\">ZHS2500L<\/td>\n<\/tr>\n<tr>\n<td width=\"189\">Motor<br \/>\n(Cummins Opcional)<\/td>\n<td width=\"250\">Yuchai Diesel<br \/>\nTurbo de 4 cilindros e 72 kW com resfriamento interno<\/td>\n<\/tr>\n<tr>\n<td width=\"189\">Volume total do tambor<\/td>\n<td width=\"250\">2500L<\/td>\n<\/tr>\n<tr>\n<td width=\"189\">Velocidade m\u00e1xima de rota\u00e7\u00e3o do tambor<\/td>\n<td width=\"250\">0-18 rpm<\/td>\n<\/tr>\n<tr>\n<td width=\"189\">Pneu<\/td>\n<td width=\"250\">16\/70-R20.5<\/td>\n<\/tr>\n<tr>\n<td width=\"189\">Peso<\/td>\n<td width=\"250\">6200 kg<\/td>\n<\/tr>\n<tr>\n<td width=\"189\">Capacidade de gradua\u00e7\u00e3o em grau<\/td>\n<td width=\"250\">30\u00b0 (totalmente)<\/td>\n<\/tr>\n<tr>\n<td width=\"189\">Velocidade do ve\u00edculo<\/td>\n<td width=\"250\">0-32km\/hr<\/td>\n<\/tr>\n<tr>\n<td width=\"189\">Sistema de freios<\/td>\n<td width=\"250\">Disco calibrador<\/td>\n<\/tr>\n<tr>\n<td width=\"189\">Dirigir<\/td>\n<td width=\"250\">Tra\u00e7\u00e3o nas rodas 4\u00d74<\/td>\n<\/tr>\n<\/tbody>\n<\/table>","protected":false},"featured_media":2079,"template":"","meta":{"_seopress_robots_primary_cat":"none","_seopress_titles_title":"","_seopress_titles_desc":"","_seopress_robots_index":"","_joinchat":[]},"product_cat":[21],"product_tag":[],"class_list":{"0":"post-2072","1":"product","2":"type-product","3":"status-publish","4":"has-post-thumbnail","6":"product_cat-self-loading-concrete-mixer","8":"first","9":"instock","10":"shipping-taxable","11":"product-type-simple"},"_links":{"self":[{"href":"https:\/\/www.zhsmixer.com\/pt\/wp-json\/wp\/v2\/product\/2072"}],"collection":[{"href":"https:\/\/www.zhsmixer.com\/pt\/wp-json\/wp\/v2\/product"}],"about":[{"href":"https:\/\/www.zhsmixer.com\/pt\/wp-json\/wp\/v2\/types\/product"}],"version-history":[{"count":7,"href":"https:\/\/www.zhsmixer.com\/pt\/wp-json\/wp\/v2\/product\/2072\/revisions"}],"predecessor-version":[{"id":3061,"href":"https:\/\/www.zhsmixer.com\/pt\/wp-json\/wp\/v2\/product\/2072\/revisions\/3061"}],"wp:featuredmedia":[{"embeddable":true,"href":"https:\/\/www.zhsmixer.com\/pt\/wp-json\/wp\/v2\/media\/2079"}],"wp:attachment":[{"href":"https:\/\/www.zhsmixer.com\/pt\/wp-json\/wp\/v2\/media?parent=2072"}],"wp:term":[{"taxonomy":"product_cat","embeddable":true,"href":"https:\/\/www.zhsmixer.com\/pt\/wp-json\/wp\/v2\/product_cat?post=2072"},{"taxonomy":"product_tag","embeddable":true,"href":"https:\/\/www.zhsmixer.com\/pt\/wp-json\/wp\/v2\/product_tag?post=2072"}],"curies":[{"name":"wp","href":"https:\/\/api.w.org\/{rel}","templated":true}]}}