{"id":1567,"date":"2024-07-23T10:41:31","date_gmt":"2024-07-23T02:41:31","guid":{"rendered":"https:\/\/www.zhsmixer.com\/?post_type=product&#038;p=1567"},"modified":"2024-07-23T10:42:16","modified_gmt":"2024-07-23T02:42:16","slug":"zhs-electric-wheel-loader-04ew","status":"publish","type":"product","link":"https:\/\/www.zhsmixer.com\/pt\/produto\/zhs-electric-wheel-loader-04ew\/","title":{"rendered":"Carregadeira de rodas el\u00e9trica ZHS 04EW"},"content":{"rendered":"","protected":false},"excerpt":{"rendered":"<table style=\"border-collapse: collapse; width: 1499px; height: 150px;\" border=\"0\" width=\"412\" cellspacing=\"0\" cellpadding=\"0\">\n<tbody>\n<tr style=\"height: 14.25pt;\">\n<td class=\"et3\" style=\"height: 14.25pt; width: 162.90pt;\" width=\"217\" height=\"19\">MARCA<\/td>\n<td class=\"et3\" style=\"width: 146.60pt;\" width=\"195\">ZHS<\/td>\n<\/tr>\n<tr style=\"height: 14.25pt;\">\n<td class=\"et4\" style=\"height: 14.25pt; width: 162.90pt;\" width=\"217\" height=\"19\">MODELO<\/td>\n<td class=\"et4\" style=\"width: 146.60pt;\" width=\"195\">04EW<\/td>\n<\/tr>\n<tr style=\"height: 14.25pt;\">\n<td class=\"et3\" style=\"height: 14.25pt; width: 162.90pt;\" width=\"217\" height=\"19\">TIPO<\/td>\n<td class=\"et3\" style=\"width: 146.60pt;\" width=\"195\">100% el\u00e9trico<\/td>\n<\/tr>\n<tr style=\"height: 14.25pt;\">\n<td class=\"et4\" style=\"height: 14.25pt; width: 162.90pt;\" width=\"217\" height=\"19\">CARGA NOMINAL<\/td>\n<td class=\"et4\" style=\"width: 146.60pt;\" width=\"195\">400KG<\/td>\n<\/tr>\n<tr style=\"height: 14.25pt;\">\n<td class=\"et3\" style=\"height: 14.25pt; width: 162.90pt;\" width=\"217\" height=\"19\">PESO TOTAL<\/td>\n<td class=\"et3\" style=\"width: 146.60pt;\" width=\"195\">1120KG<\/td>\n<\/tr>\n<tr style=\"height: 14.25pt;\">\n<td class=\"et4\" style=\"height: 14.25pt; width: 162.90pt;\" width=\"217\" height=\"19\">LARGURA DO BALDE<\/td>\n<td class=\"et4\" style=\"width: 146.60pt;\" width=\"195\">1040mm<\/td>\n<\/tr>\n<tr style=\"height: 14.25pt;\">\n<td class=\"et3\" style=\"height: 14.25pt; width: 162.90pt;\" width=\"217\" height=\"19\">CAPACIDADE DA CA\u00c7AMBA<\/td>\n<td class=\"et3\" style=\"width: 146.60pt;\" width=\"195\">0.2m\u00b3<\/td>\n<\/tr>\n<tr style=\"height: 14.25pt;\">\n<td class=\"et4\" style=\"height: 14.25pt; width: 162.90pt;\" width=\"217\" height=\"19\">COMPRIMENTO<\/td>\n<td class=\"et4\" style=\"width: 146.60pt;\" width=\"195\">3260mm<\/td>\n<\/tr>\n<tr style=\"height: 14.25pt;\">\n<td class=\"et3\" style=\"height: 14.25pt; width: 162.90pt;\" width=\"217\" height=\"19\">LARGURA<\/td>\n<td class=\"et3\" style=\"width: 146.60pt;\" width=\"195\">1040mm<\/td>\n<\/tr>\n<tr style=\"height: 14.25pt;\">\n<td class=\"et4\" style=\"height: 14.25pt; width: 162.90pt;\" width=\"217\" height=\"19\">ALTURA<\/td>\n<td class=\"et4\" style=\"width: 146.60pt;\" width=\"195\">2185mm<\/td>\n<\/tr>\n<tr style=\"height: 14.25pt;\">\n<td class=\"et3\" style=\"height: 14.25pt; width: 162.90pt;\" width=\"217\" height=\"19\">BASE DA RODA<\/td>\n<td class=\"et3\" style=\"width: 146.60pt;\" width=\"195\">1330mm<\/td>\n<\/tr>\n<tr style=\"height: 14.25pt;\">\n<td class=\"et4\" style=\"height: 14.25pt; width: 162.90pt;\" width=\"217\" height=\"19\">M\u00c1X. ALTURA DE ELEVA\u00c7\u00c3O<\/td>\n<td class=\"et4\" style=\"width: 146.60pt;\" width=\"195\">2100mm<\/td>\n<\/tr>\n<tr style=\"height: 14.25pt;\">\n<td class=\"et3\" style=\"height: 14.25pt; width: 162.90pt;\" width=\"217\" height=\"19\">MAX. DUMPING HEIGHT<\/td>\n<td class=\"et3\" style=\"width: 146.60pt;\" width=\"195\">1400mm<\/td>\n<\/tr>\n<tr style=\"height: 14.25pt;\">\n<td class=\"et4\" style=\"height: 14.25pt; width: 162.90pt;\" width=\"217\" height=\"19\">TIPO DE COMBUST\u00cdVEL<\/td>\n<td class=\"et4\" style=\"width: 146.60pt;\" width=\"195\">BATERIA<\/td>\n<\/tr>\n<tr style=\"height: 14.25pt;\">\n<td class=\"et3\" style=\"height: 14.25pt; width: 162.90pt;\" width=\"217\" height=\"19\">PNEUS<\/td>\n<td class=\"et3\" style=\"width: 146.60pt;\" width=\"195\">6.00-12 MOUNTAIN TIRE<\/td>\n<\/tr>\n<tr style=\"height: 20.00pt;\">\n<td class=\"et4\" style=\"height: 20.00pt; width: 162.90pt;\" width=\"217\" height=\"26\">FREIO DE TRABALHO<\/td>\n<td class=\"et4\" style=\"width: 146.60pt;\" width=\"195\">FREIO A \u00d3LEO DE TAMBOR<\/td>\n<\/tr>\n<tr style=\"height: 18.00pt;\">\n<td class=\"et3\" style=\"height: 18.00pt; width: 162.90pt;\" width=\"217\" height=\"24\">FREIO DE ESTACIONAMENTO<\/td>\n<td class=\"et3\" style=\"width: 146.60pt;\" width=\"195\">FREIO DE M\u00c3O DE TAMBOR<\/td>\n<\/tr>\n<\/tbody>\n<\/table>","protected":false},"featured_media":1570,"template":"","meta":{"_seopress_robots_primary_cat":"none","_seopress_titles_title":"","_seopress_titles_desc":"","_seopress_robots_index":"","_joinchat":[]},"product_cat":[30],"product_tag":[],"class_list":{"0":"post-1567","1":"product","2":"type-product","3":"status-publish","4":"has-post-thumbnail","6":"product_cat-electric-loader-dumper","8":"first","9":"instock","10":"shipping-taxable","11":"product-type-simple"},"_links":{"self":[{"href":"https:\/\/www.zhsmixer.com\/pt\/wp-json\/wp\/v2\/product\/1567"}],"collection":[{"href":"https:\/\/www.zhsmixer.com\/pt\/wp-json\/wp\/v2\/product"}],"about":[{"href":"https:\/\/www.zhsmixer.com\/pt\/wp-json\/wp\/v2\/types\/product"}],"version-history":[{"count":57,"href":"https:\/\/www.zhsmixer.com\/pt\/wp-json\/wp\/v2\/product\/1567\/revisions"}],"predecessor-version":[{"id":3672,"href":"https:\/\/www.zhsmixer.com\/pt\/wp-json\/wp\/v2\/product\/1567\/revisions\/3672"}],"wp:featuredmedia":[{"embeddable":true,"href":"https:\/\/www.zhsmixer.com\/pt\/wp-json\/wp\/v2\/media\/1570"}],"wp:attachment":[{"href":"https:\/\/www.zhsmixer.com\/pt\/wp-json\/wp\/v2\/media?parent=1567"}],"wp:term":[{"taxonomy":"product_cat","embeddable":true,"href":"https:\/\/www.zhsmixer.com\/pt\/wp-json\/wp\/v2\/product_cat?post=1567"},{"taxonomy":"product_tag","embeddable":true,"href":"https:\/\/www.zhsmixer.com\/pt\/wp-json\/wp\/v2\/product_tag?post=1567"}],"curies":[{"name":"wp","href":"https:\/\/api.w.org\/{rel}","templated":true}]}}