{"id":529,"date":"2021-12-23T22:43:09","date_gmt":"2021-12-23T22:43:09","guid":{"rendered":"https:\/\/demo.creativethemes.com\/blocksy\/garderobe\/?post_type=product&#038;p=529"},"modified":"2024-05-16T17:53:13","modified_gmt":"2024-05-16T09:53:13","slug":"zhs1000l-self-loading-concrete-mixer","status":"publish","type":"product","link":"https:\/\/www.zhsmixer.com\/fr\/produit\/betonniere-a-chargement-automatique-zhs1000l\/","title":{"rendered":"B\u00e9tonni\u00e8re \u00e0 chargement automatique Zhs1000L"},"content":{"rendered":"","protected":false},"excerpt":{"rendered":"<table>\n<tbody>\n<tr>\n<td width=\"189\"><\/td>\n<td width=\"250\">ZHS1000L<\/td>\n<\/tr>\n<tr>\n<td width=\"189\">Moteur (Cummins en option)<\/td>\n<td width=\"250\">Yuchai Diesel<br \/>\nTurbo 4 cylindres 42kw-Intercooled<\/td>\n<\/tr>\n<tr>\n<td width=\"189\">Volume total du tambour<\/td>\n<td width=\"250\">1000L<\/td>\n<\/tr>\n<tr>\n<td width=\"189\">Vitesse de rotation maximale du tambour<\/td>\n<td width=\"250\">0-18 tr\/min<\/td>\n<\/tr>\n<tr>\n<td width=\"189\">Pneumatique<\/td>\n<td width=\"250\">16\/60-R20.5<\/td>\n<\/tr>\n<tr>\n<td width=\"189\">Poids<\/td>\n<td width=\"250\">3500kg<\/td>\n<\/tr>\n<tr>\n<td width=\"189\">Degr\u00e9 d'aptitude \u00e0 l'emploi<\/td>\n<td width=\"250\">30\u00b0 (enti\u00e8rement)<\/td>\n<\/tr>\n<tr>\n<td width=\"189\">Vitesse du v\u00e9hicule<\/td>\n<td width=\"250\">0-32km\/h<\/td>\n<\/tr>\n<tr>\n<td width=\"189\">Syst\u00e8me de freinage<\/td>\n<td width=\"250\">Disque \u00e0 \u00e9trier<\/td>\n<\/tr>\n<tr>\n<td width=\"189\">Conduire<\/td>\n<td width=\"250\">4\u00d74 roues motrices<\/td>\n<\/tr>\n<\/tbody>\n<\/table>","protected":false},"featured_media":1827,"template":"","meta":{"_seopress_robots_primary_cat":"none","_seopress_titles_title":"","_seopress_titles_desc":"","_seopress_robots_index":"","_joinchat":[]},"product_cat":[21],"product_tag":[],"class_list":{"0":"post-529","1":"product","2":"type-product","3":"status-publish","4":"has-post-thumbnail","6":"product_cat-self-loading-concrete-mixer","8":"first","9":"instock","10":"shipping-taxable","11":"product-type-simple"},"_links":{"self":[{"href":"https:\/\/www.zhsmixer.com\/fr\/wp-json\/wp\/v2\/product\/529"}],"collection":[{"href":"https:\/\/www.zhsmixer.com\/fr\/wp-json\/wp\/v2\/product"}],"about":[{"href":"https:\/\/www.zhsmixer.com\/fr\/wp-json\/wp\/v2\/types\/product"}],"version-history":[{"count":169,"href":"https:\/\/www.zhsmixer.com\/fr\/wp-json\/wp\/v2\/product\/529\/revisions"}],"predecessor-version":[{"id":3036,"href":"https:\/\/www.zhsmixer.com\/fr\/wp-json\/wp\/v2\/product\/529\/revisions\/3036"}],"wp:featuredmedia":[{"embeddable":true,"href":"https:\/\/www.zhsmixer.com\/fr\/wp-json\/wp\/v2\/media\/1827"}],"wp:attachment":[{"href":"https:\/\/www.zhsmixer.com\/fr\/wp-json\/wp\/v2\/media?parent=529"}],"wp:term":[{"taxonomy":"product_cat","embeddable":true,"href":"https:\/\/www.zhsmixer.com\/fr\/wp-json\/wp\/v2\/product_cat?post=529"},{"taxonomy":"product_tag","embeddable":true,"href":"https:\/\/www.zhsmixer.com\/fr\/wp-json\/wp\/v2\/product_tag?post=529"}],"curies":[{"name":"wp","href":"https:\/\/api.w.org\/{rel}","templated":true}]}}