{"id":4384,"date":"2024-09-10T17:28:42","date_gmt":"2024-09-10T09:28:42","guid":{"rendered":"https:\/\/www.zhsmixer.com\/?post_type=product&#038;p=4384"},"modified":"2025-07-11T14:36:22","modified_gmt":"2025-07-11T06:36:22","slug":"5ton-mini-excavator","status":"publish","type":"product","link":"https:\/\/www.zhsmixer.com\/fr\/produit\/mini-excavateur-de-5-tonnes\/","title":{"rendered":"Mini-pelle de 5 tonnes"},"content":{"rendered":"<p>1) Les patins \u00e9largis garantissent une faible pression au sol, une grande stabilit\u00e9 et une traction puissante pour effectuer des op\u00e9rations horizontales pr\u00e9cises.<br \/>\n2. l'embrayage et le frein de direction de type humide peuvent prolonger la dur\u00e9e de vie et sont reli\u00e9s les uns aux autres pour garantir la rapidit\u00e9 et la flexibilit\u00e9 de l'embrayage et du frein de direction.<br \/>\nles commandes de direction par des joysticks.<br \/>\n3. il peut mener \u00e0 bien les op\u00e9rations de creusement, de manutention et de mise en d\u00e9charge des travaux de terrassement et convient aux travaux d'ing\u00e9nierie pour les routes, les fermes, les projets de conservation de l'eau, les projets municipaux et les projets \u00e9nerg\u00e9tiques.<br \/>\n4.La petite excavatrice hydraulique se distingue par sa petite taille, son fonctionnement flexible et sa facilit\u00e9 de circulation, et elle peut travailler librement dans des endroits petits et \u00e9troits. En g\u00e9n\u00e9ral, l'excavateur est utilis\u00e9 dans la construction urbaine, l'am\u00e9nagement paysager, l'irrigation et la conservation de l'eau, etc.<br \/>\n5. configuration haut de gamme et qualit\u00e9 sup\u00e9rieure, exp\u00e9rience de conduite de haute qualit\u00e9, solidit\u00e9, haute efficacit\u00e9 et durabilit\u00e9, r\u00e9paration et entretien pratiques et efficaces. Configuration optionnelle - nous d\u00e9fendons la philosophie du \"tout-en-un\".<\/p>\n<p>Caract\u00e9ristiques :<br \/>\n1. Les pelleteuses aux dimensions compactes peuvent facilement franchir des passages \u00e9troits et des portes.<br \/>\n2. Le ch\u00e2ssis inf\u00e9rieur r\u00e9tractable et la lame de remblayage permettent de configurer les pelles pour obtenir une excellente stabilit\u00e9 de travail et des performances optimales.<br \/>\n3. Un moteur puissant et un syst\u00e8me hydraulique parfaitement adapt\u00e9 assurent des performances efficaces, \u00e9conomiques et fiables pour les travaux les plus difficiles.<br \/>\n4. Les tuyaux du godet sont bien prot\u00e9g\u00e9s \u00e0 l'int\u00e9rieur de la fl\u00e8che et le cylindre est mont\u00e9 au-dessus de la structure.<br \/>\n5. L'espace r\u00e9serv\u00e9 \u00e0 l'op\u00e9rateur est spacieux et am\u00e9nag\u00e9 de mani\u00e8re \u00e0 assurer son confort et sa facilit\u00e9 d'utilisation.<br \/>\n6. L'excellent moteur fournit une excellente puissance avec une consommation minimale de carburant pour une plus grande productivit\u00e9 par r\u00e9servoir.<\/p>\n<p>Concept de design<br \/>\n1. le v\u00e9hicule complet adopte un moteur original import\u00e9 d'une marque de renomm\u00e9e internationale, et introduit le syst\u00e8me de contr\u00f4le de la puissance constante pour donner toute son ampleur \u00e0 la puissance du moteur, et fournir \u00e0 l'excavateur une puissance puissante.<br \/>\n2.L'excavatrice hydraulique moyenne pr\u00e9sente \u00e0 la fois d'excellentes performances environnementales et une grande puissance, associ\u00e9e \u00e0 une conception \u00e0 faible consommation de carburant, les co\u00fbts d'exploitation sont consid\u00e9rablement r\u00e9duits.<br \/>\n3. si\u00e8ges en cuir, avec ceintures de s\u00e9curit\u00e9 et mains courantes, r\u00e9glables avant et apr\u00e8s, avec coins arri\u00e8re r\u00e9glables.<br \/>\n4. le tuyau hydraulique continental de la marque allemande MA est une marque internationale de qualit\u00e9 stable et fiable.<br \/>\n5. le tuyau hydraulique externe est \u00e9quip\u00e9 d'un dispositif de retenue \u00e0 ressort et d'un tuyau de protection en spirale pour \u00e9viter les frottements, les collisions, les flexions et autres dommages.<br \/>\n6. les leviers d'action sont \u00e9quip\u00e9s de couvercles anti-poussi\u00e8re et de mains courantes portables<br \/>\n7 La console principale est compos\u00e9e de trois parties. La forme g\u00e9n\u00e9rale est celle d'un \"poing\", riche en tension, au design \u00e9pur\u00e9, calme et dominateur, conforme \u00e0 l'esth\u00e9tique de l'Orient et de l'Occident. Le connecteur adopte un joint \u00e0 t\u00eate frais\u00e9e en acier inoxydable + une vis \u00e0 six pans creux \u00e0 t\u00eate frais\u00e9e, ce qui permet une bonne fixation et un effet d\u00e9coratif. Le couvercle int\u00e9gr\u00e9 \u00e0 l'instrument \u00e0 l'avant est facile \u00e0 d\u00e9monter, et l'entretien ult\u00e9rieur des composants \u00e9lectriques et de la vanne principale est particuli\u00e8rement pratique.<\/p>\n<p>Nous pouvons \u00e9galement fournir des services priv\u00e9s de personnalisation en fonction de vos besoins.<\/p>\n<p>1.accessoires en option : marteau brise-roche, tari\u00e8res, r\u00e2teaux, attache rapide, rippers, pinces \u00e0 grumes, godets de toutes tailles et bien d'autres encore...<\/p>\n<p>2. la couleur et le style peuvent \u00eatre personnalis\u00e9s.<\/p>\n<p>3. diff\u00e9rents types de moteurs peuvent \u00eatre adapt\u00e9s \u00e0 vos diff\u00e9rents besoins.<\/p>\n<p>4. notre usine peut fournir des services de logo personnalis\u00e9 selon vos besoins, personnaliser les styles selon vos pr\u00e9f\u00e9rences et \u00eatre votre fonderie.<\/p>","protected":false},"excerpt":{"rendered":"<p>1.The widened track shoes guarantee low ground pressure, high stability, and powerful traction to fulfill precise horizontal operations. 2.The wet type steering clutch and brake can prolong the service life and are interlinked with each other toguarantee the rapid and flexible steeringcontrols by joysticks. 3.It can complete the digging, handling, and landfill operations of earthworks [&hellip;]<\/p>","protected":false},"featured_media":4387,"template":"","meta":{"_seopress_robots_primary_cat":"none","_seopress_titles_title":"","_seopress_titles_desc":"","_seopress_robots_index":"","_joinchat":[]},"product_cat":[54],"product_tag":[],"class_list":{"0":"post-4384","1":"product","2":"type-product","3":"status-publish","4":"has-post-thumbnail","6":"product_cat-other-products","8":"first","9":"instock","10":"shipping-taxable","11":"product-type-simple"},"_links":{"self":[{"href":"https:\/\/www.zhsmixer.com\/fr\/wp-json\/wp\/v2\/product\/4384"}],"collection":[{"href":"https:\/\/www.zhsmixer.com\/fr\/wp-json\/wp\/v2\/product"}],"about":[{"href":"https:\/\/www.zhsmixer.com\/fr\/wp-json\/wp\/v2\/types\/product"}],"version-history":[{"count":1,"href":"https:\/\/www.zhsmixer.com\/fr\/wp-json\/wp\/v2\/product\/4384\/revisions"}],"predecessor-version":[{"id":4392,"href":"https:\/\/www.zhsmixer.com\/fr\/wp-json\/wp\/v2\/product\/4384\/revisions\/4392"}],"wp:featuredmedia":[{"embeddable":true,"href":"https:\/\/www.zhsmixer.com\/fr\/wp-json\/wp\/v2\/media\/4387"}],"wp:attachment":[{"href":"https:\/\/www.zhsmixer.com\/fr\/wp-json\/wp\/v2\/media?parent=4384"}],"wp:term":[{"taxonomy":"product_cat","embeddable":true,"href":"https:\/\/www.zhsmixer.com\/fr\/wp-json\/wp\/v2\/product_cat?post=4384"},{"taxonomy":"product_tag","embeddable":true,"href":"https:\/\/www.zhsmixer.com\/fr\/wp-json\/wp\/v2\/product_tag?post=4384"}],"curies":[{"name":"wp","href":"https:\/\/api.w.org\/{rel}","templated":true}]}}