{"id":3811,"date":"2024-07-24T16:03:04","date_gmt":"2024-07-24T08:03:04","guid":{"rendered":"https:\/\/www.zhsmixer.com\/?post_type=product&#038;p=3811"},"modified":"2025-07-11T14:39:40","modified_gmt":"2025-07-11T06:39:40","slug":"3-3-5ton-diesel-forklift","status":"publish","type":"product","link":"https:\/\/www.zhsmixer.com\/fr\/produit\/chariot-elevateur-diesel-de-3-3-5-tonnes\/","title":{"rendered":"Chariot \u00e9l\u00e9vateur diesel de 3 \u00e0 3,5 tonnes"},"content":{"rendered":"","protected":false},"excerpt":{"rendered":"<table style=\"height: 483px;\" width=\"1896\">\n<tbody>\n<tr>\n<td width=\"249\">Mod\u00e8le<\/td>\n<td width=\"95\"><\/td>\n<td width=\"103\">CPCD30<\/td>\n<td width=\"112\">CPCD35<\/td>\n<\/tr>\n<tr>\n<td width=\"249\">Charge de levage nominale<\/td>\n<td width=\"95\">kg<\/td>\n<td width=\"103\">3000<\/td>\n<td width=\"112\">3500<\/td>\n<\/tr>\n<tr>\n<td width=\"249\">Distance du centre de charge<\/td>\n<td width=\"95\">mm<\/td>\n<td colspan=\"2\" width=\"216\">500<\/td>\n<\/tr>\n<tr>\n<td width=\"249\">Hauteur de levage libre<\/td>\n<td width=\"95\">mm<\/td>\n<td colspan=\"2\" width=\"216\">160<\/td>\n<\/tr>\n<tr>\n<td width=\"249\">Longueur totale (avec fourche\/sans fourche)<\/td>\n<td width=\"95\">mm<\/td>\n<td width=\"103\">3752\/2682<\/td>\n<td width=\"112\">3763\/2693<\/td>\n<\/tr>\n<tr>\n<td width=\"249\">Largeur<\/td>\n<td width=\"95\">mm<\/td>\n<td colspan=\"2\" width=\"216\">1225<\/td>\n<\/tr>\n<tr>\n<td width=\"249\">Hauteur du garde-corps<\/td>\n<td width=\"95\">mm<\/td>\n<td colspan=\"2\" width=\"216\">2090<\/td>\n<\/tr>\n<tr>\n<td width=\"249\">Empattement<\/td>\n<td width=\"95\">mm<\/td>\n<td colspan=\"2\" width=\"216\">1700<\/td>\n<\/tr>\n<tr>\n<td width=\"249\">Garde au sol minimale<\/td>\n<td width=\"95\">mm<\/td>\n<td colspan=\"2\" width=\"216\">135<\/td>\n<\/tr>\n<tr>\n<td width=\"249\">Angle d'inclinaison du m\u00e2t (avant\/arri\u00e8re)<\/td>\n<td width=\"95\">%<\/td>\n<td colspan=\"2\" width=\"216\">6\/12<\/td>\n<\/tr>\n<tr>\n<td width=\"249\">Num\u00e9ro de pneu (avant)<\/td>\n<td width=\"95\"><\/td>\n<td colspan=\"2\" width=\"216\">28\u00d79-15-14PR<\/td>\n<\/tr>\n<tr>\n<td width=\"249\">Num\u00e9ro de pneu (arri\u00e8re)<\/td>\n<td width=\"95\"><\/td>\n<td colspan=\"2\" width=\"216\">6.5-10-10PR<\/td>\n<\/tr>\n<tr>\n<td width=\"249\">Rayon de braquage minimum (ext\u00e9rieur)<\/td>\n<td width=\"95\">mm<\/td>\n<td width=\"103\">2400<\/td>\n<td width=\"112\">2420<\/td>\n<\/tr>\n<tr>\n<td width=\"249\">Largeur minimale de l'all\u00e9e \u00e0 angle droit<\/td>\n<td width=\"95\">mm<\/td>\n<td colspan=\"2\" width=\"216\">4260<\/td>\n<\/tr>\n<tr>\n<td width=\"249\">Taille de la fourche<\/td>\n<td width=\"95\">mm<\/td>\n<td colspan=\"2\" width=\"216\">1220X125X45<\/td>\n<\/tr>\n<tr>\n<td width=\"249\">Vitesse de travail maximale (\u00e0 pleine charge\/\u00e0 vide)<\/td>\n<td width=\"95\">km\/h<\/td>\n<td width=\"103\">18\/19<\/td>\n<td width=\"112\">19\/19<\/td>\n<\/tr>\n<tr>\n<td width=\"249\">Vitesse maximale Vitesse (\u00e0 pleine charge\/\u00e0 vide)<\/td>\n<td width=\"95\">mm\/s<\/td>\n<td width=\"103\">440\/480<\/td>\n<td width=\"112\">330\/370<\/td>\n<\/tr>\n<tr>\n<td width=\"249\">Pente maximale (\u00e0 pleine charge\/\u00e0 vide)<\/td>\n<td width=\"95\">%<\/td>\n<td colspan=\"2\" width=\"216\">15\/20<\/td>\n<\/tr>\n<tr>\n<td width=\"249\">Poids total<\/td>\n<td width=\"95\">kg<\/td>\n<td width=\"103\">4250<\/td>\n<td width=\"112\">4500<\/td>\n<\/tr>\n<tr>\n<td width=\"249\">Moteur<\/td>\n<td width=\"95\"><\/td>\n<td colspan=\"2\" width=\"216\">xinchai 490,40KW<\/td>\n<\/tr>\n<tr>\n<td width=\"249\">Type de changement de pouvoir<\/td>\n<td width=\"95\"><\/td>\n<td colspan=\"2\" width=\"216\">Automatique<\/td>\n<\/tr>\n<\/tbody>\n<\/table>","protected":false},"featured_media":3817,"template":"","meta":{"_seopress_robots_primary_cat":"none","_seopress_titles_title":"","_seopress_titles_desc":"","_seopress_robots_index":"","_joinchat":[]},"product_cat":[54],"product_tag":[],"class_list":{"0":"post-3811","1":"product","2":"type-product","3":"status-publish","4":"has-post-thumbnail","6":"product_cat-other-products","8":"first","9":"instock","10":"shipping-taxable","11":"product-type-simple"},"_links":{"self":[{"href":"https:\/\/www.zhsmixer.com\/fr\/wp-json\/wp\/v2\/product\/3811"}],"collection":[{"href":"https:\/\/www.zhsmixer.com\/fr\/wp-json\/wp\/v2\/product"}],"about":[{"href":"https:\/\/www.zhsmixer.com\/fr\/wp-json\/wp\/v2\/types\/product"}],"version-history":[{"count":3,"href":"https:\/\/www.zhsmixer.com\/fr\/wp-json\/wp\/v2\/product\/3811\/revisions"}],"predecessor-version":[{"id":3865,"href":"https:\/\/www.zhsmixer.com\/fr\/wp-json\/wp\/v2\/product\/3811\/revisions\/3865"}],"wp:featuredmedia":[{"embeddable":true,"href":"https:\/\/www.zhsmixer.com\/fr\/wp-json\/wp\/v2\/media\/3817"}],"wp:attachment":[{"href":"https:\/\/www.zhsmixer.com\/fr\/wp-json\/wp\/v2\/media?parent=3811"}],"wp:term":[{"taxonomy":"product_cat","embeddable":true,"href":"https:\/\/www.zhsmixer.com\/fr\/wp-json\/wp\/v2\/product_cat?post=3811"},{"taxonomy":"product_tag","embeddable":true,"href":"https:\/\/www.zhsmixer.com\/fr\/wp-json\/wp\/v2\/product_tag?post=3811"}],"curies":[{"name":"wp","href":"https:\/\/api.w.org\/{rel}","templated":true}]}}