{"id":3767,"date":"2024-07-24T15:37:21","date_gmt":"2024-07-24T07:37:21","guid":{"rendered":"https:\/\/www.zhsmixer.com\/?post_type=product&#038;p=3767"},"modified":"2025-07-11T14:43:44","modified_gmt":"2025-07-11T06:43:44","slug":"2-2-5ton-gas-lpg-forklift","status":"publish","type":"product","link":"https:\/\/www.zhsmixer.com\/fr\/produit\/2-2-5ton-gas-lpg-forklift\/","title":{"rendered":"Chariot \u00e9l\u00e9vateur \u00e0 gaz et GPL de 2 \u00e0 2,5 tonnes"},"content":{"rendered":"","protected":false},"excerpt":{"rendered":"<table style=\"height: 755px;\" width=\"1763\">\n<tbody>\n<tr>\n<td width=\"263\">Mod\u00e8le<\/td>\n<td width=\"53\"><\/td>\n<td width=\"110\">CPCG20<\/td>\n<td width=\"132\">CPCG25<\/td>\n<\/tr>\n<tr>\n<td width=\"263\">Charge de levage nominale<\/td>\n<td width=\"53\">kg<\/td>\n<td width=\"110\">2000<\/td>\n<td width=\"132\">2500<\/td>\n<\/tr>\n<tr>\n<td width=\"263\">Distance du centre de charge<\/td>\n<td width=\"53\">mm<\/td>\n<td colspan=\"2\" width=\"243\">500<\/td>\n<\/tr>\n<tr>\n<td width=\"263\">Hauteur de levage libre<\/td>\n<td width=\"53\">mm<\/td>\n<td colspan=\"2\" width=\"243\">150<\/td>\n<\/tr>\n<tr>\n<td width=\"263\">Longueur totale (avec fourche\/sans fourche)<\/td>\n<td width=\"53\">mm<\/td>\n<td width=\"110\">3422\/2502<\/td>\n<td width=\"132\">3646\/2576<\/td>\n<\/tr>\n<tr>\n<td width=\"263\">Largeur<\/td>\n<td width=\"53\">mm<\/td>\n<td colspan=\"2\" width=\"243\">1170<\/td>\n<\/tr>\n<tr>\n<td width=\"263\">Hauteur du garde-corps<\/td>\n<td width=\"53\">mm<\/td>\n<td colspan=\"2\" width=\"243\">2070<\/td>\n<\/tr>\n<tr>\n<td width=\"263\">Empattement<\/td>\n<td width=\"53\">mm<\/td>\n<td colspan=\"2\" width=\"243\">1600<\/td>\n<\/tr>\n<tr>\n<td width=\"263\">Garde au sol minimale<\/td>\n<td width=\"53\">mm<\/td>\n<td colspan=\"2\" width=\"243\">110<\/td>\n<\/tr>\n<tr>\n<td width=\"263\">Angle d'inclinaison du m\u00e2t (avant\/arri\u00e8re)<\/td>\n<td width=\"53\">%<\/td>\n<td colspan=\"2\" width=\"243\">6\/12<\/td>\n<\/tr>\n<tr>\n<td width=\"263\">Num\u00e9ro de pneu (avant)<\/td>\n<td width=\"53\"><\/td>\n<td colspan=\"2\" width=\"243\">7.00X12-12PR<\/td>\n<\/tr>\n<tr>\n<td width=\"263\">Num\u00e9ro de pneu (arri\u00e8re)<\/td>\n<td width=\"53\"><\/td>\n<td colspan=\"2\" width=\"243\">6.00X9-10PR<\/td>\n<\/tr>\n<tr>\n<td width=\"263\">Rayon de braquage minimum (ext\u00e9rieur)<\/td>\n<td width=\"53\">mm<\/td>\n<td width=\"110\">2170<\/td>\n<td width=\"132\">2240<\/td>\n<\/tr>\n<tr>\n<td width=\"263\">Largeur minimale de l'all\u00e9e \u00e0 angle droit<\/td>\n<td width=\"53\">mm<\/td>\n<td width=\"110\">3900<\/td>\n<td width=\"132\">3970<\/td>\n<\/tr>\n<tr>\n<td width=\"263\">Taille de la fourche<\/td>\n<td width=\"53\">mm<\/td>\n<td colspan=\"2\" width=\"243\">1070X100X45<\/td>\n<\/tr>\n<tr>\n<td width=\"263\">Vitesse de travail maximale (\u00e0 pleine charge\/\u00e0 vide)<\/td>\n<td width=\"53\">km\/h<\/td>\n<td colspan=\"2\" width=\"243\">17\/19<\/td>\n<\/tr>\n<tr>\n<td width=\"263\">Vitesse maximale Vitesse (\u00e0 pleine charge\/\u00e0 vide)<\/td>\n<td width=\"53\">mm\/s<\/td>\n<td colspan=\"2\" width=\"243\">530\/550<\/td>\n<\/tr>\n<tr>\n<td width=\"263\">Pente maximale (\u00e0 pleine charge\/\u00e0 vide)<\/td>\n<td width=\"53\">%<\/td>\n<td colspan=\"2\" width=\"243\">20\/21<\/td>\n<\/tr>\n<tr>\n<td width=\"263\">Poids total<\/td>\n<td width=\"53\">kg<\/td>\n<td width=\"110\">3320<\/td>\n<td width=\"132\">3680<\/td>\n<\/tr>\n<tr>\n<td width=\"263\">Moteur<\/td>\n<td width=\"53\"><\/td>\n<td colspan=\"2\" width=\"243\">K21<\/td>\n<\/tr>\n<tr>\n<td width=\"263\">Type de changement de pouvoir<\/td>\n<td width=\"53\"><\/td>\n<td colspan=\"2\" width=\"243\">Automatique<\/td>\n<\/tr>\n<\/tbody>\n<\/table>","protected":false},"featured_media":3770,"template":"","meta":{"_seopress_robots_primary_cat":"none","_seopress_titles_title":"","_seopress_titles_desc":"","_seopress_robots_index":"","_joinchat":[]},"product_cat":[54],"product_tag":[],"class_list":{"0":"post-3767","1":"product","2":"type-product","3":"status-publish","4":"has-post-thumbnail","6":"product_cat-other-products","8":"first","9":"instock","10":"shipping-taxable","11":"product-type-simple"},"_links":{"self":[{"href":"https:\/\/www.zhsmixer.com\/fr\/wp-json\/wp\/v2\/product\/3767"}],"collection":[{"href":"https:\/\/www.zhsmixer.com\/fr\/wp-json\/wp\/v2\/product"}],"about":[{"href":"https:\/\/www.zhsmixer.com\/fr\/wp-json\/wp\/v2\/types\/product"}],"version-history":[{"count":2,"href":"https:\/\/www.zhsmixer.com\/fr\/wp-json\/wp\/v2\/product\/3767\/revisions"}],"predecessor-version":[{"id":3779,"href":"https:\/\/www.zhsmixer.com\/fr\/wp-json\/wp\/v2\/product\/3767\/revisions\/3779"}],"wp:featuredmedia":[{"embeddable":true,"href":"https:\/\/www.zhsmixer.com\/fr\/wp-json\/wp\/v2\/media\/3770"}],"wp:attachment":[{"href":"https:\/\/www.zhsmixer.com\/fr\/wp-json\/wp\/v2\/media?parent=3767"}],"wp:term":[{"taxonomy":"product_cat","embeddable":true,"href":"https:\/\/www.zhsmixer.com\/fr\/wp-json\/wp\/v2\/product_cat?post=3767"},{"taxonomy":"product_tag","embeddable":true,"href":"https:\/\/www.zhsmixer.com\/fr\/wp-json\/wp\/v2\/product_tag?post=3767"}],"curies":[{"name":"wp","href":"https:\/\/api.w.org\/{rel}","templated":true}]}}