{"id":3741,"date":"2024-07-24T14:32:58","date_gmt":"2024-07-24T06:32:58","guid":{"rendered":"https:\/\/www.zhsmixer.com\/?post_type=product&#038;p=3741"},"modified":"2026-01-30T19:01:37","modified_gmt":"2026-01-30T11:01:37","slug":"10ton-site-dumper","status":"publish","type":"product","link":"https:\/\/www.zhsmixer.com\/fr\/produit\/dumpers-de-chantier-de-10-tonnes\/","title":{"rendered":"Basculeur de chantier de 10 tonnes"},"content":{"rendered":"","protected":false},"excerpt":{"rendered":"<table style=\"height: 67px;\" width=\"1950\">\n<tbody>\n<tr>\n<td width=\"263\"><\/td>\n<td width=\"72\"><\/td>\n<td width=\"156\">100D<\/td>\n<\/tr>\n<tr>\n<td>Taille du v\u00e9hicule (L\u00d7L\u00d7H)<\/td>\n<td>mm<\/td>\n<td>5300\u00d72850\u00d73260<\/td>\n<\/tr>\n<tr>\n<td>Empattement<\/td>\n<td>mm<\/td>\n<td>3200<\/td>\n<\/tr>\n<tr>\n<td>Poids total<\/td>\n<td>kg<\/td>\n<td>5900 kg<\/td>\n<\/tr>\n<tr>\n<td>Formulaire de conduite<\/td>\n<td><\/td>\n<td>4 roues motrices<\/td>\n<\/tr>\n<tr>\n<td>Pneus<\/td>\n<td><\/td>\n<td>16\/70-R22.5 Front Double<\/td>\n<\/tr>\n<tr>\n<td>Essieu moteur<\/td>\n<td><\/td>\n<td>C\u00f4t\u00e9 roue Essieu<\/td>\n<\/tr>\n<tr>\n<td>Moteur<\/td>\n<td>kw<\/td>\n<td>YCD6J22T-125<\/td>\n<\/tr>\n<tr>\n<td>Puissance du moteur<\/td>\n<td><\/td>\n<td>92<\/td>\n<\/tr>\n<tr>\n<td>Bo\u00eete de vitesses<\/td>\n<td><\/td>\n<td>Bo\u00eete de vitesses automatique<\/td>\n<\/tr>\n<tr>\n<td>Vitesse de d\u00e9placement<\/td>\n<td>km\/h<\/td>\n<td>30<\/td>\n<\/tr>\n<tr>\n<td>Pouvoir de classement maximal<\/td>\n<td>\u00b0<\/td>\n<td>30<\/td>\n<\/tr>\n<tr>\n<td>Mini rayon de braquage<\/td>\n<td>mm<\/td>\n<td>5450<\/td>\n<\/tr>\n<tr>\n<td>Garde au sol minimale<\/td>\n<td>mm<\/td>\n<td>320<\/td>\n<\/tr>\n<tr>\n<td>capacit\u00e9 de la louche<\/td>\n<td>m\u00b3<\/td>\n<td>3.9<\/td>\n<\/tr>\n<tr>\n<td>Angle de rotation de la benne basculante<\/td>\n<td>\u00b0<\/td>\n<td>\u00b190\u00b0 (en option)<\/td>\n<\/tr>\n<tr>\n<td>Charge nominale<\/td>\n<td>kg<\/td>\n<td>10000<\/td>\n<\/tr>\n<\/tbody>\n<\/table>","protected":false},"featured_media":3728,"template":"","meta":{"_seopress_robots_primary_cat":"none","_seopress_titles_title":"","_seopress_titles_desc":"","_seopress_robots_index":"","_joinchat":[]},"product_cat":[22],"product_tag":[],"class_list":{"0":"post-3741","1":"product","2":"type-product","3":"status-publish","4":"has-post-thumbnail","6":"product_cat-site-dumper","8":"first","9":"instock","10":"shipping-taxable","11":"product-type-simple"},"_links":{"self":[{"href":"https:\/\/www.zhsmixer.com\/fr\/wp-json\/wp\/v2\/product\/3741"}],"collection":[{"href":"https:\/\/www.zhsmixer.com\/fr\/wp-json\/wp\/v2\/product"}],"about":[{"href":"https:\/\/www.zhsmixer.com\/fr\/wp-json\/wp\/v2\/types\/product"}],"version-history":[{"count":2,"href":"https:\/\/www.zhsmixer.com\/fr\/wp-json\/wp\/v2\/product\/3741\/revisions"}],"predecessor-version":[{"id":4806,"href":"https:\/\/www.zhsmixer.com\/fr\/wp-json\/wp\/v2\/product\/3741\/revisions\/4806"}],"wp:featuredmedia":[{"embeddable":true,"href":"https:\/\/www.zhsmixer.com\/fr\/wp-json\/wp\/v2\/media\/3728"}],"wp:attachment":[{"href":"https:\/\/www.zhsmixer.com\/fr\/wp-json\/wp\/v2\/media?parent=3741"}],"wp:term":[{"taxonomy":"product_cat","embeddable":true,"href":"https:\/\/www.zhsmixer.com\/fr\/wp-json\/wp\/v2\/product_cat?post=3741"},{"taxonomy":"product_tag","embeddable":true,"href":"https:\/\/www.zhsmixer.com\/fr\/wp-json\/wp\/v2\/product_tag?post=3741"}],"curies":[{"name":"wp","href":"https:\/\/api.w.org\/{rel}","templated":true}]}}