{"id":3737,"date":"2024-07-24T14:32:02","date_gmt":"2024-07-24T06:32:02","guid":{"rendered":"https:\/\/www.zhsmixer.com\/?post_type=product&#038;p=3737"},"modified":"2026-01-30T19:00:22","modified_gmt":"2026-01-30T11:00:22","slug":"7ton-site-dumper","status":"publish","type":"product","link":"https:\/\/www.zhsmixer.com\/fr\/produit\/tombereau-de-chantier-de-7-tonnes\/","title":{"rendered":"Basculeur de chantier de 7 tonnes"},"content":{"rendered":"","protected":false},"excerpt":{"rendered":"<table style=\"height: 218px;\" width=\"1904\">\n<tbody>\n<tr>\n<td width=\"263\"><\/td>\n<td width=\"72\"><\/td>\n<td width=\"156\">70D<\/td>\n<\/tr>\n<tr>\n<td>Taille du v\u00e9hicule (L\u00d7L\u00d7H)<\/td>\n<td>mm<\/td>\n<td>4900\u00d72361\u00d72875<\/td>\n<\/tr>\n<tr>\n<td>Empattement<\/td>\n<td>mm<\/td>\n<td>3200<\/td>\n<\/tr>\n<tr>\n<td>Poids total<\/td>\n<td>kg<\/td>\n<td>5000<\/td>\n<\/tr>\n<tr>\n<td>Formulaire de conduite<\/td>\n<td><\/td>\n<td>4 roues motrices<\/td>\n<\/tr>\n<tr>\n<td>Pneus<\/td>\n<td><\/td>\n<td>16\/70-24<\/td>\n<\/tr>\n<tr>\n<td>Essieu moteur<\/td>\n<td><\/td>\n<td>C\u00f4t\u00e9 roue Essieu<\/td>\n<\/tr>\n<tr>\n<td>Moteur<\/td>\n<td>kw<\/td>\n<td>YCD4J22T-115<\/td>\n<\/tr>\n<tr>\n<td>Puissance du moteur<\/td>\n<td><\/td>\n<td>85<\/td>\n<\/tr>\n<tr>\n<td>Bo\u00eete de vitesses<\/td>\n<td><\/td>\n<td>Bo\u00eete de vitesses automatique<\/td>\n<\/tr>\n<tr>\n<td>Vitesse de d\u00e9placement<\/td>\n<td>km\/h<\/td>\n<td>30<\/td>\n<\/tr>\n<tr>\n<td>Pouvoir de classement maximal<\/td>\n<td>\u00b0<\/td>\n<td>30<\/td>\n<\/tr>\n<tr>\n<td>Mini rayon de braquage<\/td>\n<td>mm<\/td>\n<td>5050<\/td>\n<\/tr>\n<tr>\n<td>Garde au sol minimale<\/td>\n<td>mm<\/td>\n<td>320<\/td>\n<\/tr>\n<tr>\n<td>capacit\u00e9 de la louche<\/td>\n<td>m\u00b3<\/td>\n<td>2.7<\/td>\n<\/tr>\n<tr>\n<td>Angle de rotation de la benne basculante<\/td>\n<td>\u00b0<\/td>\n<td>\u00b190\u00b0 (en option)<\/td>\n<\/tr>\n<tr>\n<td>Charge nominale<\/td>\n<td>kg<\/td>\n<td>7000<\/td>\n<\/tr>\n<\/tbody>\n<\/table>","protected":false},"featured_media":3727,"template":"","meta":{"_seopress_robots_primary_cat":"none","_seopress_titles_title":"","_seopress_titles_desc":"","_seopress_robots_index":"","_joinchat":[]},"product_cat":[22],"product_tag":[],"class_list":{"0":"post-3737","1":"product","2":"type-product","3":"status-publish","4":"has-post-thumbnail","6":"product_cat-site-dumper","8":"first","9":"instock","10":"shipping-taxable","11":"product-type-simple"},"_links":{"self":[{"href":"https:\/\/www.zhsmixer.com\/fr\/wp-json\/wp\/v2\/product\/3737"}],"collection":[{"href":"https:\/\/www.zhsmixer.com\/fr\/wp-json\/wp\/v2\/product"}],"about":[{"href":"https:\/\/www.zhsmixer.com\/fr\/wp-json\/wp\/v2\/types\/product"}],"version-history":[{"count":2,"href":"https:\/\/www.zhsmixer.com\/fr\/wp-json\/wp\/v2\/product\/3737\/revisions"}],"predecessor-version":[{"id":4805,"href":"https:\/\/www.zhsmixer.com\/fr\/wp-json\/wp\/v2\/product\/3737\/revisions\/4805"}],"wp:featuredmedia":[{"embeddable":true,"href":"https:\/\/www.zhsmixer.com\/fr\/wp-json\/wp\/v2\/media\/3727"}],"wp:attachment":[{"href":"https:\/\/www.zhsmixer.com\/fr\/wp-json\/wp\/v2\/media?parent=3737"}],"wp:term":[{"taxonomy":"product_cat","embeddable":true,"href":"https:\/\/www.zhsmixer.com\/fr\/wp-json\/wp\/v2\/product_cat?post=3737"},{"taxonomy":"product_tag","embeddable":true,"href":"https:\/\/www.zhsmixer.com\/fr\/wp-json\/wp\/v2\/product_tag?post=3737"}],"curies":[{"name":"wp","href":"https:\/\/api.w.org\/{rel}","templated":true}]}}