{"id":3690,"date":"2024-07-23T10:58:43","date_gmt":"2024-07-23T02:58:43","guid":{"rendered":"https:\/\/www.zhsmixer.com\/?post_type=product&#038;p=3690"},"modified":"2024-07-23T10:59:18","modified_gmt":"2024-07-23T02:59:18","slug":"zhs-electric-off-road-forklift-06ef","status":"publish","type":"product","link":"https:\/\/www.zhsmixer.com\/fr\/produit\/zhs-electric-off-road-forklift-06ef\/","title":{"rendered":"Chariot \u00e9l\u00e9vateur \u00e9lectrique tout terrain ZHS 06EF"},"content":{"rendered":"","protected":false},"excerpt":{"rendered":"<table style=\"height: 629px;\" width=\"1448\">\n<tbody>\n<tr>\n<td width=\"195\"><strong><b>MARQUE<\/b><\/strong><\/td>\n<td width=\"230\">ZHS<\/td>\n<\/tr>\n<tr>\n<td width=\"195\"><strong><b>MOD\u00c8LE<\/b><\/strong><\/td>\n<td width=\"230\">12EF<\/td>\n<\/tr>\n<tr>\n<td width=\"195\"><strong><b>TYPE<\/b><\/strong><\/td>\n<td width=\"230\">100% \u00e9lectrique<\/td>\n<\/tr>\n<tr>\n<td width=\"195\"><strong><b>CHARGE NOMINALE<\/b><\/strong><\/td>\n<td width=\"230\">1200KG<\/td>\n<\/tr>\n<tr>\n<td width=\"195\"><strong><b>POIDS TOTAL<\/b><\/strong><\/td>\n<td width=\"230\">2115KG<\/td>\n<\/tr>\n<tr>\n<td width=\"195\"><strong><b>MAX. LIFTING HEIGHT<\/b><\/strong><\/td>\n<td width=\"230\">3050mm<\/td>\n<\/tr>\n<tr>\n<td width=\"195\"><strong><b>FORK LENGTH<\/b><\/strong><\/td>\n<td width=\"230\">920mm<\/td>\n<\/tr>\n<tr>\n<td width=\"195\"><strong><b>LONGUEUR<\/b><\/strong><\/td>\n<td width=\"230\">3800mm<\/td>\n<\/tr>\n<tr>\n<td width=\"195\"><strong><b>LARGEUR<\/b><\/strong><\/td>\n<td width=\"230\">1260mm<\/td>\n<\/tr>\n<tr>\n<td width=\"195\"><strong><b>HAUTEUR<\/b><\/strong><\/td>\n<td width=\"230\">2250mm<\/td>\n<\/tr>\n<tr>\n<td width=\"195\"><strong><b>WHEEL BASE<\/b><\/strong><\/td>\n<td width=\"230\">1380mm<\/td>\n<\/tr>\n<tr>\n<td width=\"195\"><strong><b>MIN. GROUND CLEARANCE<\/b><\/strong><\/td>\n<td width=\"230\">200mm<\/td>\n<\/tr>\n<tr>\n<td width=\"195\"><strong><b>WORK TIME<\/b><\/strong><\/td>\n<td width=\"230\">6H<\/td>\n<\/tr>\n<tr>\n<td width=\"195\"><strong><b>TYPE DE COMBUSTIBLE<\/b><\/strong><\/td>\n<td width=\"230\">BATTERIE<\/td>\n<\/tr>\n<tr>\n<td width=\"195\"><strong><b>TIRE<\/b><\/strong><\/td>\n<td width=\"230\">PNEU MONTAGNE 27\u00d710.5-15<\/td>\n<\/tr>\n<tr>\n<td width=\"195\"><strong><b>FREIN EN \u00c9TAT DE MARCHE<\/b><\/strong><\/td>\n<td width=\"230\">DRUM OIL BRAKE<\/td>\n<\/tr>\n<tr>\n<td width=\"195\"><strong><b>FREIN DE STATIONNEMENT<\/b><\/strong><\/td>\n<td width=\"230\">POIGN\u00c9E DE TAMBOUR<\/td>\n<\/tr>\n<\/tbody>\n<\/table>","protected":false},"featured_media":3696,"template":"","meta":{"_seopress_robots_primary_cat":"none","_seopress_titles_title":"","_seopress_titles_desc":"","_seopress_robots_index":"","_joinchat":[]},"product_cat":[30],"product_tag":[],"class_list":{"0":"post-3690","1":"product","2":"type-product","3":"status-publish","4":"has-post-thumbnail","6":"product_cat-electric-loader-dumper","8":"first","9":"instock","10":"shipping-taxable","11":"product-type-simple"},"_links":{"self":[{"href":"https:\/\/www.zhsmixer.com\/fr\/wp-json\/wp\/v2\/product\/3690"}],"collection":[{"href":"https:\/\/www.zhsmixer.com\/fr\/wp-json\/wp\/v2\/product"}],"about":[{"href":"https:\/\/www.zhsmixer.com\/fr\/wp-json\/wp\/v2\/types\/product"}],"version-history":[{"count":2,"href":"https:\/\/www.zhsmixer.com\/fr\/wp-json\/wp\/v2\/product\/3690\/revisions"}],"predecessor-version":[{"id":3700,"href":"https:\/\/www.zhsmixer.com\/fr\/wp-json\/wp\/v2\/product\/3690\/revisions\/3700"}],"wp:featuredmedia":[{"embeddable":true,"href":"https:\/\/www.zhsmixer.com\/fr\/wp-json\/wp\/v2\/media\/3696"}],"wp:attachment":[{"href":"https:\/\/www.zhsmixer.com\/fr\/wp-json\/wp\/v2\/media?parent=3690"}],"wp:term":[{"taxonomy":"product_cat","embeddable":true,"href":"https:\/\/www.zhsmixer.com\/fr\/wp-json\/wp\/v2\/product_cat?post=3690"},{"taxonomy":"product_tag","embeddable":true,"href":"https:\/\/www.zhsmixer.com\/fr\/wp-json\/wp\/v2\/product_tag?post=3690"}],"curies":[{"name":"wp","href":"https:\/\/api.w.org\/{rel}","templated":true}]}}