{"id":2731,"date":"2024-07-24T15:30:39","date_gmt":"2024-07-24T07:30:39","guid":{"rendered":"https:\/\/www.zhsmixer.com\/?post_type=product&#038;p=2731"},"modified":"2025-07-11T14:43:53","modified_gmt":"2025-07-11T06:43:53","slug":"1-5ton-gas-lpg-forklift","status":"publish","type":"product","link":"https:\/\/www.zhsmixer.com\/fr\/produit\/1-chariot-elevateur-a-gaz-lpg-de-5-tonnes\/","title":{"rendered":"Chariot \u00e9l\u00e9vateur \u00e0 gaz et GPL de 1,5 tonne"},"content":{"rendered":"","protected":false},"excerpt":{"rendered":"<table style=\"height: 550px;\" width=\"1618\">\n<tbody>\n<tr>\n<td width=\"263\">Mod\u00e8le<\/td>\n<td width=\"53\">&nbsp;<\/td>\n<td width=\"138\">CPCG15<\/td>\n<\/tr>\n<tr>\n<td width=\"263\">Charge de levage nominale<\/td>\n<td width=\"53\">kg<\/td>\n<td width=\"138\">1500<\/td>\n<\/tr>\n<tr>\n<td width=\"263\">Distance du centre de charge<\/td>\n<td width=\"53\">mm<\/td>\n<td width=\"138\">500<\/td>\n<\/tr>\n<tr>\n<td width=\"263\">Hauteur de levage libre<\/td>\n<td width=\"53\">mm<\/td>\n<td width=\"138\">100<\/td>\n<\/tr>\n<tr>\n<td width=\"263\">Longueur totale (avec fourche\/sans fourche)<\/td>\n<td width=\"53\">mm<\/td>\n<td width=\"138\">3180\/2260<\/td>\n<\/tr>\n<tr>\n<td width=\"263\">Largeur<\/td>\n<td width=\"53\">mm<\/td>\n<td width=\"138\">1090<\/td>\n<\/tr>\n<tr>\n<td width=\"263\">Hauteur du garde-corps<\/td>\n<td width=\"53\">mm<\/td>\n<td width=\"138\">2050<\/td>\n<\/tr>\n<tr>\n<td width=\"263\">Empattement<\/td>\n<td width=\"53\">mm<\/td>\n<td width=\"138\">1400<\/td>\n<\/tr>\n<tr>\n<td width=\"263\">Garde au sol minimale<\/td>\n<td width=\"53\">mm<\/td>\n<td width=\"138\">110<\/td>\n<\/tr>\n<tr>\n<td width=\"263\">Angle d'inclinaison du m\u00e2t (avant\/arri\u00e8re)<\/td>\n<td width=\"53\">%<\/td>\n<td width=\"138\">6\/12<\/td>\n<\/tr>\n<tr>\n<td width=\"263\">Num\u00e9ro de pneu (avant)<\/td>\n<td width=\"53\">&nbsp;<\/td>\n<td width=\"138\">6.5-10-10PR<\/td>\n<\/tr>\n<tr>\n<td width=\"263\">Num\u00e9ro de pneu (arri\u00e8re)<\/td>\n<td width=\"53\">&nbsp;<\/td>\n<td width=\"138\">5.00-8-10PR<\/td>\n<\/tr>\n<tr>\n<td width=\"263\">Rayon de braquage minimum (ext\u00e9rieur)<\/td>\n<td width=\"53\">mm<\/td>\n<td width=\"138\">1950<\/td>\n<\/tr>\n<tr>\n<td width=\"263\">Largeur minimale de l'all\u00e9e \u00e0 angle droit<\/td>\n<td width=\"53\">mm<\/td>\n<td width=\"138\">3630<\/td>\n<\/tr>\n<tr>\n<td width=\"263\">Taille de la fourche<\/td>\n<td width=\"53\">mm<\/td>\n<td width=\"138\">1070X100X45<\/td>\n<\/tr>\n<tr>\n<td width=\"263\">Vitesse de travail maximale (\u00e0 pleine charge\/\u00e0 vide)<\/td>\n<td width=\"53\">km\/h<\/td>\n<td width=\"138\">14\/15<\/td>\n<\/tr>\n<tr>\n<td width=\"263\">Vitesse maximale Vitesse (\u00e0 pleine charge\/\u00e0 vide)<\/td>\n<td width=\"53\">mm\/s<\/td>\n<td width=\"138\">500\/480<\/td>\n<\/tr>\n<tr>\n<td width=\"263\">Pente maximale (\u00e0 pleine charge\/\u00e0 vide)<\/td>\n<td width=\"53\">%<\/td>\n<td width=\"138\">20\/21<\/td>\n<\/tr>\n<tr>\n<td width=\"263\">Poids total<\/td>\n<td width=\"53\">kg<\/td>\n<td width=\"138\">2900<\/td>\n<\/tr>\n<tr>\n<td width=\"263\">Moteur<\/td>\n<td width=\"53\">&nbsp;<\/td>\n<td width=\"138\">K21<\/td>\n<\/tr>\n<tr>\n<td width=\"263\">Type de changement de pouvoir<\/td>\n<td width=\"53\">&nbsp;<\/td>\n<td width=\"138\">Automatique<\/td>\n<\/tr>\n<\/tbody>\n<\/table>","protected":false},"featured_media":3763,"template":"","meta":{"_seopress_robots_primary_cat":"none","_seopress_titles_title":"","_seopress_titles_desc":"","_seopress_robots_index":"","_joinchat":[]},"product_cat":[54],"product_tag":[],"class_list":{"0":"post-2731","1":"product","2":"type-product","3":"status-publish","4":"has-post-thumbnail","6":"product_cat-other-products","8":"first","9":"instock","10":"shipping-taxable","11":"product-type-simple"},"_links":{"self":[{"href":"https:\/\/www.zhsmixer.com\/fr\/wp-json\/wp\/v2\/product\/2731"}],"collection":[{"href":"https:\/\/www.zhsmixer.com\/fr\/wp-json\/wp\/v2\/product"}],"about":[{"href":"https:\/\/www.zhsmixer.com\/fr\/wp-json\/wp\/v2\/types\/product"}],"version-history":[{"count":16,"href":"https:\/\/www.zhsmixer.com\/fr\/wp-json\/wp\/v2\/product\/2731\/revisions"}],"predecessor-version":[{"id":3766,"href":"https:\/\/www.zhsmixer.com\/fr\/wp-json\/wp\/v2\/product\/2731\/revisions\/3766"}],"wp:featuredmedia":[{"embeddable":true,"href":"https:\/\/www.zhsmixer.com\/fr\/wp-json\/wp\/v2\/media\/3763"}],"wp:attachment":[{"href":"https:\/\/www.zhsmixer.com\/fr\/wp-json\/wp\/v2\/media?parent=2731"}],"wp:term":[{"taxonomy":"product_cat","embeddable":true,"href":"https:\/\/www.zhsmixer.com\/fr\/wp-json\/wp\/v2\/product_cat?post=2731"},{"taxonomy":"product_tag","embeddable":true,"href":"https:\/\/www.zhsmixer.com\/fr\/wp-json\/wp\/v2\/product_tag?post=2731"}],"curies":[{"name":"wp","href":"https:\/\/api.w.org\/{rel}","templated":true}]}}