{"id":2669,"date":"2024-04-16T17:27:31","date_gmt":"2024-04-16T09:27:31","guid":{"rendered":"https:\/\/www.zhsmixer.com\/?post_type=product&#038;p=2669"},"modified":"2026-01-30T18:57:19","modified_gmt":"2026-01-30T10:57:19","slug":"3-5ton-site-dumper","status":"publish","type":"product","link":"https:\/\/www.zhsmixer.com\/fr\/produit\/3-dumpers-de-chantier-de-5-tonnes\/","title":{"rendered":"3ton Site Dumper"},"content":{"rendered":"","protected":false},"excerpt":{"rendered":"<div class=\"lake-content\">\n<div class=\"lake-content\">\n<div class=\"lake-content\">\n<table style=\"height: 80px;\" width=\"1602\">\n<tbody>\n<tr>\n<td width=\"263\"><\/td>\n<td width=\"72\"><\/td>\n<td width=\"156\">30D<\/td>\n<\/tr>\n<tr>\n<td>Taille du v\u00e9hicule (L\u00d7L\u00d7H)<\/td>\n<td>mm<\/td>\n<td>4400\u00d72000\u00d72670<\/td>\n<\/tr>\n<tr>\n<td>Empattement<\/td>\n<td>mm<\/td>\n<td>2500<\/td>\n<\/tr>\n<tr>\n<td>Poids total<\/td>\n<td>kg<\/td>\n<td>3300<\/td>\n<\/tr>\n<tr>\n<td>Formulaire de conduite<\/td>\n<td><\/td>\n<td>4 roues motrices<\/td>\n<\/tr>\n<tr>\n<td>Pneus<\/td>\n<td><\/td>\n<td>20.5-16<\/td>\n<\/tr>\n<tr>\n<td>Essieu moteur<\/td>\n<td><\/td>\n<td>C\u00f4t\u00e9 roue Essieu<\/td>\n<\/tr>\n<tr>\n<td>Moteur<\/td>\n<td><\/td>\n<td>YN25GBZ<\/td>\n<\/tr>\n<tr>\n<td>Puissance du moteur<\/td>\n<td>kw<\/td>\n<td>37<\/td>\n<\/tr>\n<tr>\n<td>Bo\u00eete de vitesses<\/td>\n<td><\/td>\n<td>Bo\u00eete de vitesses automatique<\/td>\n<\/tr>\n<tr>\n<td>Vitesse de d\u00e9placement<\/td>\n<td>km\/h<\/td>\n<td>30<\/td>\n<\/tr>\n<tr>\n<td>Pouvoir de classement maximal<\/td>\n<td>\u00b0<\/td>\n<td>30<\/td>\n<\/tr>\n<tr>\n<td>Mini rayon de braquage<\/td>\n<td>mm<\/td>\n<td>4500<\/td>\n<\/tr>\n<tr>\n<td>Garde au sol minimale<\/td>\n<td>mm<\/td>\n<td>250<\/td>\n<\/tr>\n<tr>\n<td>capacit\u00e9 de la louche<\/td>\n<td>m\u00b3<\/td>\n<td>1.6<\/td>\n<\/tr>\n<tr>\n<td>Angle de rotation de la benne basculante<\/td>\n<td>\u00b0<\/td>\n<td>\u00b190\u00b0 (en option)<\/td>\n<\/tr>\n<tr>\n<td>Charge nominale<\/td>\n<td>kg<\/td>\n<td>3000<\/td>\n<\/tr>\n<\/tbody>\n<\/table>\n<\/div>\n<\/div>\n<\/div>","protected":false},"featured_media":3725,"template":"","meta":{"_seopress_robots_primary_cat":"none","_seopress_titles_title":"","_seopress_titles_desc":"","_seopress_robots_index":"","_joinchat":[]},"product_cat":[22],"product_tag":[],"class_list":{"0":"post-2669","1":"product","2":"type-product","3":"status-publish","4":"has-post-thumbnail","6":"product_cat-site-dumper","8":"first","9":"instock","10":"shipping-taxable","11":"product-type-simple"},"_links":{"self":[{"href":"https:\/\/www.zhsmixer.com\/fr\/wp-json\/wp\/v2\/product\/2669"}],"collection":[{"href":"https:\/\/www.zhsmixer.com\/fr\/wp-json\/wp\/v2\/product"}],"about":[{"href":"https:\/\/www.zhsmixer.com\/fr\/wp-json\/wp\/v2\/types\/product"}],"version-history":[{"count":27,"href":"https:\/\/www.zhsmixer.com\/fr\/wp-json\/wp\/v2\/product\/2669\/revisions"}],"predecessor-version":[{"id":4803,"href":"https:\/\/www.zhsmixer.com\/fr\/wp-json\/wp\/v2\/product\/2669\/revisions\/4803"}],"wp:featuredmedia":[{"embeddable":true,"href":"https:\/\/www.zhsmixer.com\/fr\/wp-json\/wp\/v2\/media\/3725"}],"wp:attachment":[{"href":"https:\/\/www.zhsmixer.com\/fr\/wp-json\/wp\/v2\/media?parent=2669"}],"wp:term":[{"taxonomy":"product_cat","embeddable":true,"href":"https:\/\/www.zhsmixer.com\/fr\/wp-json\/wp\/v2\/product_cat?post=2669"},{"taxonomy":"product_tag","embeddable":true,"href":"https:\/\/www.zhsmixer.com\/fr\/wp-json\/wp\/v2\/product_tag?post=2669"}],"curies":[{"name":"wp","href":"https:\/\/api.w.org\/{rel}","templated":true}]}}