{"id":2108,"date":"2024-03-27T15:50:06","date_gmt":"2024-03-27T07:50:06","guid":{"rendered":"https:\/\/www.zhsmixer.com\/?post_type=product&#038;p=2108"},"modified":"2024-05-16T17:58:25","modified_gmt":"2024-05-16T09:58:25","slug":"zhs5500l-self-loading-concrete-mixer","status":"publish","type":"product","link":"https:\/\/www.zhsmixer.com\/fr\/produit\/zhs5500l-self-loading-concrete-mixer\/","title":{"rendered":"B\u00e9tonni\u00e8re \u00e0 chargement automatique Zhs5500L"},"content":{"rendered":"","protected":false},"excerpt":{"rendered":"<table width=\"275\">\n<tbody>\n<tr>\n<td width=\"134\"><\/td>\n<td width=\"141\">ZHS5500L<\/td>\n<\/tr>\n<tr>\n<td width=\"134\">Moteur<br \/>\n(Cummins en option)<\/td>\n<td width=\"141\">Yuchai Diesel Turbo 6 cylindres 92kw-Intercooled<\/td>\n<\/tr>\n<tr>\n<td>Volume total du tambour<\/td>\n<td>5500L<\/td>\n<\/tr>\n<tr>\n<td width=\"134\">Vitesse de rotation maximale du tambour<\/td>\n<td width=\"141\">0-22 tr\/min<\/td>\n<\/tr>\n<tr>\n<td>Pneumatique (avant-2)<\/td>\n<td>16\/70-R22.5<\/td>\n<\/tr>\n<tr>\n<td width=\"134\">Poids<\/td>\n<td width=\"141\">9500kg<\/td>\n<\/tr>\n<tr>\n<td>Capacit\u00e9 de la benne<\/td>\n<td>0.65 m\u00b3<\/td>\n<\/tr>\n<tr>\n<td width=\"134\">Degr\u00e9 d'aptitude \u00e0 l'emploi<\/td>\n<td width=\"141\">30\u00b0 (enti\u00e8rement)<\/td>\n<\/tr>\n<tr>\n<td>Vitesse du v\u00e9hicule<\/td>\n<td>0-32km\/h<\/td>\n<\/tr>\n<tr>\n<td>Syst\u00e8me de freinage<\/td>\n<td>Disque \u00e0 \u00e9trier<\/td>\n<\/tr>\n<tr>\n<td>Conduire<\/td>\n<td>4\u00d74 roues motrices<\/td>\n<\/tr>\n<\/tbody>\n<\/table>","protected":false},"featured_media":2368,"template":"","meta":{"_seopress_robots_primary_cat":"none","_seopress_titles_title":"","_seopress_titles_desc":"","_seopress_robots_index":"","_joinchat":[]},"product_cat":[21],"product_tag":[],"class_list":{"0":"post-2108","1":"product","2":"type-product","3":"status-publish","4":"has-post-thumbnail","6":"product_cat-self-loading-concrete-mixer","8":"first","9":"instock","10":"shipping-taxable","11":"product-type-simple"},"_links":{"self":[{"href":"https:\/\/www.zhsmixer.com\/fr\/wp-json\/wp\/v2\/product\/2108"}],"collection":[{"href":"https:\/\/www.zhsmixer.com\/fr\/wp-json\/wp\/v2\/product"}],"about":[{"href":"https:\/\/www.zhsmixer.com\/fr\/wp-json\/wp\/v2\/types\/product"}],"version-history":[{"count":8,"href":"https:\/\/www.zhsmixer.com\/fr\/wp-json\/wp\/v2\/product\/2108\/revisions"}],"predecessor-version":[{"id":3049,"href":"https:\/\/www.zhsmixer.com\/fr\/wp-json\/wp\/v2\/product\/2108\/revisions\/3049"}],"wp:featuredmedia":[{"embeddable":true,"href":"https:\/\/www.zhsmixer.com\/fr\/wp-json\/wp\/v2\/media\/2368"}],"wp:attachment":[{"href":"https:\/\/www.zhsmixer.com\/fr\/wp-json\/wp\/v2\/media?parent=2108"}],"wp:term":[{"taxonomy":"product_cat","embeddable":true,"href":"https:\/\/www.zhsmixer.com\/fr\/wp-json\/wp\/v2\/product_cat?post=2108"},{"taxonomy":"product_tag","embeddable":true,"href":"https:\/\/www.zhsmixer.com\/fr\/wp-json\/wp\/v2\/product_tag?post=2108"}],"curies":[{"name":"wp","href":"https:\/\/api.w.org\/{rel}","templated":true}]}}