{"id":2091,"date":"2024-03-27T15:27:45","date_gmt":"2024-03-27T07:27:45","guid":{"rendered":"https:\/\/www.zhsmixer.com\/?post_type=product&#038;p=2091"},"modified":"2024-05-16T17:57:51","modified_gmt":"2024-05-16T09:57:51","slug":"zhs3200l-self-loading-concrete-mixer","status":"publish","type":"product","link":"https:\/\/www.zhsmixer.com\/fr\/produit\/zhs3200l-self-loading-concrete-mixer\/","title":{"rendered":"B\u00e9tonni\u00e8re \u00e0 chargement automatique Zhs3200L"},"content":{"rendered":"","protected":false},"excerpt":{"rendered":"<table>\n<tbody>\n<tr>\n<td width=\"189\"><\/td>\n<td width=\"250\">ZHS3200L<\/td>\n<\/tr>\n<tr>\n<td width=\"189\">Moteur<br \/>\n(Cummins en option)<\/td>\n<td width=\"250\">Yuchai Diesel<br \/>\nTurbo 4 cylindres 78kw-Intercooled<\/td>\n<\/tr>\n<tr>\n<td width=\"189\">Volume total du tambour<\/td>\n<td width=\"250\">3200L<\/td>\n<\/tr>\n<tr>\n<td width=\"189\">Vitesse de rotation maximale du tambour<\/td>\n<td width=\"250\">0-20 tr\/min<\/td>\n<\/tr>\n<tr>\n<td width=\"189\">Pneumatique<\/td>\n<td width=\"250\">16\/70-R22.5<\/td>\n<\/tr>\n<tr>\n<td width=\"189\">Poids<\/td>\n<td width=\"250\">7500kg<\/td>\n<\/tr>\n<tr>\n<td width=\"189\">Degr\u00e9 d'aptitude \u00e0 l'emploi<\/td>\n<td width=\"250\">30\u00b0 (enti\u00e8rement)<\/td>\n<\/tr>\n<tr>\n<td width=\"189\">Vitesse du v\u00e9hicule<\/td>\n<td width=\"250\">0-32km\/h<\/td>\n<\/tr>\n<tr>\n<td width=\"189\">Syst\u00e8me de freinage<\/td>\n<td width=\"250\">Disque \u00e0 \u00e9trier<\/td>\n<\/tr>\n<tr>\n<td width=\"189\">Conduire<\/td>\n<td width=\"250\">4\u00d74 roues motrices<\/td>\n<\/tr>\n<\/tbody>\n<\/table>","protected":false},"featured_media":2352,"template":"","meta":{"_seopress_robots_primary_cat":"none","_seopress_titles_title":"","_seopress_titles_desc":"","_seopress_robots_index":"","_joinchat":[]},"product_cat":[21],"product_tag":[],"class_list":{"0":"post-2091","1":"product","2":"type-product","3":"status-publish","4":"has-post-thumbnail","6":"product_cat-self-loading-concrete-mixer","8":"first","9":"instock","10":"shipping-taxable","11":"product-type-simple"},"_links":{"self":[{"href":"https:\/\/www.zhsmixer.com\/fr\/wp-json\/wp\/v2\/product\/2091"}],"collection":[{"href":"https:\/\/www.zhsmixer.com\/fr\/wp-json\/wp\/v2\/product"}],"about":[{"href":"https:\/\/www.zhsmixer.com\/fr\/wp-json\/wp\/v2\/types\/product"}],"version-history":[{"count":8,"href":"https:\/\/www.zhsmixer.com\/fr\/wp-json\/wp\/v2\/product\/2091\/revisions"}],"predecessor-version":[{"id":3040,"href":"https:\/\/www.zhsmixer.com\/fr\/wp-json\/wp\/v2\/product\/2091\/revisions\/3040"}],"wp:featuredmedia":[{"embeddable":true,"href":"https:\/\/www.zhsmixer.com\/fr\/wp-json\/wp\/v2\/media\/2352"}],"wp:attachment":[{"href":"https:\/\/www.zhsmixer.com\/fr\/wp-json\/wp\/v2\/media?parent=2091"}],"wp:term":[{"taxonomy":"product_cat","embeddable":true,"href":"https:\/\/www.zhsmixer.com\/fr\/wp-json\/wp\/v2\/product_cat?post=2091"},{"taxonomy":"product_tag","embeddable":true,"href":"https:\/\/www.zhsmixer.com\/fr\/wp-json\/wp\/v2\/product_tag?post=2091"}],"curies":[{"name":"wp","href":"https:\/\/api.w.org\/{rel}","templated":true}]}}