{"id":2072,"date":"2024-03-27T14:35:48","date_gmt":"2024-03-27T06:35:48","guid":{"rendered":"https:\/\/www.zhsmixer.com\/?post_type=product&#038;p=2072"},"modified":"2024-05-16T17:58:47","modified_gmt":"2024-05-16T09:58:47","slug":"zhs2500l-self-loading-concrete-mixer","status":"publish","type":"product","link":"https:\/\/www.zhsmixer.com\/fr\/produit\/zhs2500l-self-loading-concrete-mixer\/","title":{"rendered":"B\u00e9tonni\u00e8re \u00e0 chargement automatique Zhs2500L"},"content":{"rendered":"","protected":false},"excerpt":{"rendered":"<table>\n<tbody>\n<tr>\n<td width=\"189\"><\/td>\n<td width=\"250\">ZHS2500L<\/td>\n<\/tr>\n<tr>\n<td width=\"189\">Moteur<br \/>\n(Cummins en option)<\/td>\n<td width=\"250\">Yuchai Diesel<br \/>\nTurbo 4-Cylinder 72kw-Intercooled<\/td>\n<\/tr>\n<tr>\n<td width=\"189\">Volume total du tambour<\/td>\n<td width=\"250\">2500L<\/td>\n<\/tr>\n<tr>\n<td width=\"189\">Vitesse de rotation maximale du tambour<\/td>\n<td width=\"250\">0-18 tr\/min<\/td>\n<\/tr>\n<tr>\n<td width=\"189\">Pneumatique<\/td>\n<td width=\"250\">16\/70-R20.5<\/td>\n<\/tr>\n<tr>\n<td width=\"189\">Poids<\/td>\n<td width=\"250\">6200kg<\/td>\n<\/tr>\n<tr>\n<td width=\"189\">Degr\u00e9 d'aptitude \u00e0 l'emploi<\/td>\n<td width=\"250\">30\u00b0 (enti\u00e8rement)<\/td>\n<\/tr>\n<tr>\n<td width=\"189\">Vitesse du v\u00e9hicule<\/td>\n<td width=\"250\">0-32km\/h<\/td>\n<\/tr>\n<tr>\n<td width=\"189\">Syst\u00e8me de freinage<\/td>\n<td width=\"250\">Disque \u00e0 \u00e9trier<\/td>\n<\/tr>\n<tr>\n<td width=\"189\">Conduire<\/td>\n<td width=\"250\">4\u00d74 roues motrices<\/td>\n<\/tr>\n<\/tbody>\n<\/table>","protected":false},"featured_media":2079,"template":"","meta":{"_seopress_robots_primary_cat":"none","_seopress_titles_title":"","_seopress_titles_desc":"","_seopress_robots_index":"","_joinchat":[]},"product_cat":[21],"product_tag":[],"class_list":{"0":"post-2072","1":"product","2":"type-product","3":"status-publish","4":"has-post-thumbnail","6":"product_cat-self-loading-concrete-mixer","8":"first","9":"instock","10":"shipping-taxable","11":"product-type-simple"},"_links":{"self":[{"href":"https:\/\/www.zhsmixer.com\/fr\/wp-json\/wp\/v2\/product\/2072"}],"collection":[{"href":"https:\/\/www.zhsmixer.com\/fr\/wp-json\/wp\/v2\/product"}],"about":[{"href":"https:\/\/www.zhsmixer.com\/fr\/wp-json\/wp\/v2\/types\/product"}],"version-history":[{"count":7,"href":"https:\/\/www.zhsmixer.com\/fr\/wp-json\/wp\/v2\/product\/2072\/revisions"}],"predecessor-version":[{"id":3061,"href":"https:\/\/www.zhsmixer.com\/fr\/wp-json\/wp\/v2\/product\/2072\/revisions\/3061"}],"wp:featuredmedia":[{"embeddable":true,"href":"https:\/\/www.zhsmixer.com\/fr\/wp-json\/wp\/v2\/media\/2079"}],"wp:attachment":[{"href":"https:\/\/www.zhsmixer.com\/fr\/wp-json\/wp\/v2\/media?parent=2072"}],"wp:term":[{"taxonomy":"product_cat","embeddable":true,"href":"https:\/\/www.zhsmixer.com\/fr\/wp-json\/wp\/v2\/product_cat?post=2072"},{"taxonomy":"product_tag","embeddable":true,"href":"https:\/\/www.zhsmixer.com\/fr\/wp-json\/wp\/v2\/product_tag?post=2072"}],"curies":[{"name":"wp","href":"https:\/\/api.w.org\/{rel}","templated":true}]}}