{"id":4416,"date":"2024-09-10T20:39:05","date_gmt":"2024-09-10T12:39:05","guid":{"rendered":"https:\/\/www.zhsmixer.com\/?post_type=product&#038;p=4416"},"modified":"2025-07-11T14:35:15","modified_gmt":"2025-07-11T06:35:15","slug":"10m%c2%b3-concrete-mixer-truck","status":"publish","type":"product","link":"https:\/\/www.zhsmixer.com\/es\/producto\/10m\u00b3-camion-hormigonera\/","title":{"rendered":"Cami\u00f3n hormigonera de 10m\u00b3"},"content":{"rendered":"<p>1) El cami\u00f3n hormigonera ZHS se compone principalmente de dos tipos de chasis de cami\u00f3n especial, barril mezclador, dispositivo de accionamiento hidr\u00e1ulico, dispositivo de control, sistema de suministro de agua, estante, dispositivo de alimentaci\u00f3n, escalera, rueda y as\u00ed sucesivamente.<\/p>\n<p>2) Con el fin de mejorar la vida \u00fatil de los productos, el barril mezclador, la cuchilla, la rejilla, la tolva de entrada y salida y otros componentes est\u00e1n hechos de aleaci\u00f3n de manganeso de alta resistencia al desgaste.<\/p>\n<p>3)Hemos terminado el granallado para reforzar el tratamiento para garantizar la calidad general de la pintura.<br \/>\n&#8212;&#8212;&#8212;&#8212;&#8212;-<\/p>\n<p>La presi\u00f3n de explosi\u00f3n y el sistema optimizado de inyecci\u00f3n\/combusti\u00f3n consiguen una amplia gama de velocidades con caracter\u00edsticas de consumo de combustible muy bajas.<\/p>\n<p>Los soportes delanteros y traseros del cami\u00f3n hormigonera de la maquinaria zhs adoptan el blanking del laser, que tiene alta precisi\u00f3n de la producci\u00f3n, tensi\u00f3n termal peque\u00f1a y alta fuerza total. lt es confirmado por datos experimentales que la vida de servicio es aumentada por 60%-80%.<\/p>\n<p>Las partes de entrada y salida del cami\u00f3n mezclador, el cuerpo del tanque y la cuchilla est\u00e1n hechos de material NM300TP de alta resistencia al desgaste, y la cuchilla est\u00e1 equipada con tiras resistentes al desgaste, lo que prolonga la vida \u00fatil y es duradera.<\/p>\n<p>Dise\u00f1o tridimensional curvado de doble pala en espiral logar\u00edtmica, buen rendimiento de mezcla, maximiza el rendimiento del veh\u00edculo, mejora en gran medida la asistencia del veh\u00edculo, mezcla m\u00e1s uniforme, descarga m\u00e1s r\u00e1pida, baja tasa residual y sin separaci\u00f3n.<\/p>\n<p>Importar tres grandes componentes para proporcionar una protecci\u00f3n de trabajo m\u00e1s segura el suministro de repuesto es oportuno y preciso,y el mantenimiento es conveniente para asegurar que los usuarios pueden utilizar y producir con tranquilidad.<\/p>\n<p>Una variedad de chasis para elegir: Sinotruck, Shanxi Automobile, FAW, Dongfeng, Auman y otros fabricantes de camiones pesados de primer nivel en la industria.<\/p>\n<p>Los accesorios hidr\u00e1ulicos clave incluyen: La bomba de \u00e9mbolo hidr\u00e1ulico, el mecanismo de ajuste con servo, el motor hidr\u00e1ulico y el reductor son todos de marcas internacionalmente conocidas como Rexroth, Eaton, SAUER, PMP, Bonfiqlioli y ZF.<\/p>\n<p>&#8212;&#8212;&#8212;&#8212;&#8212;&#8211;<\/p>\n<p>El cami\u00f3n mezclador Sany SY308C-8(R Dry) con capacidad de mezcla de 8 metros c\u00fabicos est\u00e1 equipado con un bastidor auxiliar integrado de ultra alta resistencia, asegurando su estabilidad y alta resistencia. El cami\u00f3n mezclador de 8 metros c\u00fabicos puede adaptarse a diversas condiciones duras y mejora su vida \u00fatil.<\/p>\n<p>Cabina especializada<\/p>\n<p>- Seguro y fiable<\/p>\n<p>La estructura del armaz\u00f3n y la soldadura de la carrocer\u00eda se realizan mediante robot, lo que ofrece la regulaci\u00f3n y certificaci\u00f3n m\u00e1s estrictas en materia de colisi\u00f3n frontal y presi\u00f3n superior. El dise\u00f1o del panel de instrumentos y los espejos retrovisores es superior a la norma nacional, y no hay \u00e1ngulos muertos en el rango de visi\u00f3n omnidireccional.<\/p>\n<p>- Antifatiga y amortiguador<\/p>\n<p>Con una cabina de amortiguaci\u00f3n de cuatro puntos de suspensi\u00f3n total y tecnolog\u00eda de sellado de puertas de doble capa y reducci\u00f3n de ruido, el efecto de amortiguaci\u00f3n de la cabina iguala al de los mejores modelos de Europa, Am\u00e9rica y Jap\u00f3n. La cabina mitiga la fatiga de una conducci\u00f3n accidentada, permiti\u00e9ndole trabajar m\u00e1s f\u00e1cilmente y durante m\u00e1s tiempo.<br \/>\nAdem\u00e1s, la cabina mantiene el ruido al m\u00ednimo y es est\u00e9ticamente agradable a la vista gracias a la tapicer\u00eda interior en rojo y negro. El volante tambi\u00e9n est\u00e1 equipado con las \u00faltimas tecnolog\u00edas Bluetooth.<\/p>\n<p>- Mantenimiento c\u00f3modo y r\u00e1pido<\/p>\n<p>La cabina puede inclinarse en gran \u00e1ngulo, por lo que piezas como el motor y la caja de cambios pueden sacarse de la cabina para su mantenimiento. El aire acondicionado montado en la parte delantera tambi\u00e9n puede repararse f\u00e1cilmente abriendo el panel frontal.<\/p>\n<p>- Estilo elegante<\/p>\n<p>Los componentes se han dise\u00f1ado con elegancia, con molduras interiores con incrustaciones de titanio y plata, panel de instrumentos y asientos de alta calidad, que le permitir\u00e1n trabajar con estilo y comodidad.<\/p>\n<p>Tecnolog\u00eda de ahorro de energ\u00eda<br \/>\nEl motor es capaz de funcionar en doble potencia, lo que le permite adaptarse a diferentes condiciones de trabajo. Con la tecnolog\u00eda de adaptaci\u00f3n al cami\u00f3n hormigonera, el consumo de combustible disminuye en 10%.<\/p>\n<p>Tecnolog\u00eda Low Deck<br \/>\nLa \"estructura sin subchasis\" sin precedentes de la serie reduce la cubierta de la carretilla de 140 mm a 200 mm. A\u00f1os de inversi\u00f3n en I+D han dado como resultado una estructura de bastidor \u00f3ptima que le confiere estabilidad y fiabilidad.<\/p>\n<p>Tecnolog\u00eda de direcci\u00f3n flexible<br \/>\nAl utilizar una bomba de aceite de direcci\u00f3n asistida de gran cilindrada, la fuerza de accionamiento necesaria disminuye en 40% y se facilita la direcci\u00f3n. Hemos optimizado el conducto del chasis y el \u00e1ngulo de direcci\u00f3n del eje delantero, disminuyendo el di\u00e1metro de direcci\u00f3n del cami\u00f3n hormigonera en 15%. Esto le proporciona un mayor control incluso sobre los detalles m\u00e1s peque\u00f1os de su cami\u00f3n hormigonera.<\/p>\n<p>Tecnolog\u00eda antiacumulaci\u00f3n<br \/>\nLa cuchilla plegada de tres secciones incorporada ayuda a aumentar el \u00e1ngulo de deslizamiento de la descarga, disminuyendo la acumulaci\u00f3n. Adem\u00e1s, en el cono trasero se ha instalado un dispositivo de lavado, un innovador cono delantero y una estructura de conexi\u00f3n bal-crown para eliminar el \u00e1rido estancado en el espacio muerto y evitar que el \u00e1rido se acumule en los conos delantero y trasero. De este modo, la tasa residual en el puerto de descarga disminuye a 0,4%.<\/p>\n<p>Tecnolog\u00eda de funcionamiento inteligente<br \/>\nEl cami\u00f3n est\u00e1 equipado con un sistema GPS, monitorizaci\u00f3n de camiones hormigonera, reproducci\u00f3n de registros, alarma de eventos, gesti\u00f3n de camiones y estad\u00edsticas. Puede supervisar al instante la ubicaci\u00f3n del cami\u00f3n hormigonera, el nivel de aceite y la descarga.<\/p>\n<p>Recordatorios de mantenimiento<br \/>\nLa serie C8 ofrece un servicio de alarma de mantenimiento para los componentes clave de la carretilla (incluidos el motor, los ejes y la caja de cambios, entre otros) para ayudarle a estar al tanto del mantenimiento de la carretilla y minimizar los posibles da\u00f1os.<\/p>","protected":false},"excerpt":{"rendered":"<table style=\"height: 435px;\" width=\"1263\">\n<tbody>\n<tr>\n<td width=\"204\">Modelo<\/td>\n<td width=\"72\">Unidad<\/td>\n<td width=\"150\">10m\u00b3<\/td>\n<\/tr>\n<tr>\n<td width=\"204\">\u00a0Tipo de mezcla<\/td>\n<td width=\"72\">\/<\/td>\n<td width=\"150\">H\u00famedo\/Seco<\/td>\n<\/tr>\n<tr>\n<td width=\"204\">\u00a0Volumen geom\u00e9trico del tambor<\/td>\n<td width=\"72\">m\u00b3<\/td>\n<td width=\"150\">14.4<\/td>\n<\/tr>\n<tr>\n<td width=\"204\">\u00a0Material del tambor y las cuchillas<\/td>\n<td width=\"72\">\/<\/td>\n<td width=\"150\">520JJ<\/td>\n<\/tr>\n<tr>\n<td width=\"204\">\u00a0\u00c1ngulo de inclinaci\u00f3n del tambor<\/td>\n<td width=\"72\">\/<\/td>\n<td width=\"150\">13.5<\/td>\n<\/tr>\n<tr>\n<td width=\"204\">\u00a0Tasa de relleno<\/td>\n<td width=\"72\">%<\/td>\n<td width=\"150\">69.4<\/td>\n<\/tr>\n<tr>\n<td width=\"204\">\u00a0Tasa residual<\/td>\n<td width=\"72\">%<\/td>\n<td width=\"150\">&lt;0.2<\/td>\n<\/tr>\n<tr>\n<td width=\"204\">\u00a0Velocidad de carga<\/td>\n<td width=\"72\">m\u00b3\/min<\/td>\n<td width=\"150\">\u22653<\/td>\n<\/tr>\n<tr>\n<td width=\"204\">\u00a0Velocidad de descarga<\/td>\n<td width=\"72\">m\u00b3\/min<\/td>\n<td width=\"150\">&gt;1<\/td>\n<\/tr>\n<tr>\n<td width=\"204\">\u00a0Velocidad de mezcla<\/td>\n<td width=\"72\">r\/min<\/td>\n<td width=\"150\">0-14<\/td>\n<\/tr>\n<tr>\n<td width=\"204\">\u00a0Bomba hidr\u00e1ulica<\/td>\n<td width=\"72\">\/<\/td>\n<td width=\"150\">Eaton\/PMP<\/td>\n<\/tr>\n<tr>\n<td width=\"204\">\u00a0Motor hidr\u00e1ulico<\/td>\n<td width=\"72\">\/<\/td>\n<td width=\"150\">Eaton\/PMP<\/td>\n<\/tr>\n<tr>\n<td width=\"204\">\u00a0Reductor<\/td>\n<td width=\"72\">\/<\/td>\n<td width=\"150\">Bonfiglioli\/PMP<\/td>\n<\/tr>\n<tr>\n<td width=\"204\">\u00a0Radiador<\/td>\n<td width=\"72\">\/<\/td>\n<td width=\"150\">KT-18<\/td>\n<\/tr>\n<tr>\n<td width=\"204\">\u00a0Capacidad del dep\u00f3sito de agua<\/td>\n<td width=\"72\">L<\/td>\n<td width=\"150\">350<\/td>\n<\/tr>\n<tr>\n<td width=\"204\">\u00a0Suministro de agua<\/td>\n<td width=\"72\">\/<\/td>\n<td width=\"150\">Aire<\/td>\n<\/tr>\n<tr>\n<td width=\"204\">\u00a0Intervalo de asentamiento<\/td>\n<td width=\"72\">mm<\/td>\n<td width=\"150\">50-210<\/td>\n<\/tr>\n<tr>\n<td width=\"204\">\u00a0Presi\u00f3n del suministro de agua<\/td>\n<td width=\"72\">MPa<\/td>\n<td width=\"150\">0.3<\/td>\n<\/tr>\n<tr>\n<td width=\"204\">\u00a0Dimensiones generales (L*A*A)<\/td>\n<td width=\"72\">mm<\/td>\n<td width=\"150\">6190\u00d72600\u00d72696<\/td>\n<\/tr>\n<\/tbody>\n<\/table>","protected":false},"featured_media":4436,"template":"","meta":{"_seopress_robots_primary_cat":"","_seopress_titles_title":"","_seopress_titles_desc":"","_seopress_robots_index":"","_joinchat":[]},"product_cat":[54],"product_tag":[],"class_list":{"0":"post-4416","1":"product","2":"type-product","3":"status-publish","4":"has-post-thumbnail","6":"product_cat-other-products","8":"first","9":"instock","10":"shipping-taxable","11":"product-type-simple"},"_links":{"self":[{"href":"https:\/\/www.zhsmixer.com\/es\/wp-json\/wp\/v2\/product\/4416"}],"collection":[{"href":"https:\/\/www.zhsmixer.com\/es\/wp-json\/wp\/v2\/product"}],"about":[{"href":"https:\/\/www.zhsmixer.com\/es\/wp-json\/wp\/v2\/types\/product"}],"version-history":[{"count":1,"href":"https:\/\/www.zhsmixer.com\/es\/wp-json\/wp\/v2\/product\/4416\/revisions"}],"predecessor-version":[{"id":4437,"href":"https:\/\/www.zhsmixer.com\/es\/wp-json\/wp\/v2\/product\/4416\/revisions\/4437"}],"wp:featuredmedia":[{"embeddable":true,"href":"https:\/\/www.zhsmixer.com\/es\/wp-json\/wp\/v2\/media\/4436"}],"wp:attachment":[{"href":"https:\/\/www.zhsmixer.com\/es\/wp-json\/wp\/v2\/media?parent=4416"}],"wp:term":[{"taxonomy":"product_cat","embeddable":true,"href":"https:\/\/www.zhsmixer.com\/es\/wp-json\/wp\/v2\/product_cat?post=4416"},{"taxonomy":"product_tag","embeddable":true,"href":"https:\/\/www.zhsmixer.com\/es\/wp-json\/wp\/v2\/product_tag?post=4416"}],"curies":[{"name":"wp","href":"https:\/\/api.w.org\/{rel}","templated":true}]}}