{"id":4357,"date":"2024-09-10T17:23:58","date_gmt":"2024-09-10T09:23:58","guid":{"rendered":"https:\/\/www.zhsmixer.com\/?post_type=product&#038;p=4357"},"modified":"2025-07-11T14:36:50","modified_gmt":"2025-07-11T06:36:50","slug":"3-0ton-mini-excavator","status":"publish","type":"product","link":"https:\/\/www.zhsmixer.com\/es\/producto\/miniexcavadora-de-3-0-toneladas\/","title":{"rendered":"Miniexcavadora de 3,0 toneladas"},"content":{"rendered":"<p>1.Las zapatas de oruga ensanchadas garantizan una baja presi\u00f3n sobre el suelo, una alta estabilidad y una potente tracci\u00f3n para realizar operaciones horizontales precisas.<br \/>\n2.El embrague y el freno de direcci\u00f3n de tipo h\u00famedo pueden prolongar la vida \u00fatil y est\u00e1n interconectados entre s\u00ed para garantizar la rapidez y la flexibilidad.<br \/>\ncontroles de direcci\u00f3n mediante joysticks.<br \/>\n3.Puede completar las operaciones de excavaci\u00f3n, manipulaci\u00f3n y vertido de los movimientos de tierra y es adecuado para las construcciones de ingenier\u00eda para carreteras, granjas, proyectos de conservaci\u00f3n de agua, proyectos municipales y proyectos de energ\u00eda.<br \/>\n4. La excavadora hidr\u00e1ulica peque\u00f1a cuenta con un tama\u00f1o peque\u00f1o, operaci\u00f3n flexible y facilidad de tr\u00e1nsito favorable, y puede trabajar libremente en lugares peque\u00f1os y estrechos. Por lo general, la excavadora se aplica en la construcci\u00f3n urbana, paisajismo, y el riego y la conservaci\u00f3n del agua, etc.<br \/>\n5.Configuraci\u00f3n de gama alta y calidad superexcelente, experiencia de conducci\u00f3n de alta calidad, solidez, alta eficiencia y durabilidad, reparaci\u00f3n y mantenimiento convenientes y eficientes. Configuraci\u00f3n opcional: defendemos la filosof\u00eda \"Todo en uno\".<\/p>\n<p>Caracter\u00edsticas:<br \/>\n1. Las excavadoras de dimensiones compactas pueden pasar f\u00e1cilmente por pasillos y puertas estrechas.<br \/>\n2. El tren de rodaje retr\u00e1ctil y la hoja d\u00f3zer permiten configurar las excavadoras para obtener una excelente estabilidad de trabajo y un rendimiento \u00f3ptimo.<br \/>\n3. El potente motor y el sistema hidr\u00e1ulico perfectamente adaptado proporcionan un rendimiento eficiente, econ\u00f3mico y fiable para los trabajos m\u00e1s duros.<br \/>\n4. Las mangueras de la cuchara est\u00e1n bien protegidas dentro de la pluma y el cilindro est\u00e1 montado por encima de la estructura.<br \/>\n5. La zona del operador es espaciosa y est\u00e1 dise\u00f1ada para ofrecer comodidad y facilidad de uso.<br \/>\n6. El excelente motor proporciona una excelente potencia con un uso m\u00ednimo de combustible para una mayor productividad por dep\u00f3sito.<\/p>\n<p>Concepto de dise\u00f1o<br \/>\n1.El veh\u00edculo completo adopta un motor original que es importado de una marca de renombre internacional, Adem\u00e1s, introduce el sistema de control de potencia constante para dar un giro completo a la potencia del motor, y para proporcionar a la excavadora una fuerte potencia.<br \/>\n2. La excavadora hidr\u00e1ulica mediana tiene un excelente rendimiento ambiental y gran potencia, junto con un dise\u00f1o de bajo consumo de combustible, los costos de operaci\u00f3n se reducen significativamente.<br \/>\n3.Asientos de cuero, con cinturones de seguridad y pasamanos, regulables antes y despu\u00e9s, con esquinas traseras ajustables.<br \/>\n4.La manguera hidr\u00e1ulica continental de la marca alemana MA es una marca internacional con una calidad estable y fiable.<br \/>\n5.La manguera hidr\u00e1ulica externa est\u00e1 equipada con retenedor de resorte y manguera de protecci\u00f3n en espiral para evitar la fricci\u00f3n, colisi\u00f3n, flexi\u00f3n y otros da\u00f1os.<br \/>\n6.Las palancas de acci\u00f3n est\u00e1n equipadas con cubiertas antipolvo y pasamanos port\u00e1tiles<br \/>\n7.La consola principal se compone de tres partes. La forma general es como un \"pu\u00f1o\", rico en tensi\u00f3n, dise\u00f1o de tendencia aerodin\u00e1mica, tranquilo y dominante, que est\u00e1 en consonancia con la est\u00e9tica de Oriente y Occidente. El conector adopta una junta de cabeza avellanada de acero inoxidable + tornillo Allen de cabeza avellanada, que tiene buenos efectos de fijaci\u00f3n y decorativos. La cubierta integrada del instrumento en la parte delantera es f\u00e1cil de desmontar, y el mantenimiento posterior de los componentes el\u00e9ctricos y la v\u00e1lvula principal resulta especialmente c\u00f3modo.<\/p>\n<p>Tambi\u00e9n podemos ofrecer servicios privados de personalizaci\u00f3n seg\u00fan sus necesidades<\/p>\n<p>1. Accesorios opcionales: martillos rompedores, barrenas, rastrillos, enganches r\u00e1pidos, astilladoras, recogedores de troncos, cubos de todos los tama\u00f1os y mucho m\u00e1s...<\/p>\n<p>2.Color y estilo se pueden personalizar.<\/p>\n<p>3.Diferentes tipos de motores se pueden combinar de acuerdo a sus diferentes necesidades.<\/p>\n<p>4.Nuestra f\u00e1brica puede proporcionar servicios de logotipo personalizado privado de acuerdo a sus necesidades, personalizar estilos de acuerdo a sus preferencias, y ser su fundici\u00f3n.<\/p>","protected":false},"excerpt":{"rendered":"<p>1.The widened track shoes guarantee low ground pressure, high stability, and powerful traction to fulfill precise horizontal operations. 2.The wet type steering clutch and brake can prolong the service life and are interlinked with each other toguarantee the rapid and flexible steeringcontrols by joysticks. 3.It can complete the digging, handling, and landfill operations of earthworks [&hellip;]<\/p>","protected":false},"featured_media":4360,"template":"","meta":{"_seopress_robots_primary_cat":"none","_seopress_titles_title":"","_seopress_titles_desc":"","_seopress_robots_index":"","_joinchat":[]},"product_cat":[54],"product_tag":[],"class_list":{"0":"post-4357","1":"product","2":"type-product","3":"status-publish","4":"has-post-thumbnail","6":"product_cat-other-products","8":"first","9":"instock","10":"shipping-taxable","11":"product-type-simple"},"_links":{"self":[{"href":"https:\/\/www.zhsmixer.com\/es\/wp-json\/wp\/v2\/product\/4357"}],"collection":[{"href":"https:\/\/www.zhsmixer.com\/es\/wp-json\/wp\/v2\/product"}],"about":[{"href":"https:\/\/www.zhsmixer.com\/es\/wp-json\/wp\/v2\/types\/product"}],"version-history":[{"count":1,"href":"https:\/\/www.zhsmixer.com\/es\/wp-json\/wp\/v2\/product\/4357\/revisions"}],"predecessor-version":[{"id":4365,"href":"https:\/\/www.zhsmixer.com\/es\/wp-json\/wp\/v2\/product\/4357\/revisions\/4365"}],"wp:featuredmedia":[{"embeddable":true,"href":"https:\/\/www.zhsmixer.com\/es\/wp-json\/wp\/v2\/media\/4360"}],"wp:attachment":[{"href":"https:\/\/www.zhsmixer.com\/es\/wp-json\/wp\/v2\/media?parent=4357"}],"wp:term":[{"taxonomy":"product_cat","embeddable":true,"href":"https:\/\/www.zhsmixer.com\/es\/wp-json\/wp\/v2\/product_cat?post=4357"},{"taxonomy":"product_tag","embeddable":true,"href":"https:\/\/www.zhsmixer.com\/es\/wp-json\/wp\/v2\/product_tag?post=4357"}],"curies":[{"name":"wp","href":"https:\/\/api.w.org\/{rel}","templated":true}]}}