{"id":3854,"date":"2024-07-24T16:22:04","date_gmt":"2024-07-24T08:22:04","guid":{"rendered":"https:\/\/www.zhsmixer.com\/?post_type=product&#038;p=3854"},"modified":"2025-07-11T14:39:04","modified_gmt":"2025-07-11T06:39:04","slug":"10ton-diesel-forklift","status":"publish","type":"product","link":"https:\/\/www.zhsmixer.com\/es\/producto\/10ton-diesel-forklift\/","title":{"rendered":"Carretilla elevadora diesel de 10 toneladas"},"content":{"rendered":"","protected":false},"excerpt":{"rendered":"<table style=\"border-collapse: collapse; width: 1704px; height: 334px;\" border=\"0\" width=\"582\" cellspacing=\"0\" cellpadding=\"0\">\n<tbody>\n<tr style=\"height: 17.00pt;\">\n<td class=\"et2\" style=\"height: 17.00pt; width: 232.55pt;\" width=\"310\" height=\"22\">Modelo<\/td>\n<td class=\"et3\" style=\"width: 72.80pt;\" width=\"97\"><\/td>\n<td class=\"et4\" style=\"width: 131.70pt;\" width=\"175\">CPCD100<\/td>\n<\/tr>\n<tr style=\"height: 17.00pt;\">\n<td class=\"et5\" style=\"height: 17.00pt; width: 232.55pt;\" width=\"310\" height=\"22\">Carga de elevaci\u00f3n nominal<\/td>\n<td class=\"et6\" style=\"width: 72.80pt;\" width=\"97\">kg<\/td>\n<td class=\"et6\" style=\"width: 131.70pt;\" width=\"175\">10000<\/td>\n<\/tr>\n<tr style=\"height: 17.00pt;\">\n<td class=\"et5\" style=\"height: 17.00pt; width: 232.55pt;\" width=\"310\" height=\"22\">Distancia del centro de carga<\/td>\n<td class=\"et6\" style=\"width: 72.80pt;\" width=\"97\">mm<\/td>\n<td class=\"et6\" style=\"width: 131.70pt;\" width=\"175\">600<\/td>\n<\/tr>\n<tr style=\"height: 17.00pt;\">\n<td class=\"et5\" style=\"height: 17.00pt; width: 232.55pt;\" width=\"310\" height=\"22\">Elevaci\u00f3n libre Altura<\/td>\n<td class=\"et6\" style=\"width: 72.80pt;\" width=\"97\">mm<\/td>\n<td class=\"et6\" style=\"width: 131.70pt;\" width=\"175\">200<\/td>\n<\/tr>\n<tr style=\"height: 17.00pt;\">\n<td class=\"et5\" style=\"height: 17.00pt; width: 232.55pt;\" width=\"310\" height=\"22\">Longitud total (con horquilla\/sin horquilla)<\/td>\n<td class=\"et6\" style=\"width: 72.80pt;\" width=\"97\">mm<\/td>\n<td class=\"et6\" style=\"width: 131.70pt;\" width=\"175\">5497\/4277<\/td>\n<\/tr>\n<tr style=\"height: 17.00pt;\">\n<td class=\"et5\" style=\"height: 17.00pt; width: 232.55pt;\" width=\"310\" height=\"22\">Anchura<\/td>\n<td class=\"et6\" style=\"width: 72.80pt;\" width=\"97\">mm<\/td>\n<td class=\"et6\" style=\"width: 131.70pt;\" width=\"175\">2245<\/td>\n<\/tr>\n<tr style=\"height: 17.00pt;\">\n<td class=\"et5\" style=\"height: 17.00pt; width: 232.55pt;\" width=\"310\" height=\"22\">Altura de la protecci\u00f3n superior<\/td>\n<td class=\"et6\" style=\"width: 72.80pt;\" width=\"97\">mm<\/td>\n<td class=\"et6\" style=\"width: 131.70pt;\" width=\"175\">2570<\/td>\n<\/tr>\n<tr style=\"height: 17.00pt;\">\n<td class=\"et5\" style=\"height: 17.00pt; width: 232.55pt;\" width=\"310\" height=\"22\">Distancia entre ejes<\/td>\n<td class=\"et6\" style=\"width: 72.80pt;\" width=\"97\">mm<\/td>\n<td class=\"et6\" style=\"width: 131.70pt;\" width=\"175\">2800<\/td>\n<\/tr>\n<tr style=\"height: 17.00pt;\">\n<td class=\"et5\" style=\"height: 17.00pt; width: 232.55pt;\" width=\"310\" height=\"22\">Distancia m\u00ednima al suelo<\/td>\n<td class=\"et6\" style=\"width: 72.80pt;\" width=\"97\">mm<\/td>\n<td class=\"et6\" style=\"width: 131.70pt;\" width=\"175\">250<\/td>\n<\/tr>\n<tr style=\"height: 17.00pt;\">\n<td class=\"et5\" style=\"height: 17.00pt; width: 232.55pt;\" width=\"310\" height=\"22\">\u00c1ngulo de inclinaci\u00f3n del m\u00e1stil (delantero\/trasero)<\/td>\n<td class=\"et6\" style=\"width: 72.80pt;\" width=\"97\">%<\/td>\n<td class=\"et7\" style=\"width: 131.70pt;\" width=\"175\">10\u670812\u65e5<\/td>\n<\/tr>\n<tr style=\"height: 17.00pt;\">\n<td class=\"et8\" style=\"height: 34.00pt; width: 232.55pt;\" rowspan=\"2\" width=\"310\" height=\"45\">Neum\u00e1tico No(Delantero )<\/td>\n<td class=\"et9\" rowspan=\"2\"><\/td>\n<td class=\"et10\" style=\"width: 131.70pt;\" rowspan=\"2\" width=\"175\">9.00-20NHS<\/td>\n<\/tr>\n<tr style=\"height: 17.00pt;\">\n<td class=\"et8\" style=\"height: 34.00pt; width: 232.55pt;\" rowspan=\"2\" width=\"310\" height=\"45\">N\u00ba de neum\u00e1tico (trasero)<\/td>\n<td class=\"et9\" rowspan=\"2\"><\/td>\n<td class=\"et10\" style=\"width: 131.70pt;\" rowspan=\"2\" width=\"175\">9.00-20NHS<\/td>\n<\/tr>\n<tr style=\"height: 17.00pt;\">\n<td class=\"et5\" style=\"height: 17.00pt; width: 232.55pt;\" width=\"310\" height=\"22\">Radio de giro m\u00ednimo (exterior)<\/td>\n<td class=\"et6\" style=\"width: 72.80pt;\" width=\"97\">mm<\/td>\n<td class=\"et6\" style=\"width: 131.70pt;\" width=\"175\">4150<\/td>\n<\/tr>\n<tr style=\"height: 17.00pt;\">\n<td class=\"et5\" style=\"height: 17.00pt; width: 232.55pt;\" width=\"310\" height=\"22\">Anchura m\u00ednima del pasillo en \u00e1ngulo recto<\/td>\n<td class=\"et6\" style=\"width: 72.80pt;\" width=\"97\">mm<\/td>\n<td class=\"et6\" style=\"width: 131.70pt;\" width=\"175\">6010<\/td>\n<\/tr>\n<tr style=\"height: 17.00pt;\">\n<td class=\"et5\" style=\"height: 17.00pt; width: 232.55pt;\" width=\"310\" height=\"22\">Tama\u00f1o de la horquilla<\/td>\n<td class=\"et6\" style=\"width: 72.80pt;\" width=\"97\">mm<\/td>\n<td class=\"et6\" style=\"width: 131.70pt;\" width=\"175\">1520X175X85<\/td>\n<\/tr>\n<tr style=\"height: 17.00pt;\">\n<td class=\"et5\" style=\"height: 17.00pt; width: 232.55pt;\" width=\"310\" height=\"22\">Velocidad m\u00e1xima de trabajo (a plena carga\/en vac\u00edo)<\/td>\n<td class=\"et6\" style=\"width: 72.80pt;\" width=\"97\">km\/h<\/td>\n<td class=\"et6\" style=\"width: 131.70pt;\" width=\"175\">20\/26<\/td>\n<\/tr>\n<tr style=\"height: 17.00pt;\">\n<td class=\"et5\" style=\"height: 17.00pt; width: 232.55pt;\" width=\"310\" height=\"22\">Velocidad m\u00e1xima Velocidad (a plena carga\/en vac\u00edo)<\/td>\n<td class=\"et6\" style=\"width: 72.80pt;\" width=\"97\">mm\/s<\/td>\n<td class=\"et6\" style=\"width: 131.70pt;\" width=\"175\">330\/350<\/td>\n<\/tr>\n<tr style=\"height: 17.00pt;\">\n<td class=\"et5\" style=\"height: 17.00pt; width: 232.55pt;\" width=\"310\" height=\"22\">Gradeabilidad m\u00e1xima (carga completa\/sin carga)<\/td>\n<td class=\"et6\" style=\"width: 72.80pt;\" width=\"97\">%<\/td>\n<td class=\"et6\" style=\"width: 131.70pt;\" width=\"175\">15\/20<\/td>\n<\/tr>\n<tr style=\"height: 17.00pt;\">\n<td class=\"et5\" style=\"height: 17.00pt; width: 232.55pt;\" width=\"310\" height=\"22\">Peso total<\/td>\n<td class=\"et6\" style=\"width: 72.80pt;\" width=\"97\">kg<\/td>\n<td class=\"et6\" style=\"width: 131.70pt;\" width=\"175\">12410<\/td>\n<\/tr>\n<tr style=\"height: 17.00pt;\">\n<td class=\"et8\" style=\"height: 17.00pt; width: 232.55pt;\" width=\"310\" height=\"22\">Motor<\/td>\n<td class=\"et9\"><\/td>\n<td class=\"et10\" style=\"width: 131.70pt;\" width=\"175\">Quanchai,92KW<\/td>\n<\/tr>\n<tr style=\"height: 17.00pt;\">\n<td class=\"et8\" style=\"height: 17.00pt; width: 232.55pt;\" width=\"310\" height=\"22\">Tipo de cambio de potencia<\/td>\n<td class=\"et9\"><\/td>\n<td class=\"et10\" style=\"width: 131.70pt;\" width=\"175\">Transmisi\u00f3n hidr\u00e1ulica\/autom\u00e1tica<\/td>\n<\/tr>\n<\/tbody>\n<\/table>","protected":false},"featured_media":3857,"template":"","meta":{"_seopress_robots_primary_cat":"","_seopress_titles_title":"","_seopress_titles_desc":"","_seopress_robots_index":"","_joinchat":[]},"product_cat":[54],"product_tag":[],"class_list":{"0":"post-3854","1":"product","2":"type-product","3":"status-publish","4":"has-post-thumbnail","6":"product_cat-other-products","8":"first","9":"instock","10":"shipping-taxable","11":"product-type-simple"},"_links":{"self":[{"href":"https:\/\/www.zhsmixer.com\/es\/wp-json\/wp\/v2\/product\/3854"}],"collection":[{"href":"https:\/\/www.zhsmixer.com\/es\/wp-json\/wp\/v2\/product"}],"about":[{"href":"https:\/\/www.zhsmixer.com\/es\/wp-json\/wp\/v2\/types\/product"}],"version-history":[{"count":1,"href":"https:\/\/www.zhsmixer.com\/es\/wp-json\/wp\/v2\/product\/3854\/revisions"}],"predecessor-version":[{"id":3863,"href":"https:\/\/www.zhsmixer.com\/es\/wp-json\/wp\/v2\/product\/3854\/revisions\/3863"}],"wp:featuredmedia":[{"embeddable":true,"href":"https:\/\/www.zhsmixer.com\/es\/wp-json\/wp\/v2\/media\/3857"}],"wp:attachment":[{"href":"https:\/\/www.zhsmixer.com\/es\/wp-json\/wp\/v2\/media?parent=3854"}],"wp:term":[{"taxonomy":"product_cat","embeddable":true,"href":"https:\/\/www.zhsmixer.com\/es\/wp-json\/wp\/v2\/product_cat?post=3854"},{"taxonomy":"product_tag","embeddable":true,"href":"https:\/\/www.zhsmixer.com\/es\/wp-json\/wp\/v2\/product_tag?post=3854"}],"curies":[{"name":"wp","href":"https:\/\/api.w.org\/{rel}","templated":true}]}}