{"id":3843,"date":"2024-07-24T16:17:38","date_gmt":"2024-07-24T08:17:38","guid":{"rendered":"https:\/\/www.zhsmixer.com\/?post_type=product&#038;p=3843"},"modified":"2025-07-11T14:39:14","modified_gmt":"2025-07-11T06:39:14","slug":"6-7ton-diesel-forklift","status":"publish","type":"product","link":"https:\/\/www.zhsmixer.com\/es\/producto\/carretilla-elevadora-diesel-de-6-7-toneladas\/","title":{"rendered":"Carretilla elevadora diesel de 6-7 toneladas"},"content":{"rendered":"","protected":false},"excerpt":{"rendered":"<table style=\"border-collapse: collapse; width: 1934px; height: 246px;\" border=\"0\" width=\"645\" cellspacing=\"0\" cellpadding=\"0\">\n<tbody>\n<tr style=\"height: 17.00pt;\">\n<td class=\"et2\" style=\"height: 17.00pt; width: 231.40pt;\" width=\"308\" height=\"22\">Modelo<\/td>\n<td class=\"et3\" style=\"width: 54.00pt;\" width=\"72\"><\/td>\n<td class=\"et4\" style=\"width: 99.40pt;\" width=\"132\">CPCD60<\/td>\n<td class=\"et4\" style=\"width: 99.40pt;\" width=\"132\">CPCD70<\/td>\n<\/tr>\n<tr style=\"height: 17.00pt;\">\n<td class=\"et2\" style=\"height: 17.00pt; width: 231.40pt;\" width=\"308\" height=\"22\">Carga de elevaci\u00f3n nominal<\/td>\n<td class=\"et2\" style=\"width: 54.00pt;\" width=\"72\">kg<\/td>\n<td class=\"et4\" style=\"width: 99.40pt;\" width=\"132\">6000<\/td>\n<td class=\"et4\" style=\"width: 99.40pt;\" width=\"132\">7000<\/td>\n<\/tr>\n<tr style=\"height: 17.00pt;\">\n<td class=\"et2\" style=\"height: 17.00pt; width: 231.40pt;\" width=\"308\" height=\"22\">Distancia del centro de carga<\/td>\n<td class=\"et2\" style=\"width: 54.00pt;\" width=\"72\">mm<\/td>\n<td class=\"et5\" style=\"width: 198.80pt;\" colspan=\"2\" width=\"265\">600<\/td>\n<\/tr>\n<tr style=\"height: 17.00pt;\">\n<td class=\"et2\" style=\"height: 17.00pt; width: 231.40pt;\" width=\"308\" height=\"22\">Elevaci\u00f3n libre Altura<\/td>\n<td class=\"et2\" style=\"width: 54.00pt;\" width=\"72\">mm<\/td>\n<td class=\"et5\" style=\"width: 198.80pt;\" colspan=\"2\" width=\"265\">210<\/td>\n<\/tr>\n<tr style=\"height: 17.00pt;\">\n<td class=\"et2\" style=\"height: 17.00pt; width: 231.40pt;\" width=\"308\" height=\"22\">Longitud total (con horquilla\/sin horquilla)<\/td>\n<td class=\"et2\" style=\"width: 54.00pt;\" width=\"72\">mm<\/td>\n<td class=\"et4\" style=\"width: 99.40pt;\" width=\"132\">4720\/3590<\/td>\n<td class=\"et4\" style=\"width: 99.40pt;\" width=\"132\">4810\/3680<\/td>\n<\/tr>\n<tr style=\"height: 17.00pt;\">\n<td class=\"et2\" style=\"height: 17.00pt; width: 231.40pt;\" width=\"308\" height=\"22\">Anchura<\/td>\n<td class=\"et2\" style=\"width: 54.00pt;\" width=\"72\">mm<\/td>\n<td class=\"et5\" style=\"width: 198.80pt;\" colspan=\"2\" width=\"265\">1970<\/td>\n<\/tr>\n<tr style=\"height: 17.00pt;\">\n<td class=\"et2\" style=\"height: 17.00pt; width: 231.40pt;\" width=\"308\" height=\"22\">Altura de la protecci\u00f3n superior<\/td>\n<td class=\"et2\" style=\"width: 54.00pt;\" width=\"72\">mm<\/td>\n<td class=\"et5\" style=\"width: 198.80pt;\" colspan=\"2\" width=\"265\">2500<\/td>\n<\/tr>\n<tr style=\"height: 17.00pt;\">\n<td class=\"et2\" style=\"height: 17.00pt; width: 231.40pt;\" width=\"308\" height=\"22\">Distancia entre ejes<\/td>\n<td class=\"et2\" style=\"width: 54.00pt;\" width=\"72\">mm<\/td>\n<td class=\"et5\" style=\"width: 198.80pt;\" colspan=\"2\" width=\"265\">2250<\/td>\n<\/tr>\n<tr style=\"height: 17.00pt;\">\n<td class=\"et2\" style=\"height: 17.00pt; width: 231.40pt;\" width=\"308\" height=\"22\">Distancia m\u00ednima al suelo<\/td>\n<td class=\"et2\" style=\"width: 54.00pt;\" width=\"72\">mm<\/td>\n<td class=\"et5\" style=\"width: 198.80pt;\" colspan=\"2\" width=\"265\">230<\/td>\n<\/tr>\n<tr style=\"height: 17.00pt;\">\n<td class=\"et2\" style=\"height: 17.00pt; width: 231.40pt;\" width=\"308\" height=\"22\">\u00c1ngulo de inclinaci\u00f3n del m\u00e1stil (delantero\/trasero)<\/td>\n<td class=\"et2\" style=\"width: 54.00pt;\" width=\"72\">%<\/td>\n<td class=\"et7\" style=\"width: 198.80pt;\" colspan=\"2\" width=\"265\">6\u00b0\/ 12\u00b0<\/td>\n<\/tr>\n<tr style=\"height: 17.00pt;\">\n<td class=\"et2\" style=\"height: 17.00pt; width: 231.40pt;\" width=\"308\" height=\"22\">Neum\u00e1tico No(Delantero )<\/td>\n<td class=\"et9\"><\/td>\n<td class=\"et5\" style=\"width: 198.80pt;\" colspan=\"2\" width=\"265\">8.25-15-14PR<\/td>\n<\/tr>\n<tr style=\"height: 17.00pt;\">\n<td class=\"et2\" style=\"height: 17.00pt; width: 231.40pt;\" width=\"308\" height=\"22\">N\u00ba de neum\u00e1tico (trasero)<\/td>\n<td class=\"et9\"><\/td>\n<td class=\"et5\" style=\"width: 198.80pt;\" colspan=\"2\" width=\"265\">8.25-15-14PR<\/td>\n<\/tr>\n<tr style=\"height: 17.00pt;\">\n<td class=\"et2\" style=\"height: 17.00pt; width: 231.40pt;\" width=\"308\" height=\"22\">Radio de giro m\u00ednimo (exterior)<\/td>\n<td class=\"et2\" style=\"width: 54.00pt;\" width=\"72\">mm<\/td>\n<td class=\"et4\" style=\"width: 99.40pt;\" width=\"132\">4120<\/td>\n<td class=\"et4\" style=\"width: 99.40pt;\" width=\"132\">4180<\/td>\n<\/tr>\n<tr style=\"height: 17.00pt;\">\n<td class=\"et2\" style=\"height: 17.00pt; width: 231.40pt;\" width=\"308\" height=\"22\">Anchura m\u00ednima del pasillo en \u00e1ngulo recto<\/td>\n<td class=\"et2\" style=\"width: 54.00pt;\" width=\"72\">mm<\/td>\n<td class=\"et4\" style=\"width: 99.40pt;\" width=\"132\">5290<\/td>\n<td class=\"et4\" style=\"width: 99.40pt;\" width=\"132\">5360<\/td>\n<\/tr>\n<tr style=\"height: 17.00pt;\">\n<td class=\"et2\" style=\"height: 17.00pt; width: 231.40pt;\" width=\"308\" height=\"22\">Tama\u00f1o de la horquilla<\/td>\n<td class=\"et2\" style=\"width: 54.00pt;\" width=\"72\">mm<\/td>\n<td class=\"et5\" style=\"width: 198.80pt;\" colspan=\"2\" width=\"265\">1220X150X60<\/td>\n<\/tr>\n<tr style=\"height: 17.00pt;\">\n<td class=\"et2\" style=\"height: 17.00pt; width: 231.40pt;\" width=\"308\" height=\"22\">Velocidad m\u00e1xima de trabajo (a plena carga\/en vac\u00edo)<\/td>\n<td class=\"et2\" style=\"width: 54.00pt;\" width=\"72\">km\/h<\/td>\n<td class=\"et4\" style=\"width: 99.40pt;\" width=\"132\">23\/29<\/td>\n<td class=\"et4\" style=\"width: 99.40pt;\" width=\"132\">22\/29<\/td>\n<\/tr>\n<tr style=\"height: 17.00pt;\">\n<td class=\"et2\" style=\"height: 17.00pt; width: 231.40pt;\" width=\"308\" height=\"22\">Velocidad m\u00e1xima Velocidad (a plena carga\/en vac\u00edo)<\/td>\n<td class=\"et2\" style=\"width: 54.00pt;\" width=\"72\">mm\/s<\/td>\n<td class=\"et4\" style=\"width: 99.40pt;\" width=\"132\">500\/530<\/td>\n<td class=\"et4\" style=\"width: 99.40pt;\" width=\"132\">500\/480<\/td>\n<\/tr>\n<tr style=\"height: 17.00pt;\">\n<td class=\"et2\" style=\"height: 17.00pt; width: 231.40pt;\" width=\"308\" height=\"22\">Gradeabilidad m\u00e1xima (carga completa\/sin carga)<\/td>\n<td class=\"et2\" style=\"width: 54.00pt;\" width=\"72\">%<\/td>\n<td class=\"et5\" style=\"width: 198.80pt;\" colspan=\"2\" width=\"265\">15\/20<\/td>\n<\/tr>\n<tr style=\"height: 17.00pt;\">\n<td class=\"et2\" style=\"height: 17.00pt; width: 231.40pt;\" width=\"308\" height=\"22\">Peso total<\/td>\n<td class=\"et2\" style=\"width: 54.00pt;\" width=\"72\">kg<\/td>\n<td class=\"et4\" style=\"width: 99.40pt;\" width=\"132\">8900<\/td>\n<td class=\"et4\" style=\"width: 99.40pt;\" width=\"132\">9600<\/td>\n<\/tr>\n<tr style=\"height: 17.00pt;\">\n<td class=\"et2\" style=\"height: 17.00pt; width: 231.40pt;\" width=\"308\" height=\"22\">Motor<\/td>\n<td class=\"et9\"><\/td>\n<td class=\"et5\" style=\"width: 198.80pt;\" colspan=\"2\" width=\"265\">Quanchai 4J1, 85KW<\/td>\n<\/tr>\n<tr style=\"height: 17.00pt;\">\n<td class=\"et2\" style=\"height: 17.00pt; width: 231.40pt;\" width=\"308\" height=\"22\">Tipo de cambio de potencia<\/td>\n<td class=\"et12\"><\/td>\n<td class=\"et13\" style=\"width: 198.80pt;\" colspan=\"2\" width=\"265\">Transmisi\u00f3n hidr\u00e1ulica\/autom\u00e1tica<\/td>\n<\/tr>\n<\/tbody>\n<\/table>","protected":false},"featured_media":3846,"template":"","meta":{"_seopress_robots_primary_cat":"none","_seopress_titles_title":"","_seopress_titles_desc":"","_seopress_robots_index":"","_joinchat":[]},"product_cat":[54],"product_tag":[],"class_list":{"0":"post-3843","1":"product","2":"type-product","3":"status-publish","4":"has-post-thumbnail","6":"product_cat-other-products","8":"first","9":"instock","10":"shipping-taxable","11":"product-type-simple"},"_links":{"self":[{"href":"https:\/\/www.zhsmixer.com\/es\/wp-json\/wp\/v2\/product\/3843"}],"collection":[{"href":"https:\/\/www.zhsmixer.com\/es\/wp-json\/wp\/v2\/product"}],"about":[{"href":"https:\/\/www.zhsmixer.com\/es\/wp-json\/wp\/v2\/types\/product"}],"version-history":[{"count":2,"href":"https:\/\/www.zhsmixer.com\/es\/wp-json\/wp\/v2\/product\/3843\/revisions"}],"predecessor-version":[{"id":3867,"href":"https:\/\/www.zhsmixer.com\/es\/wp-json\/wp\/v2\/product\/3843\/revisions\/3867"}],"wp:featuredmedia":[{"embeddable":true,"href":"https:\/\/www.zhsmixer.com\/es\/wp-json\/wp\/v2\/media\/3846"}],"wp:attachment":[{"href":"https:\/\/www.zhsmixer.com\/es\/wp-json\/wp\/v2\/media?parent=3843"}],"wp:term":[{"taxonomy":"product_cat","embeddable":true,"href":"https:\/\/www.zhsmixer.com\/es\/wp-json\/wp\/v2\/product_cat?post=3843"},{"taxonomy":"product_tag","embeddable":true,"href":"https:\/\/www.zhsmixer.com\/es\/wp-json\/wp\/v2\/product_tag?post=3843"}],"curies":[{"name":"wp","href":"https:\/\/api.w.org\/{rel}","templated":true}]}}