{"id":3832,"date":"2024-07-24T16:11:16","date_gmt":"2024-07-24T08:11:16","guid":{"rendered":"https:\/\/www.zhsmixer.com\/?post_type=product&#038;p=3832"},"modified":"2025-07-11T14:39:22","modified_gmt":"2025-07-11T06:39:22","slug":"5ton-diesel-forklift","status":"publish","type":"product","link":"https:\/\/www.zhsmixer.com\/es\/producto\/5ton-diesel-forklift\/","title":{"rendered":"Carretilla elevadora diesel de 5 toneladas"},"content":{"rendered":"","protected":false},"excerpt":{"rendered":"<table style=\"border-collapse: collapse; width: 1627px; height: 230px;\" border=\"0\" width=\"550\" cellspacing=\"0\" cellpadding=\"0\">\n<tbody>\n<tr style=\"height: 20.00pt;\">\n<td class=\"et3\" style=\"height: 20.00pt; width: 219.40pt;\" width=\"292\" height=\"26\">Modelo<\/td>\n<td class=\"et4\" style=\"width: 63.05pt;\" width=\"84\"><\/td>\n<td class=\"et5\" style=\"width: 130.55pt;\" width=\"174\">CPCD50<\/td>\n<\/tr>\n<tr style=\"height: 20.00pt;\">\n<td class=\"et3\" style=\"height: 20.00pt; width: 219.40pt;\" width=\"292\" height=\"26\">Carga de elevaci\u00f3n nominal<\/td>\n<td class=\"et5\" style=\"width: 63.05pt;\" width=\"84\">kg<\/td>\n<td class=\"et5\" style=\"width: 130.55pt;\" width=\"174\">5000<\/td>\n<\/tr>\n<tr style=\"height: 20.00pt;\">\n<td class=\"et3\" style=\"height: 20.00pt; width: 219.40pt;\" width=\"292\" height=\"26\">Distancia del centro de carga<\/td>\n<td class=\"et5\" style=\"width: 63.05pt;\" width=\"84\">mm<\/td>\n<td class=\"et5\" style=\"width: 130.55pt;\" width=\"174\">500<\/td>\n<\/tr>\n<tr style=\"height: 20.00pt;\">\n<td class=\"et3\" style=\"height: 20.00pt; width: 219.40pt;\" width=\"292\" height=\"26\">Elevaci\u00f3n libre Altura<\/td>\n<td class=\"et5\" style=\"width: 63.05pt;\" width=\"84\">mm<\/td>\n<td class=\"et5\" style=\"width: 130.55pt;\" width=\"174\">160<\/td>\n<\/tr>\n<tr style=\"height: 20.00pt;\">\n<td class=\"et3\" style=\"height: 20.00pt; width: 219.40pt;\" width=\"292\" height=\"26\">Longitud total (con horquilla\/sin horquilla)<\/td>\n<td class=\"et5\" style=\"width: 63.05pt;\" width=\"84\">mm<\/td>\n<td class=\"et5\" style=\"width: 130.55pt;\" width=\"174\">4190\/3120<\/td>\n<\/tr>\n<tr style=\"height: 20.00pt;\">\n<td class=\"et3\" style=\"height: 20.00pt; width: 219.40pt;\" width=\"292\" height=\"26\">Anchura<\/td>\n<td class=\"et5\" style=\"width: 63.05pt;\" width=\"84\">mm<\/td>\n<td class=\"et5\" style=\"width: 130.55pt;\" width=\"174\">1480<\/td>\n<\/tr>\n<tr style=\"height: 20.00pt;\">\n<td class=\"et3\" style=\"height: 20.00pt; width: 219.40pt;\" width=\"292\" height=\"26\">Altura de la protecci\u00f3n superior<\/td>\n<td class=\"et5\" style=\"width: 63.05pt;\" width=\"84\">mm<\/td>\n<td class=\"et5\" style=\"width: 130.55pt;\" width=\"174\">2240<\/td>\n<\/tr>\n<tr style=\"height: 20.00pt;\">\n<td class=\"et3\" style=\"height: 20.00pt; width: 219.40pt;\" width=\"292\" height=\"26\">Distancia entre ejes<\/td>\n<td class=\"et5\" style=\"width: 63.05pt;\" width=\"84\">mm<\/td>\n<td class=\"et5\" style=\"width: 130.55pt;\" width=\"174\">2000<\/td>\n<\/tr>\n<tr style=\"height: 20.00pt;\">\n<td class=\"et3\" style=\"height: 20.00pt; width: 219.40pt;\" width=\"292\" height=\"26\">Distancia m\u00ednima al suelo<\/td>\n<td class=\"et5\" style=\"width: 63.05pt;\" width=\"84\">mm<\/td>\n<td class=\"et5\" style=\"width: 130.55pt;\" width=\"174\">175<\/td>\n<\/tr>\n<tr style=\"height: 20.00pt;\">\n<td class=\"et3\" style=\"height: 20.00pt; width: 219.40pt;\" width=\"292\" height=\"26\">\u00c1ngulo de inclinaci\u00f3n del m\u00e1stil (delantero\/trasero)<\/td>\n<td class=\"et5\" style=\"width: 63.05pt;\" width=\"84\">%<\/td>\n<td class=\"et7\" style=\"width: 130.55pt;\" width=\"174\">6. \/ 12.<\/td>\n<\/tr>\n<tr style=\"height: 20.00pt;\">\n<td class=\"et3\" style=\"height: 40.00pt; width: 219.40pt;\" rowspan=\"2\" width=\"292\" height=\"53\">Neum\u00e1tico No(Delantero )<\/td>\n<td class=\"et4\" rowspan=\"2\"><\/td>\n<td class=\"et5\" style=\"width: 130.55pt;\" rowspan=\"2\" width=\"174\">300-15-20PR<\/td>\n<\/tr>\n<tr style=\"height: 20.00pt;\">\n<td class=\"et3\" style=\"height: 40.00pt; width: 219.40pt;\" rowspan=\"2\" width=\"292\" height=\"53\">N\u00ba de neum\u00e1tico (trasero)<\/td>\n<td class=\"et4\" rowspan=\"2\"><\/td>\n<td class=\"et5\" style=\"width: 130.55pt;\" rowspan=\"2\" width=\"174\">7.00-12-12PR<\/td>\n<\/tr>\n<tr style=\"height: 20.00pt;\">\n<td class=\"et3\" style=\"height: 20.00pt; width: 219.40pt;\" width=\"292\" height=\"26\">Radio de giro m\u00ednimo (exterior)<\/td>\n<td class=\"et5\" style=\"width: 63.05pt;\" width=\"84\">mm<\/td>\n<td class=\"et5\" style=\"width: 130.55pt;\" width=\"174\">2900<\/td>\n<\/tr>\n<tr style=\"height: 20.00pt;\">\n<td class=\"et3\" style=\"height: 20.00pt; width: 219.40pt;\" width=\"292\" height=\"26\">Anchura m\u00ednima del pasillo en \u00e1ngulo recto<\/td>\n<td class=\"et5\" style=\"width: 63.05pt;\" width=\"84\">mm<\/td>\n<td class=\"et5\" style=\"width: 130.55pt;\" width=\"174\">4960<\/td>\n<\/tr>\n<tr style=\"height: 20.00pt;\">\n<td class=\"et3\" style=\"height: 20.00pt; width: 219.40pt;\" width=\"292\" height=\"26\">Tama\u00f1o de la horquilla<\/td>\n<td class=\"et5\" style=\"width: 63.05pt;\" width=\"84\">mm<\/td>\n<td class=\"et5\" style=\"width: 130.55pt;\" width=\"174\">1220X125X45<\/td>\n<\/tr>\n<tr style=\"height: 20.00pt;\">\n<td class=\"et3\" style=\"height: 20.00pt; width: 219.40pt;\" width=\"292\" height=\"26\">Velocidad m\u00e1xima de trabajo (a plena carga\/en vac\u00edo)<\/td>\n<td class=\"et5\" style=\"width: 63.05pt;\" width=\"84\">km\/h<\/td>\n<td class=\"et5\" style=\"width: 130.55pt;\" width=\"174\">18\/19<\/td>\n<\/tr>\n<tr style=\"height: 20.00pt;\">\n<td class=\"et3\" style=\"height: 20.00pt; width: 219.40pt;\" width=\"292\" height=\"26\">Velocidad m\u00e1xima Velocidad (a plena carga\/en vac\u00edo)<\/td>\n<td class=\"et5\" style=\"width: 63.05pt;\" width=\"84\">mm\/s<\/td>\n<td class=\"et5\" style=\"width: 130.55pt;\" width=\"174\">400\/380<\/td>\n<\/tr>\n<tr style=\"height: 20.00pt;\">\n<td class=\"et3\" style=\"height: 20.00pt; width: 219.40pt;\" width=\"292\" height=\"26\">Gradeabilidad m\u00e1xima (carga completa\/sin carga)<\/td>\n<td class=\"et5\" style=\"width: 63.05pt;\" width=\"84\">%<\/td>\n<td class=\"et5\" style=\"width: 130.55pt;\" width=\"174\">15\/20<\/td>\n<\/tr>\n<tr style=\"height: 20.00pt;\">\n<td class=\"et3\" style=\"height: 20.00pt; width: 219.40pt;\" width=\"292\" height=\"26\">Peso total<\/td>\n<td class=\"et5\" style=\"width: 63.05pt;\" width=\"84\">kg<\/td>\n<td class=\"et5\" style=\"width: 130.55pt;\" width=\"174\">6700<\/td>\n<\/tr>\n<tr style=\"height: 20.00pt;\">\n<td class=\"et3\" style=\"height: 40.00pt; width: 219.40pt;\" rowspan=\"2\" width=\"292\" height=\"53\">Motor<\/td>\n<td class=\"et4\" rowspan=\"2\"><\/td>\n<td class=\"et5\" style=\"width: 130.55pt;\" rowspan=\"2\" width=\"174\">Xinchai 60KW<\/td>\n<\/tr>\n<tr style=\"height: 20.00pt;\">\n<td class=\"et3\" style=\"height: 40.00pt; width: 219.40pt;\" rowspan=\"2\" width=\"292\" height=\"53\">Tipo de cambio de potencia<\/td>\n<td class=\"et4\" rowspan=\"2\"><\/td>\n<td class=\"et5\" style=\"width: 130.55pt;\" rowspan=\"2\" width=\"174\">Automatic Transmission\/Mechanical<\/td>\n<\/tr>\n<\/tbody>\n<\/table>","protected":false},"featured_media":3839,"template":"","meta":{"_seopress_robots_primary_cat":"","_seopress_titles_title":"","_seopress_titles_desc":"","_seopress_robots_index":"","_joinchat":[]},"product_cat":[54],"product_tag":[],"class_list":{"0":"post-3832","1":"product","2":"type-product","3":"status-publish","4":"has-post-thumbnail","6":"product_cat-other-products","8":"first","9":"instock","10":"shipping-taxable","11":"product-type-simple"},"_links":{"self":[{"href":"https:\/\/www.zhsmixer.com\/es\/wp-json\/wp\/v2\/product\/3832"}],"collection":[{"href":"https:\/\/www.zhsmixer.com\/es\/wp-json\/wp\/v2\/product"}],"about":[{"href":"https:\/\/www.zhsmixer.com\/es\/wp-json\/wp\/v2\/types\/product"}],"version-history":[{"count":1,"href":"https:\/\/www.zhsmixer.com\/es\/wp-json\/wp\/v2\/product\/3832\/revisions"}],"predecessor-version":[{"id":3841,"href":"https:\/\/www.zhsmixer.com\/es\/wp-json\/wp\/v2\/product\/3832\/revisions\/3841"}],"wp:featuredmedia":[{"embeddable":true,"href":"https:\/\/www.zhsmixer.com\/es\/wp-json\/wp\/v2\/media\/3839"}],"wp:attachment":[{"href":"https:\/\/www.zhsmixer.com\/es\/wp-json\/wp\/v2\/media?parent=3832"}],"wp:term":[{"taxonomy":"product_cat","embeddable":true,"href":"https:\/\/www.zhsmixer.com\/es\/wp-json\/wp\/v2\/product_cat?post=3832"},{"taxonomy":"product_tag","embeddable":true,"href":"https:\/\/www.zhsmixer.com\/es\/wp-json\/wp\/v2\/product_tag?post=3832"}],"curies":[{"name":"wp","href":"https:\/\/api.w.org\/{rel}","templated":true}]}}