{"id":3821,"date":"2024-07-24T16:06:19","date_gmt":"2024-07-24T08:06:19","guid":{"rendered":"https:\/\/www.zhsmixer.com\/?post_type=product&#038;p=3821"},"modified":"2025-07-11T14:39:32","modified_gmt":"2025-07-11T06:39:32","slug":"4-4-5ton-diesel-forklift","status":"publish","type":"product","link":"https:\/\/www.zhsmixer.com\/es\/producto\/4-4-5ton-diesel-forklift\/","title":{"rendered":"Carretilla elevadora diesel de 4-4,5 toneladas"},"content":{"rendered":"","protected":false},"excerpt":{"rendered":"<table style=\"height: 147px;\" width=\"1928\">\n<tbody>\n<tr>\n<td width=\"215\">Modelo<\/td>\n<td width=\"68\"><\/td>\n<td width=\"152\">CPCD40<\/td>\n<td width=\"152\">CPCD45<\/td>\n<\/tr>\n<tr>\n<td width=\"215\">Carga de elevaci\u00f3n nominal<\/td>\n<td width=\"68\">kg<\/td>\n<td width=\"152\">4000<\/td>\n<td width=\"152\">4500<\/td>\n<\/tr>\n<tr>\n<td width=\"215\">Distancia del centro de carga<\/td>\n<td width=\"68\">mm<\/td>\n<td width=\"152\">500<\/td>\n<td width=\"152\">500<\/td>\n<\/tr>\n<tr>\n<td width=\"215\">Elevaci\u00f3n libre Altura<\/td>\n<td width=\"68\">mm<\/td>\n<td width=\"152\">150<\/td>\n<td width=\"152\">160<\/td>\n<\/tr>\n<tr>\n<td width=\"215\">Longitud total (con horquilla\/sin horquilla)<\/td>\n<td width=\"68\">mm<\/td>\n<td width=\"152\">4000\/2930<\/td>\n<td width=\"152\">4120\/3050<\/td>\n<\/tr>\n<tr>\n<td width=\"215\">Anchura<\/td>\n<td width=\"68\">mm<\/td>\n<td width=\"152\">1290<\/td>\n<td width=\"152\">1400<\/td>\n<\/tr>\n<tr>\n<td width=\"215\">Altura de la protecci\u00f3n superior<\/td>\n<td width=\"68\">mm<\/td>\n<td width=\"152\">2180<\/td>\n<td width=\"152\">2230<\/td>\n<\/tr>\n<tr>\n<td width=\"215\">Distancia entre ejes<\/td>\n<td width=\"68\">mm<\/td>\n<td width=\"152\">1900<\/td>\n<td width=\"152\">1900<\/td>\n<\/tr>\n<tr>\n<td width=\"215\">Distancia m\u00ednima al suelo<\/td>\n<td width=\"68\">mm<\/td>\n<td width=\"152\">140<\/td>\n<td width=\"152\">150<\/td>\n<\/tr>\n<tr>\n<td width=\"215\">\u00c1ngulo de inclinaci\u00f3n del m\u00e1stil (delantero\/trasero)<\/td>\n<td width=\"68\">%<\/td>\n<td width=\"152\">6\/12<\/td>\n<td width=\"152\">6\/12<\/td>\n<\/tr>\n<tr>\n<td width=\"215\">Neum\u00e1tico No(Delantero )<\/td>\n<td width=\"68\"><\/td>\n<td width=\"152\">250-15-16PR<\/td>\n<td width=\"152\">300-15-20PR<\/td>\n<\/tr>\n<tr>\n<td width=\"215\">N\u00ba de neum\u00e1tico (trasero)<\/td>\n<td width=\"68\"><\/td>\n<td width=\"152\">7.00-12-12PR<\/td>\n<td width=\"152\">7.00-12-12PR<\/td>\n<\/tr>\n<tr>\n<td width=\"215\">Radio de giro m\u00ednimo (exterior)<\/td>\n<td width=\"68\">mm<\/td>\n<td width=\"152\">2710<\/td>\n<td width=\"152\">2820<\/td>\n<\/tr>\n<tr>\n<td width=\"215\">Anchura m\u00ednima del pasillo en \u00e1ngulo recto<\/td>\n<td width=\"68\">mm<\/td>\n<td width=\"152\">4750<\/td>\n<td width=\"152\">4830<\/td>\n<\/tr>\n<tr>\n<td width=\"215\">Tama\u00f1o de la horquilla<\/td>\n<td width=\"68\">mm<\/td>\n<td width=\"152\">1220X125X45<\/td>\n<td width=\"152\">1220X125X45<\/td>\n<\/tr>\n<tr>\n<td width=\"215\">Velocidad m\u00e1xima de trabajo (a plena carga\/en vac\u00edo)<\/td>\n<td width=\"68\">km\/h<\/td>\n<td width=\"152\">19\/19<\/td>\n<td width=\"152\">18\/19<\/td>\n<\/tr>\n<tr>\n<td width=\"215\">Velocidad m\u00e1xima Velocidad (a plena carga\/en vac\u00edo)<\/td>\n<td width=\"68\">mm\/s<\/td>\n<td width=\"152\">340\/380<\/td>\n<td width=\"152\">420\/460<\/td>\n<\/tr>\n<tr>\n<td width=\"215\">Gradeabilidad m\u00e1xima (carga completa\/sin carga)<\/td>\n<td width=\"68\">%<\/td>\n<td width=\"152\">15\/20<\/td>\n<td width=\"152\">15\/20<\/td>\n<\/tr>\n<tr>\n<td width=\"215\">Peso total<\/td>\n<td width=\"68\">kg<\/td>\n<td width=\"152\">4950<\/td>\n<td width=\"152\">5860<\/td>\n<\/tr>\n<tr>\n<td width=\"215\">Motor<\/td>\n<td width=\"68\"><\/td>\n<td width=\"152\">xinchai,42KW<\/td>\n<td width=\"152\">xinchai,45KW<\/td>\n<\/tr>\n<tr>\n<td width=\"215\">Tipo de cambio de potencia<\/td>\n<td width=\"68\"><\/td>\n<td width=\"152\">Autom\u00e1tico<\/td>\n<td width=\"152\">Autom\u00e1tico<\/td>\n<\/tr>\n<\/tbody>\n<\/table>","protected":false},"featured_media":3828,"template":"","meta":{"_seopress_robots_primary_cat":"none","_seopress_titles_title":"","_seopress_titles_desc":"","_seopress_robots_index":"","_joinchat":[]},"product_cat":[54],"product_tag":[],"class_list":{"0":"post-3821","1":"product","2":"type-product","3":"status-publish","4":"has-post-thumbnail","6":"product_cat-other-products","8":"first","9":"instock","10":"shipping-taxable","11":"product-type-simple"},"_links":{"self":[{"href":"https:\/\/www.zhsmixer.com\/es\/wp-json\/wp\/v2\/product\/3821"}],"collection":[{"href":"https:\/\/www.zhsmixer.com\/es\/wp-json\/wp\/v2\/product"}],"about":[{"href":"https:\/\/www.zhsmixer.com\/es\/wp-json\/wp\/v2\/types\/product"}],"version-history":[{"count":3,"href":"https:\/\/www.zhsmixer.com\/es\/wp-json\/wp\/v2\/product\/3821\/revisions"}],"predecessor-version":[{"id":3864,"href":"https:\/\/www.zhsmixer.com\/es\/wp-json\/wp\/v2\/product\/3821\/revisions\/3864"}],"wp:featuredmedia":[{"embeddable":true,"href":"https:\/\/www.zhsmixer.com\/es\/wp-json\/wp\/v2\/media\/3828"}],"wp:attachment":[{"href":"https:\/\/www.zhsmixer.com\/es\/wp-json\/wp\/v2\/media?parent=3821"}],"wp:term":[{"taxonomy":"product_cat","embeddable":true,"href":"https:\/\/www.zhsmixer.com\/es\/wp-json\/wp\/v2\/product_cat?post=3821"},{"taxonomy":"product_tag","embeddable":true,"href":"https:\/\/www.zhsmixer.com\/es\/wp-json\/wp\/v2\/product_tag?post=3821"}],"curies":[{"name":"wp","href":"https:\/\/api.w.org\/{rel}","templated":true}]}}