{"id":3792,"date":"2024-07-24T15:54:23","date_gmt":"2024-07-24T07:54:23","guid":{"rendered":"https:\/\/www.zhsmixer.com\/?post_type=product&#038;p=3792"},"modified":"2025-07-11T14:40:00","modified_gmt":"2025-07-11T06:40:00","slug":"1-5ton-diesel-forklift","status":"publish","type":"product","link":"https:\/\/www.zhsmixer.com\/es\/producto\/1-carretilla-elevadora-diesel-de-5-toneladas\/","title":{"rendered":"Carretilla elevadora diesel de 1,5 toneladas"},"content":{"rendered":"","protected":false},"excerpt":{"rendered":"<table style=\"height: 575px;\" width=\"1817\">\n<tbody>\n<tr>\n<td width=\"263\">Modelo<\/td>\n<td width=\"53\">&nbsp;<\/td>\n<td width=\"138\">CPCD15<\/td>\n<\/tr>\n<tr>\n<td width=\"263\">Carga de elevaci\u00f3n nominal<\/td>\n<td width=\"53\">kg<\/td>\n<td width=\"138\">1500<\/td>\n<\/tr>\n<tr>\n<td width=\"263\">Distancia del centro de carga<\/td>\n<td width=\"53\">mm<\/td>\n<td width=\"138\">500<\/td>\n<\/tr>\n<tr>\n<td width=\"263\">Elevaci\u00f3n libre Altura<\/td>\n<td width=\"53\">mm<\/td>\n<td width=\"138\">100<\/td>\n<\/tr>\n<tr>\n<td width=\"263\">Longitud total (con horquilla\/sin horquilla)<\/td>\n<td width=\"53\">mm<\/td>\n<td width=\"138\">3180\/2260<\/td>\n<\/tr>\n<tr>\n<td width=\"263\">Anchura<\/td>\n<td width=\"53\">mm<\/td>\n<td width=\"138\">1090<\/td>\n<\/tr>\n<tr>\n<td width=\"263\">Altura de la protecci\u00f3n superior<\/td>\n<td width=\"53\">mm<\/td>\n<td width=\"138\">2050<\/td>\n<\/tr>\n<tr>\n<td width=\"263\">Distancia entre ejes<\/td>\n<td width=\"53\">mm<\/td>\n<td width=\"138\">1400<\/td>\n<\/tr>\n<tr>\n<td width=\"263\">Distancia m\u00ednima al suelo<\/td>\n<td width=\"53\">mm<\/td>\n<td width=\"138\">110<\/td>\n<\/tr>\n<tr>\n<td width=\"263\">\u00c1ngulo de inclinaci\u00f3n del m\u00e1stil (delantero\/trasero)<\/td>\n<td width=\"53\">%<\/td>\n<td width=\"138\">6\/12<\/td>\n<\/tr>\n<tr>\n<td width=\"263\">Neum\u00e1tico No(Delantero )<\/td>\n<td width=\"53\">&nbsp;<\/td>\n<td width=\"138\">6.5-10-10PR<\/td>\n<\/tr>\n<tr>\n<td width=\"263\">N\u00ba de neum\u00e1tico (trasero)<\/td>\n<td width=\"53\">&nbsp;<\/td>\n<td width=\"138\">5.00-8-10PR<\/td>\n<\/tr>\n<tr>\n<td width=\"263\">Radio de giro m\u00ednimo (exterior)<\/td>\n<td width=\"53\">mm<\/td>\n<td width=\"138\">1950<\/td>\n<\/tr>\n<tr>\n<td width=\"263\">Anchura m\u00ednima del pasillo en \u00e1ngulo recto<\/td>\n<td width=\"53\">mm<\/td>\n<td width=\"138\">3630<\/td>\n<\/tr>\n<tr>\n<td width=\"263\">Tama\u00f1o de la horquilla<\/td>\n<td width=\"53\">mm<\/td>\n<td width=\"138\">1070X100X45<\/td>\n<\/tr>\n<tr>\n<td width=\"263\">Velocidad m\u00e1xima de trabajo (a plena carga\/en vac\u00edo)<\/td>\n<td width=\"53\">km\/h<\/td>\n<td width=\"138\">14\/15<\/td>\n<\/tr>\n<tr>\n<td width=\"263\">Velocidad m\u00e1xima Velocidad (a plena carga\/en vac\u00edo)<\/td>\n<td width=\"53\">mm\/s<\/td>\n<td width=\"138\">500\/480<\/td>\n<\/tr>\n<tr>\n<td width=\"263\">Gradeabilidad m\u00e1xima (carga completa\/sin carga)<\/td>\n<td width=\"53\">%<\/td>\n<td width=\"138\">20\/21<\/td>\n<\/tr>\n<tr>\n<td width=\"263\">Peso total<\/td>\n<td width=\"53\">kg<\/td>\n<td width=\"138\">2900<\/td>\n<\/tr>\n<tr>\n<td width=\"263\">Motor<\/td>\n<td width=\"53\">&nbsp;<\/td>\n<td width=\"138\">xinchai 485 30KW<\/td>\n<\/tr>\n<tr>\n<td width=\"263\">Tipo de cambio de potencia<\/td>\n<td width=\"53\">&nbsp;<\/td>\n<td width=\"138\">Autom\u00e1tico<\/td>\n<\/tr>\n<\/tbody>\n<\/table>","protected":false},"featured_media":3799,"template":"","meta":{"_seopress_robots_primary_cat":"","_seopress_titles_title":"","_seopress_titles_desc":"","_seopress_robots_index":"","_joinchat":[]},"product_cat":[54],"product_tag":[],"class_list":{"0":"post-3792","1":"product","2":"type-product","3":"status-publish","4":"has-post-thumbnail","6":"product_cat-other-products","8":"first","9":"instock","10":"shipping-taxable","11":"product-type-simple"},"_links":{"self":[{"href":"https:\/\/www.zhsmixer.com\/es\/wp-json\/wp\/v2\/product\/3792"}],"collection":[{"href":"https:\/\/www.zhsmixer.com\/es\/wp-json\/wp\/v2\/product"}],"about":[{"href":"https:\/\/www.zhsmixer.com\/es\/wp-json\/wp\/v2\/types\/product"}],"version-history":[{"count":1,"href":"https:\/\/www.zhsmixer.com\/es\/wp-json\/wp\/v2\/product\/3792\/revisions"}],"predecessor-version":[{"id":3800,"href":"https:\/\/www.zhsmixer.com\/es\/wp-json\/wp\/v2\/product\/3792\/revisions\/3800"}],"wp:featuredmedia":[{"embeddable":true,"href":"https:\/\/www.zhsmixer.com\/es\/wp-json\/wp\/v2\/media\/3799"}],"wp:attachment":[{"href":"https:\/\/www.zhsmixer.com\/es\/wp-json\/wp\/v2\/media?parent=3792"}],"wp:term":[{"taxonomy":"product_cat","embeddable":true,"href":"https:\/\/www.zhsmixer.com\/es\/wp-json\/wp\/v2\/product_cat?post=3792"},{"taxonomy":"product_tag","embeddable":true,"href":"https:\/\/www.zhsmixer.com\/es\/wp-json\/wp\/v2\/product_tag?post=3792"}],"curies":[{"name":"wp","href":"https:\/\/api.w.org\/{rel}","templated":true}]}}