{"id":3690,"date":"2024-07-23T10:58:43","date_gmt":"2024-07-23T02:58:43","guid":{"rendered":"https:\/\/www.zhsmixer.com\/?post_type=product&#038;p=3690"},"modified":"2024-07-23T10:59:18","modified_gmt":"2024-07-23T02:59:18","slug":"zhs-electric-off-road-forklift-06ef","status":"publish","type":"product","link":"https:\/\/www.zhsmixer.com\/es\/producto\/zhs-carretilla-elevadora-electrica-todoterreno-06ef\/","title":{"rendered":"Carretilla elevadora el\u00e9ctrica todoterreno ZHS 06EF"},"content":{"rendered":"","protected":false},"excerpt":{"rendered":"<table style=\"height: 629px;\" width=\"1448\">\n<tbody>\n<tr>\n<td width=\"195\"><strong><b>MARCA<\/b><\/strong><\/td>\n<td width=\"230\">ZHS<\/td>\n<\/tr>\n<tr>\n<td width=\"195\"><strong><b>MODELO<\/b><\/strong><\/td>\n<td width=\"230\">12EF<\/td>\n<\/tr>\n<tr>\n<td width=\"195\"><strong><b>TIPO<\/b><\/strong><\/td>\n<td width=\"230\">100% el\u00e9ctrico<\/td>\n<\/tr>\n<tr>\n<td width=\"195\"><strong><b>CARGA NOMINAL<\/b><\/strong><\/td>\n<td width=\"230\">1200KG<\/td>\n<\/tr>\n<tr>\n<td width=\"195\"><strong><b>PESO TOTAL<\/b><\/strong><\/td>\n<td width=\"230\">2115KG<\/td>\n<\/tr>\n<tr>\n<td width=\"195\"><strong><b>M\u00c1X. ALTURA DE ELEVACI\u00d3N<\/b><\/strong><\/td>\n<td width=\"230\">3050 mm<\/td>\n<\/tr>\n<tr>\n<td width=\"195\"><strong><b>LONGITUD DE LA HORQUILLA<\/b><\/strong><\/td>\n<td width=\"230\">920 mm<\/td>\n<\/tr>\n<tr>\n<td width=\"195\"><strong><b>LONGITUD<\/b><\/strong><\/td>\n<td width=\"230\">3800 mm<\/td>\n<\/tr>\n<tr>\n<td width=\"195\"><strong><b>ANCHO<\/b><\/strong><\/td>\n<td width=\"230\">1260 mm<\/td>\n<\/tr>\n<tr>\n<td width=\"195\"><strong><b>ALTURA<\/b><\/strong><\/td>\n<td width=\"230\">2250 mm<\/td>\n<\/tr>\n<tr>\n<td width=\"195\"><strong><b>BASE DE LA RUEDA<\/b><\/strong><\/td>\n<td width=\"230\">1380 mm<\/td>\n<\/tr>\n<tr>\n<td width=\"195\"><strong><b>MIN. DISTANCIA AL SUELO<\/b><\/strong><\/td>\n<td width=\"230\">200 mm<\/td>\n<\/tr>\n<tr>\n<td width=\"195\"><strong><b>TIEMPO DE TRABAJO<\/b><\/strong><\/td>\n<td width=\"230\">6H<\/td>\n<\/tr>\n<tr>\n<td width=\"195\"><strong><b>TIPO DE COMBUSTIBLE<\/b><\/strong><\/td>\n<td width=\"230\">BATER\u00cdA<\/td>\n<\/tr>\n<tr>\n<td width=\"195\"><strong><b>NEUM\u00c1TICO<\/b><\/strong><\/td>\n<td width=\"230\">NEUM\u00c1TICO DE MONTA\u00d1A 27\u00d710,5-15<\/td>\n<\/tr>\n<tr>\n<td width=\"195\"><strong><b>FRENO DE TRABAJO<\/b><\/strong><\/td>\n<td width=\"230\">FRENO DE TAMBOR<\/td>\n<\/tr>\n<tr>\n<td width=\"195\"><strong><b>FRENO DE ESTACIONAMIENTO<\/b><\/strong><\/td>\n<td width=\"230\">FRENO DE MANO DE TAMBOR<\/td>\n<\/tr>\n<\/tbody>\n<\/table>","protected":false},"featured_media":3696,"template":"","meta":{"_seopress_robots_primary_cat":"none","_seopress_titles_title":"","_seopress_titles_desc":"","_seopress_robots_index":"","_joinchat":[]},"product_cat":[30],"product_tag":[],"class_list":{"0":"post-3690","1":"product","2":"type-product","3":"status-publish","4":"has-post-thumbnail","6":"product_cat-electric-loader-dumper","8":"first","9":"instock","10":"shipping-taxable","11":"product-type-simple"},"_links":{"self":[{"href":"https:\/\/www.zhsmixer.com\/es\/wp-json\/wp\/v2\/product\/3690"}],"collection":[{"href":"https:\/\/www.zhsmixer.com\/es\/wp-json\/wp\/v2\/product"}],"about":[{"href":"https:\/\/www.zhsmixer.com\/es\/wp-json\/wp\/v2\/types\/product"}],"version-history":[{"count":2,"href":"https:\/\/www.zhsmixer.com\/es\/wp-json\/wp\/v2\/product\/3690\/revisions"}],"predecessor-version":[{"id":3700,"href":"https:\/\/www.zhsmixer.com\/es\/wp-json\/wp\/v2\/product\/3690\/revisions\/3700"}],"wp:featuredmedia":[{"embeddable":true,"href":"https:\/\/www.zhsmixer.com\/es\/wp-json\/wp\/v2\/media\/3696"}],"wp:attachment":[{"href":"https:\/\/www.zhsmixer.com\/es\/wp-json\/wp\/v2\/media?parent=3690"}],"wp:term":[{"taxonomy":"product_cat","embeddable":true,"href":"https:\/\/www.zhsmixer.com\/es\/wp-json\/wp\/v2\/product_cat?post=3690"},{"taxonomy":"product_tag","embeddable":true,"href":"https:\/\/www.zhsmixer.com\/es\/wp-json\/wp\/v2\/product_tag?post=3690"}],"curies":[{"name":"wp","href":"https:\/\/api.w.org\/{rel}","templated":true}]}}