{"id":3681,"date":"2024-07-23T10:56:00","date_gmt":"2024-07-23T02:56:00","guid":{"rendered":"https:\/\/www.zhsmixer.com\/?post_type=product&#038;p=3681"},"modified":"2024-07-23T10:56:00","modified_gmt":"2024-07-23T02:56:00","slug":"zhs-electric-site-dumper-16ed","status":"publish","type":"product","link":"https:\/\/www.zhsmixer.com\/es\/producto\/zhs-dumper-electrico-de-obra-16ed\/","title":{"rendered":"Dumper el\u00e9ctrico de obra ZHS 16ED"},"content":{"rendered":"","protected":false},"excerpt":{"rendered":"<table style=\"height: 285px;\" width=\"1245\">\n<tbody>\n<tr>\n<td><strong><b>MARCA<\/b><\/strong><\/td>\n<td>ZHS<\/td>\n<\/tr>\n<tr>\n<td><strong><b>MODELO<\/b><\/strong><\/td>\n<td>16ED<\/td>\n<\/tr>\n<tr>\n<td><strong><b>TIPO<\/b><\/strong><\/td>\n<td>100% el\u00e9ctrico<\/td>\n<\/tr>\n<tr>\n<td><strong><b>CARGA NOMINAL<\/b><\/strong><\/td>\n<td>1600KG<\/td>\n<\/tr>\n<tr>\n<td><strong><b>PESO TOTAL<\/b><\/strong><\/td>\n<td>1980KG<\/td>\n<\/tr>\n<tr>\n<td><strong><b>ANCHO DEL CUBO<\/b><\/strong><\/td>\n<td>1120 mm<\/td>\n<\/tr>\n<tr>\n<td><strong><b>CAPACIDAD DEL CUBO<\/b><\/strong><\/td>\n<td>1.0m\u00b3<\/td>\n<\/tr>\n<tr>\n<td><strong><b>LONGITUD<\/b><\/strong><\/td>\n<td>3325 mm<\/td>\n<\/tr>\n<tr>\n<td><strong><b>ANCHO<\/b><\/strong><\/td>\n<td>1175 mm<\/td>\n<\/tr>\n<tr>\n<td><strong><b>ALTURA<\/b><\/strong><\/td>\n<td>2250 mm<\/td>\n<\/tr>\n<tr>\n<td><strong><b>\u00c1NGULO DE GIRO<\/b><\/strong><\/td>\n<td>45\u00b0\u00b11<\/td>\n<\/tr>\n<tr>\n<td><strong><b>\u00c1NGULO DE GIRO<\/b><\/strong><\/td>\n<td>19\u00b0<\/td>\n<\/tr>\n<tr>\n<td><strong><b>MIN. \u00c1NGULO DE GIRO<\/b><\/strong><\/td>\n<td>2050mm<\/td>\n<\/tr>\n<tr>\n<td><strong><b>TIPO DE COMBUSTIBLE<\/b><\/strong><\/td>\n<td>BATER\u00cdA<\/td>\n<\/tr>\n<tr>\n<td><strong><b>NEUM\u00c1TICOS<\/b><\/strong><\/td>\n<td>NEUM\u00c1TICO DE MONTA\u00d1A 27\u00d710,5-15<\/td>\n<\/tr>\n<tr>\n<td><strong><b>FRENO DE TRABAJO<\/b><\/strong><\/td>\n<td>FRENO DE TAMBOR<\/td>\n<\/tr>\n<tr>\n<td><strong><b>FRENO DE ESTACIONAMIENTO<\/b><\/strong><\/td>\n<td>FRENO DE MANO DE TAMBOR<\/td>\n<\/tr>\n<\/tbody>\n<\/table>","protected":false},"featured_media":3687,"template":"","meta":{"_seopress_robots_primary_cat":"","_seopress_titles_title":"","_seopress_titles_desc":"","_seopress_robots_index":"","_joinchat":[]},"product_cat":[30],"product_tag":[],"class_list":{"0":"post-3681","1":"product","2":"type-product","3":"status-publish","4":"has-post-thumbnail","6":"product_cat-electric-loader-dumper","8":"first","9":"instock","10":"shipping-taxable","11":"product-type-simple"},"_links":{"self":[{"href":"https:\/\/www.zhsmixer.com\/es\/wp-json\/wp\/v2\/product\/3681"}],"collection":[{"href":"https:\/\/www.zhsmixer.com\/es\/wp-json\/wp\/v2\/product"}],"about":[{"href":"https:\/\/www.zhsmixer.com\/es\/wp-json\/wp\/v2\/types\/product"}],"version-history":[{"count":1,"href":"https:\/\/www.zhsmixer.com\/es\/wp-json\/wp\/v2\/product\/3681\/revisions"}],"predecessor-version":[{"id":3689,"href":"https:\/\/www.zhsmixer.com\/es\/wp-json\/wp\/v2\/product\/3681\/revisions\/3689"}],"wp:featuredmedia":[{"embeddable":true,"href":"https:\/\/www.zhsmixer.com\/es\/wp-json\/wp\/v2\/media\/3687"}],"wp:attachment":[{"href":"https:\/\/www.zhsmixer.com\/es\/wp-json\/wp\/v2\/media?parent=3681"}],"wp:term":[{"taxonomy":"product_cat","embeddable":true,"href":"https:\/\/www.zhsmixer.com\/es\/wp-json\/wp\/v2\/product_cat?post=3681"},{"taxonomy":"product_tag","embeddable":true,"href":"https:\/\/www.zhsmixer.com\/es\/wp-json\/wp\/v2\/product_tag?post=3681"}],"curies":[{"name":"wp","href":"https:\/\/api.w.org\/{rel}","templated":true}]}}