{"id":2307,"date":"2024-07-23T10:51:37","date_gmt":"2024-07-23T02:51:37","guid":{"rendered":"https:\/\/www.zhsmixer.com\/?post_type=product&#038;p=2307"},"modified":"2024-07-23T10:51:59","modified_gmt":"2024-07-23T02:51:59","slug":"zhs-electric-wheel-loader-06ew","status":"publish","type":"product","link":"https:\/\/www.zhsmixer.com\/es\/producto\/zhs-cargadora-de-ruedas-electrica-06ew\/","title":{"rendered":"ZHS Cargadora el\u00e9ctrica de ruedas 06EW"},"content":{"rendered":"","protected":false},"excerpt":{"rendered":"<table style=\"border-collapse: collapse; width: 1378px; height: 96px;\" border=\"0\" width=\"494\" cellspacing=\"0\" cellpadding=\"0\">\n<tbody>\n<tr style=\"height: 15.00pt;\">\n<td class=\"et3\" style=\"height: 15.00pt; width: 185.30pt;\" width=\"247\" height=\"20\">MARCA<\/td>\n<td class=\"et3\" style=\"width: 185.30pt;\" width=\"247\">ZHS<\/td>\n<\/tr>\n<tr style=\"height: 15.00pt;\">\n<td class=\"et4\" style=\"height: 15.00pt; width: 185.30pt;\" width=\"247\" height=\"20\">MODELO<\/td>\n<td class=\"et4\" style=\"width: 185.30pt;\" width=\"247\">06EW<\/td>\n<\/tr>\n<tr style=\"height: 15.00pt;\">\n<td class=\"et3\" style=\"height: 15.00pt; width: 185.30pt;\" width=\"247\" height=\"20\">TIPO<\/td>\n<td class=\"et3\" style=\"width: 185.30pt;\" width=\"247\">100% el\u00e9ctrico<\/td>\n<\/tr>\n<tr style=\"height: 15.00pt;\">\n<td class=\"et4\" style=\"height: 15.00pt; width: 185.30pt;\" width=\"247\" height=\"20\">CARGA NOMINAL<\/td>\n<td class=\"et4\" style=\"width: 185.30pt;\" width=\"247\">650KG<\/td>\n<\/tr>\n<tr style=\"height: 15.00pt;\">\n<td class=\"et3\" style=\"height: 15.00pt; width: 185.30pt;\" width=\"247\" height=\"20\">PESO TOTAL<\/td>\n<td class=\"et3\" style=\"width: 185.30pt;\" width=\"247\">2050KG<\/td>\n<\/tr>\n<tr style=\"height: 15.00pt;\">\n<td class=\"et4\" style=\"height: 15.00pt; width: 185.30pt;\" width=\"247\" height=\"20\">ANCHO DEL CUBO<\/td>\n<td class=\"et4\" style=\"width: 185.30pt;\" width=\"247\">1160 mm<\/td>\n<\/tr>\n<tr style=\"height: 15.00pt;\">\n<td class=\"et3\" style=\"height: 15.00pt; width: 185.30pt;\" width=\"247\" height=\"20\">CAPACIDAD DEL CUBO<\/td>\n<td class=\"et3\" style=\"width: 185.30pt;\" width=\"247\">0.25m\u00b3<\/td>\n<\/tr>\n<tr style=\"height: 15.00pt;\">\n<td class=\"et4\" style=\"height: 15.00pt; width: 185.30pt;\" width=\"247\" height=\"20\">LONGITUD<\/td>\n<td class=\"et4\" style=\"width: 185.30pt;\" width=\"247\">3810 mm<\/td>\n<\/tr>\n<tr style=\"height: 15.00pt;\">\n<td class=\"et3\" style=\"height: 15.00pt; width: 185.30pt;\" width=\"247\" height=\"20\">ANCHO<\/td>\n<td class=\"et3\" style=\"width: 185.30pt;\" width=\"247\">1160 mm<\/td>\n<\/tr>\n<tr style=\"height: 15.00pt;\">\n<td class=\"et4\" style=\"height: 15.00pt; width: 185.30pt;\" width=\"247\" height=\"20\">ALTURA<\/td>\n<td class=\"et4\" style=\"width: 185.30pt;\" width=\"247\">2250 mm<\/td>\n<\/tr>\n<tr style=\"height: 15.00pt;\">\n<td class=\"et3\" style=\"height: 15.00pt; width: 185.30pt;\" width=\"247\" height=\"20\">BASE DE LA RUEDA<\/td>\n<td class=\"et3\" style=\"width: 185.30pt;\" width=\"247\">1380 mm<\/td>\n<\/tr>\n<tr style=\"height: 15.00pt;\">\n<td class=\"et4\" style=\"height: 15.00pt; width: 185.30pt;\" width=\"247\" height=\"20\">M\u00c1X. ALTURA DE ELEVACI\u00d3N<\/td>\n<td class=\"et4\" style=\"width: 185.30pt;\" width=\"247\">3300 mm<\/td>\n<\/tr>\n<tr style=\"height: 15.00pt;\">\n<td class=\"et3\" style=\"height: 15.00pt; width: 185.30pt;\" width=\"247\" height=\"20\">M\u00c1X. ALTURA DE DESCARGA<\/td>\n<td class=\"et3\" style=\"width: 185.30pt;\" width=\"247\">2170 mm<\/td>\n<\/tr>\n<tr style=\"height: 15.00pt;\">\n<td class=\"et4\" style=\"height: 15.00pt; width: 185.30pt;\" width=\"247\" height=\"20\">TIPO DE COMBUSTIBLE<\/td>\n<td class=\"et4\" style=\"width: 185.30pt;\" width=\"247\">BATER\u00cdA<\/td>\n<\/tr>\n<tr style=\"height: 12.00pt;\">\n<td class=\"et3\" style=\"height: 12.00pt; width: 185.30pt;\" width=\"247\" height=\"16\">NEUM\u00c1TICOS<\/td>\n<td class=\"et3\" style=\"width: 185.30pt;\" width=\"247\">NEUM\u00c1TICO DE MONTA\u00d1A 27\u00d710,5-15<\/td>\n<\/tr>\n<tr style=\"height: 12.00pt;\">\n<td class=\"et4\" style=\"height: 12.00pt; width: 185.30pt;\" width=\"247\" height=\"16\">FRENO DE TRABAJO<\/td>\n<td class=\"et4\" style=\"width: 185.30pt;\" width=\"247\">FRENO DE TAMBOR<\/td>\n<\/tr>\n<tr style=\"height: 12.00pt;\">\n<td class=\"et3\" style=\"height: 12.00pt; width: 185.30pt;\" width=\"247\" height=\"16\">FRENO DE ESTACIONAMIENTO<\/td>\n<td class=\"et3\" style=\"width: 185.30pt;\" width=\"247\">FRENO DE MANO DE TAMBOR<\/td>\n<\/tr>\n<\/tbody>\n<\/table>","protected":false},"featured_media":3673,"template":"","meta":{"_seopress_robots_primary_cat":"none","_seopress_titles_title":"","_seopress_titles_desc":"","_seopress_robots_index":"","_joinchat":[]},"product_cat":[30],"product_tag":[],"class_list":{"0":"post-2307","1":"product","2":"type-product","3":"status-publish","4":"has-post-thumbnail","6":"product_cat-electric-loader-dumper","8":"first","9":"instock","10":"shipping-taxable","11":"product-type-simple"},"_links":{"self":[{"href":"https:\/\/www.zhsmixer.com\/es\/wp-json\/wp\/v2\/product\/2307"}],"collection":[{"href":"https:\/\/www.zhsmixer.com\/es\/wp-json\/wp\/v2\/product"}],"about":[{"href":"https:\/\/www.zhsmixer.com\/es\/wp-json\/wp\/v2\/types\/product"}],"version-history":[{"count":7,"href":"https:\/\/www.zhsmixer.com\/es\/wp-json\/wp\/v2\/product\/2307\/revisions"}],"predecessor-version":[{"id":3680,"href":"https:\/\/www.zhsmixer.com\/es\/wp-json\/wp\/v2\/product\/2307\/revisions\/3680"}],"wp:featuredmedia":[{"embeddable":true,"href":"https:\/\/www.zhsmixer.com\/es\/wp-json\/wp\/v2\/media\/3673"}],"wp:attachment":[{"href":"https:\/\/www.zhsmixer.com\/es\/wp-json\/wp\/v2\/media?parent=2307"}],"wp:term":[{"taxonomy":"product_cat","embeddable":true,"href":"https:\/\/www.zhsmixer.com\/es\/wp-json\/wp\/v2\/product_cat?post=2307"},{"taxonomy":"product_tag","embeddable":true,"href":"https:\/\/www.zhsmixer.com\/es\/wp-json\/wp\/v2\/product_tag?post=2307"}],"curies":[{"name":"wp","href":"https:\/\/api.w.org\/{rel}","templated":true}]}}