{"id":3334,"date":"2024-05-31T15:46:01","date_gmt":"2024-05-31T07:46:01","guid":{"rendered":"https:\/\/www.zhsmixer.com\/?page_id=3334"},"modified":"2024-08-30T21:16:41","modified_gmt":"2024-08-30T13:16:41","slug":"%e5%9b%be%e7%89%87%e5%8d%95%e9%a1%b5","status":"publish","type":"page","link":"https:\/\/www.zhsmixer.com\/es\/\u56fe\u7247\u5355\u9875\/","title":{"rendered":"\u56fe\u7247\u5355\u9875"},"content":{"rendered":"<div data-elementor-type=\"wp-page\" data-elementor-id=\"3334\" class=\"elementor elementor-3334\" data-elementor-post-type=\"page\">\n\t\t\t\t<div class=\"elementor-element elementor-element-ac3cac6 e-flex e-con-boxed e-con e-parent\" data-id=\"ac3cac6\" data-element_type=\"container\">\n\t\t\t\t\t<div class=\"e-con-inner\">\n\t\t<div class=\"elementor-element elementor-element-d4b3a13 e-con-full e-flex e-con e-child\" data-id=\"d4b3a13\" data-element_type=\"container\">\n\t\t\t\t<div class=\"elementor-element elementor-element-33d57ca elementor-invisible elementor-widget elementor-widget-text-editor\" data-id=\"33d57ca\" data-element_type=\"widget\" data-settings=\"{&quot;_animation&quot;:&quot;fadeInUp&quot;}\" data-widget_type=\"text-editor.default\">\n\t\t\t\t<div class=\"elementor-widget-container\">\n\t\t\t<style>\/*! elementor - v3.23.0 - 05-08-2024 *\/\n.elementor-widget-text-editor.elementor-drop-cap-view-stacked .elementor-drop-cap{background-color:#69727d;color:#fff}.elementor-widget-text-editor.elementor-drop-cap-view-framed .elementor-drop-cap{color:#69727d;border:3px solid;background-color:transparent}.elementor-widget-text-editor:not(.elementor-drop-cap-view-default) .elementor-drop-cap{margin-top:8px}.elementor-widget-text-editor:not(.elementor-drop-cap-view-default) .elementor-drop-cap-letter{width:1em;height:1em}.elementor-widget-text-editor .elementor-drop-cap{float:left;text-align:center;line-height:1;font-size:50px}.elementor-widget-text-editor .elementor-drop-cap-letter{display:inline-block}<\/style>\t\t\t\t<p>Aqu\u00ed, le proporcionaremos videos trabajando en diferentes industrias, que pueden demostrar visualmente su inclusividad, versatilidad y flexibilidad para diferentes industrias.A trav\u00e9s de estos videos, usted obtendr\u00e1 una comprensi\u00f3n m\u00e1s profunda del rendimiento en diferentes entornos de fabricaci\u00f3n. nuestras m\u00e1quinas ofrecen consistentemente un rendimiento superior, demostrando las soluciones del mundo real que proporcionan a trav\u00e9s de m\u00faltiples industrias.<\/p>\t\t\t\t\t\t<\/div>\n\t\t\t\t<\/div>\n\t\t\t\t<div class=\"elementor-element elementor-element-a2ad5a4 elementor-widget-divider--view-line elementor-widget elementor-widget-divider\" data-id=\"a2ad5a4\" data-element_type=\"widget\" data-widget_type=\"divider.default\">\n\t\t\t\t<div class=\"elementor-widget-container\">\n\t\t\t<style>\/*! elementor - v3.23.0 - 05-08-2024 *\/\n.elementor-widget-divider{--divider-border-style:none;--divider-border-width:1px;--divider-color:#0c0d0e;--divider-icon-size:20px;--divider-element-spacing:10px;--divider-pattern-height:24px;--divider-pattern-size:20px;--divider-pattern-url:none;--divider-pattern-repeat:repeat-x}.elementor-widget-divider .elementor-divider{display:flex}.elementor-widget-divider .elementor-divider__text{font-size:15px;line-height:1;max-width:95%}.elementor-widget-divider .elementor-divider__element{margin:0 var(--divider-element-spacing);flex-shrink:0}.elementor-widget-divider .elementor-icon{font-size:var(--divider-icon-size)}.elementor-widget-divider .elementor-divider-separator{display:flex;margin:0;direction:ltr}.elementor-widget-divider--view-line_icon .elementor-divider-separator,.elementor-widget-divider--view-line_text .elementor-divider-separator{align-items:center}.elementor-widget-divider--view-line_icon .elementor-divider-separator:after,.elementor-widget-divider--view-line_icon .elementor-divider-separator:before,.elementor-widget-divider--view-line_text .elementor-divider-separator:after,.elementor-widget-divider--view-line_text .elementor-divider-separator:before{display:block;content:\"\";border-block-end:0;flex-grow:1;border-block-start:var(--divider-border-width) var(--divider-border-style) var(--divider-color)}.elementor-widget-divider--element-align-left .elementor-divider .elementor-divider-separator>.elementor-divider__svg:first-of-type{flex-grow:0;flex-shrink:100}.elementor-widget-divider--element-align-left .elementor-divider-separator:before{content:none}.elementor-widget-divider--element-align-left .elementor-divider__element{margin-left:0}.elementor-widget-divider--element-align-right .elementor-divider .elementor-divider-separator>.elementor-divider__svg:last-of-type{flex-grow:0;flex-shrink:100}.elementor-widget-divider--element-align-right .elementor-divider-separator:after{content:none}.elementor-widget-divider--element-align-right .elementor-divider__element{margin-right:0}.elementor-widget-divider--element-align-start .elementor-divider .elementor-divider-separator>.elementor-divider__svg:first-of-type{flex-grow:0;flex-shrink:100}.elementor-widget-divider--element-align-start .elementor-divider-separator:before{content:none}.elementor-widget-divider--element-align-start .elementor-divider__element{margin-inline-start:0}.elementor-widget-divider--element-align-end .elementor-divider .elementor-divider-separator>.elementor-divider__svg:last-of-type{flex-grow:0;flex-shrink:100}.elementor-widget-divider--element-align-end .elementor-divider-separator:after{content:none}.elementor-widget-divider--element-align-end .elementor-divider__element{margin-inline-end:0}.elementor-widget-divider:not(.elementor-widget-divider--view-line_text):not(.elementor-widget-divider--view-line_icon) .elementor-divider-separator{border-block-start:var(--divider-border-width) var(--divider-border-style) var(--divider-color)}.elementor-widget-divider--separator-type-pattern{--divider-border-style:none}.elementor-widget-divider--separator-type-pattern.elementor-widget-divider--view-line .elementor-divider-separator,.elementor-widget-divider--separator-type-pattern:not(.elementor-widget-divider--view-line) .elementor-divider-separator:after,.elementor-widget-divider--separator-type-pattern:not(.elementor-widget-divider--view-line) .elementor-divider-separator:before,.elementor-widget-divider--separator-type-pattern:not([class*=elementor-widget-divider--view]) .elementor-divider-separator{width:100%;min-height:var(--divider-pattern-height);-webkit-mask-size:var(--divider-pattern-size) 100%;mask-size:var(--divider-pattern-size) 100%;-webkit-mask-repeat:var(--divider-pattern-repeat);mask-repeat:var(--divider-pattern-repeat);background-color:var(--divider-color);-webkit-mask-image:var(--divider-pattern-url);mask-image:var(--divider-pattern-url)}.elementor-widget-divider--no-spacing{--divider-pattern-size:auto}.elementor-widget-divider--bg-round{--divider-pattern-repeat:round}.rtl .elementor-widget-divider .elementor-divider__text{direction:rtl}.e-con-inner>.elementor-widget-divider,.e-con>.elementor-widget-divider{width:var(--container-widget-width,100%);--flex-grow:var(--container-widget-flex-grow)}<\/style>\t\t<div class=\"elementor-divider\">\n\t\t\t<span class=\"elementor-divider-separator\">\n\t\t\t\t\t\t<\/span>\n\t\t<\/div>\n\t\t\t\t<\/div>\n\t\t\t\t<\/div>\n\t\t<div class=\"elementor-element elementor-element-6d1653f e-flex e-con-boxed e-con e-child\" data-id=\"6d1653f\" data-element_type=\"container\">\n\t\t\t\t\t<div class=\"e-con-inner\">\n\t\t<div class=\"elementor-element elementor-element-ed34e3d e-flex e-con-boxed e-con e-child\" data-id=\"ed34e3d\" data-element_type=\"container\">\n\t\t\t\t\t<div class=\"e-con-inner\">\n\t\t\t\t<div class=\"elementor-element elementor-element-2472beb gallery-spacing-custom elementor-widget elementor-widget-image-gallery\" data-id=\"2472beb\" data-element_type=\"widget\" data-widget_type=\"image-gallery.default\">\n\t\t\t\t<div class=\"elementor-widget-container\">\n\t\t\t<style>\/*! elementor - v3.23.0 - 05-08-2024 *\/\n.elementor-image-gallery .gallery-item{display:inline-block;text-align:center;vertical-align:top;width:100%;max-width:100%;margin:0 auto}.elementor-image-gallery .gallery-item img{margin:0 auto}.elementor-image-gallery .gallery-item .gallery-caption{margin:0}.elementor-image-gallery figure img{display:block}.elementor-image-gallery figure figcaption{width:100%}.gallery-spacing-custom .elementor-image-gallery .gallery-icon{padding:0}@media (min-width:768px){.elementor-image-gallery .gallery-columns-2 .gallery-item{max-width:50%}.elementor-image-gallery .gallery-columns-3 .gallery-item{max-width:33.33%}.elementor-image-gallery .gallery-columns-4 .gallery-item{max-width:25%}.elementor-image-gallery .gallery-columns-5 .gallery-item{max-width:20%}.elementor-image-gallery .gallery-columns-6 .gallery-item{max-width:16.666%}.elementor-image-gallery .gallery-columns-7 .gallery-item{max-width:14.28%}.elementor-image-gallery .gallery-columns-8 .gallery-item{max-width:12.5%}.elementor-image-gallery .gallery-columns-9 .gallery-item{max-width:11.11%}.elementor-image-gallery .gallery-columns-10 .gallery-item{max-width:10%}}@media (min-width:480px) and (max-width:767px){.elementor-image-gallery .gallery.gallery-columns-2 .gallery-item,.elementor-image-gallery .gallery.gallery-columns-3 .gallery-item,.elementor-image-gallery .gallery.gallery-columns-4 .gallery-item,.elementor-image-gallery .gallery.gallery-columns-5 .gallery-item,.elementor-image-gallery .gallery.gallery-columns-6 .gallery-item,.elementor-image-gallery .gallery.gallery-columns-7 .gallery-item,.elementor-image-gallery .gallery.gallery-columns-8 .gallery-item,.elementor-image-gallery .gallery.gallery-columns-9 .gallery-item,.elementor-image-gallery .gallery.gallery-columns-10 .gallery-item{max-width:50%}}@media (max-width:479px){.elementor-image-gallery .gallery.gallery-columns-2 .gallery-item,.elementor-image-gallery .gallery.gallery-columns-3 .gallery-item,.elementor-image-gallery .gallery.gallery-columns-4 .gallery-item,.elementor-image-gallery .gallery.gallery-columns-5 .gallery-item,.elementor-image-gallery .gallery.gallery-columns-6 .gallery-item,.elementor-image-gallery .gallery.gallery-columns-7 .gallery-item,.elementor-image-gallery .gallery.gallery-columns-8 .gallery-item,.elementor-image-gallery .gallery.gallery-columns-9 .gallery-item,.elementor-image-gallery .gallery.gallery-columns-10 .gallery-item{max-width:100%}}<\/style>\t\t<div class=\"elementor-image-gallery\">\n\t\t\t<div id='gallery-1' class='gallery galleryid-3334 gallery-columns-3 gallery-size-medium'><figure class='gallery-item'>\n\t\t\t<div class='gallery-icon landscape'>\n\t\t\t\t<a data-elementor-open-lightbox=\"yes\" data-elementor-lightbox-slideshow=\"2472beb\" data-elementor-lightbox-title=\"concrete-mixer-truck-factory-exhibition\" data-e-action-hash=\"#elementor-action%3Aaction%3Dlightbox%26settings%3DeyJpZCI6MzE4NCwidXJsIjoiaHR0cHM6XC9cL3d3dy56aHNtaXhlci5jb21cL3dwLWNvbnRlbnRcL3VwbG9hZHNcLzIwMjRcLzA1XC9jb25jcmV0ZS1taXhlci10cnVjay1mYWN0b3J5LWV4aGliaXRpb24ud2VicCIsInNsaWRlc2hvdyI6IjI0NzJiZWIifQ%3D%3D\" href='https:\/\/www.zhsmixer.com\/wp-content\/uploads\/2024\/05\/concrete-mixer-truck-factory-exhibition.webp'><img fetchpriority=\"high\" decoding=\"async\" width=\"300\" height=\"225\" src=\"https:\/\/www.zhsmixer.com\/wp-content\/uploads\/2024\/05\/concrete-mixer-truck-factory-exhibition-300x225.webp\" class=\"attachment-medium size-medium\" alt=\"\" aria-describedby=\"gallery-1-3184\" srcset=\"https:\/\/www.zhsmixer.com\/wp-content\/uploads\/2024\/05\/concrete-mixer-truck-factory-exhibition-300x225.webp 300w, https:\/\/www.zhsmixer.com\/wp-content\/uploads\/2024\/05\/concrete-mixer-truck-factory-exhibition-1024x768.webp 1024w, https:\/\/www.zhsmixer.com\/wp-content\/uploads\/2024\/05\/concrete-mixer-truck-factory-exhibition-768x576.webp 768w, https:\/\/www.zhsmixer.com\/wp-content\/uploads\/2024\/05\/concrete-mixer-truck-factory-exhibition-600x450.webp 600w, https:\/\/www.zhsmixer.com\/wp-content\/uploads\/2024\/05\/concrete-mixer-truck-factory-exhibition.webp 1440w\" sizes=\"(max-width: 300px) 100vw, 300px\" \/><\/a>\n\t\t\t<\/div>\n\t\t\t\t<figcaption class='wp-caption-text gallery-caption' id='gallery-1-3184'>\n\t\t\t\t1\n\t\t\t\t<\/figcaption><\/figure><figure class='gallery-item'>\n\t\t\t<div class='gallery-icon landscape'>\n\t\t\t\t<a data-elementor-open-lightbox=\"yes\" data-elementor-lightbox-slideshow=\"2472beb\" data-elementor-lightbox-title=\"wheel-loader-factory-exhibition\" data-e-action-hash=\"#elementor-action%3Aaction%3Dlightbox%26settings%3DeyJpZCI6MzE4OCwidXJsIjoiaHR0cHM6XC9cL3d3dy56aHNtaXhlci5jb21cL3dwLWNvbnRlbnRcL3VwbG9hZHNcLzIwMjRcLzA1XC93aGVlbC1sb2FkZXItZmFjdG9yeS1leGhpYml0aW9uLndlYnAiLCJzbGlkZXNob3ciOiIyNDcyYmViIn0%3D\" href='https:\/\/www.zhsmixer.com\/wp-content\/uploads\/2024\/05\/wheel-loader-factory-exhibition.webp'><img decoding=\"async\" width=\"300\" height=\"225\" src=\"https:\/\/www.zhsmixer.com\/wp-content\/uploads\/2024\/05\/wheel-loader-factory-exhibition-300x225.webp\" class=\"attachment-medium size-medium\" alt=\"\" aria-describedby=\"gallery-1-3188\" srcset=\"https:\/\/www.zhsmixer.com\/wp-content\/uploads\/2024\/05\/wheel-loader-factory-exhibition-300x225.webp 300w, https:\/\/www.zhsmixer.com\/wp-content\/uploads\/2024\/05\/wheel-loader-factory-exhibition-1024x768.webp 1024w, https:\/\/www.zhsmixer.com\/wp-content\/uploads\/2024\/05\/wheel-loader-factory-exhibition-768x576.webp 768w, https:\/\/www.zhsmixer.com\/wp-content\/uploads\/2024\/05\/wheel-loader-factory-exhibition-600x450.webp 600w, https:\/\/www.zhsmixer.com\/wp-content\/uploads\/2024\/05\/wheel-loader-factory-exhibition.webp 1440w\" sizes=\"(max-width: 300px) 100vw, 300px\" \/><\/a>\n\t\t\t<\/div>\n\t\t\t\t<figcaption class='wp-caption-text gallery-caption' id='gallery-1-3188'>\n\t\t\t\t2\n\t\t\t\t<\/figcaption><\/figure><figure class='gallery-item'>\n\t\t\t<div class='gallery-icon landscape'>\n\t\t\t\t<a data-elementor-open-lightbox=\"yes\" data-elementor-lightbox-slideshow=\"2472beb\" data-elementor-lightbox-title=\"backhoe-loader-factory-exhibition\" data-e-action-hash=\"#elementor-action%3Aaction%3Dlightbox%26settings%3DeyJpZCI6MzE4MywidXJsIjoiaHR0cHM6XC9cL3d3dy56aHNtaXhlci5jb21cL3dwLWNvbnRlbnRcL3VwbG9hZHNcLzIwMjRcLzA1XC9iYWNraG9lLWxvYWRlci1mYWN0b3J5LWV4aGliaXRpb24ud2VicCIsInNsaWRlc2hvdyI6IjI0NzJiZWIifQ%3D%3D\" href='https:\/\/www.zhsmixer.com\/wp-content\/uploads\/2024\/05\/backhoe-loader-factory-exhibition.webp'><img decoding=\"async\" width=\"300\" height=\"225\" src=\"https:\/\/www.zhsmixer.com\/wp-content\/uploads\/2024\/05\/backhoe-loader-factory-exhibition-300x225.webp\" class=\"attachment-medium size-medium\" alt=\"\" aria-describedby=\"gallery-1-3183\" srcset=\"https:\/\/www.zhsmixer.com\/wp-content\/uploads\/2024\/05\/backhoe-loader-factory-exhibition-300x225.webp 300w, https:\/\/www.zhsmixer.com\/wp-content\/uploads\/2024\/05\/backhoe-loader-factory-exhibition-1024x768.webp 1024w, https:\/\/www.zhsmixer.com\/wp-content\/uploads\/2024\/05\/backhoe-loader-factory-exhibition-768x576.webp 768w, https:\/\/www.zhsmixer.com\/wp-content\/uploads\/2024\/05\/backhoe-loader-factory-exhibition-600x450.webp 600w, https:\/\/www.zhsmixer.com\/wp-content\/uploads\/2024\/05\/backhoe-loader-factory-exhibition.webp 1440w\" sizes=\"(max-width: 300px) 100vw, 300px\" \/><\/a>\n\t\t\t<\/div>\n\t\t\t\t<figcaption class='wp-caption-text gallery-caption' id='gallery-1-3183'>\n\t\t\t\t3\n\t\t\t\t<\/figcaption><\/figure>\n\t\t<\/div>\n\t\t<\/div>\n\t\t\t\t<\/div>\n\t\t\t\t<\/div>\n\t\t\t\t\t<\/div>\n\t\t\t\t<\/div>\n\t\t\t\t\t<\/div>\n\t\t\t\t<\/div>\n\t\t\t\t<div class=\"elementor-element elementor-element-3d36359 elementor-widget-divider--view-line elementor-widget elementor-widget-divider\" data-id=\"3d36359\" data-element_type=\"widget\" data-widget_type=\"divider.default\">\n\t\t\t\t<div class=\"elementor-widget-container\">\n\t\t\t\t\t<div class=\"elementor-divider\">\n\t\t\t<span class=\"elementor-divider-separator\">\n\t\t\t\t\t\t<\/span>\n\t\t<\/div>\n\t\t\t\t<\/div>\n\t\t\t\t<\/div>\n\t\t\t\t<\/div>\n\t\t\t\t\t<\/div>\n\t\t\t\t<\/div>\n\t\t\t\t<\/div>","protected":false},"excerpt":{"rendered":"<p>Here, we will provide you with videos\u00a0 working in different industries, which can visually demonstrate its inclusivity, versatility and flexibility for different industries.Through these videos, you will gain a deeper understanding of the performance in different manufacturing environments. our machines consistently deliver superior performance, demonstrating the real-world solutions they provide across multiple industries. 1 2 [&hellip;]<\/p>","protected":false},"author":1,"featured_media":0,"parent":0,"menu_order":0,"comment_status":"closed","ping_status":"closed","template":"","meta":{"_seopress_robots_primary_cat":"","_seopress_titles_title":"","_seopress_titles_desc":"","_seopress_robots_index":"","_joinchat":[],"footnotes":""},"class_list":["post-3334","page","type-page","status-publish","hentry"],"blocksy_meta":{"has_hero_section":"disabled","styles_descriptor":{"styles":{"desktop":"","tablet":"","mobile":""},"google_fonts":[],"version":6}},"_links":{"self":[{"href":"https:\/\/www.zhsmixer.com\/es\/wp-json\/wp\/v2\/pages\/3334"}],"collection":[{"href":"https:\/\/www.zhsmixer.com\/es\/wp-json\/wp\/v2\/pages"}],"about":[{"href":"https:\/\/www.zhsmixer.com\/es\/wp-json\/wp\/v2\/types\/page"}],"author":[{"embeddable":true,"href":"https:\/\/www.zhsmixer.com\/es\/wp-json\/wp\/v2\/users\/1"}],"replies":[{"embeddable":true,"href":"https:\/\/www.zhsmixer.com\/es\/wp-json\/wp\/v2\/comments?post=3334"}],"version-history":[{"count":7,"href":"https:\/\/www.zhsmixer.com\/es\/wp-json\/wp\/v2\/pages\/3334\/revisions"}],"predecessor-version":[{"id":4166,"href":"https:\/\/www.zhsmixer.com\/es\/wp-json\/wp\/v2\/pages\/3334\/revisions\/4166"}],"wp:attachment":[{"href":"https:\/\/www.zhsmixer.com\/es\/wp-json\/wp\/v2\/media?parent=3334"}],"curies":[{"name":"wp","href":"https:\/\/api.w.org\/{rel}","templated":true}]}}