{"id":4440,"date":"2024-09-10T20:48:33","date_gmt":"2024-09-10T12:48:33","guid":{"rendered":"https:\/\/www.zhsmixer.com\/?post_type=product&#038;p=4440"},"modified":"2025-07-11T14:34:46","modified_gmt":"2025-07-11T06:34:46","slug":"concrete-mixer-tank","status":"publish","type":"product","link":"https:\/\/www.zhsmixer.com\/de\/produkt\/betonmischer-tank\/","title":{"rendered":"Betonmischer-Tank"},"content":{"rendered":"<p>1) ZHS Betonmischer-Fahrzeug besteht haupts\u00e4chlich aus zwei Arten von speziellen LKW-Fahrgestell, Mischtrommel, hydraulische Antriebsvorrichtung, Steuerger\u00e4t, Wasserversorgungssystem, Rack, feedingdevice, Leiter, Rad und so weiter.<\/p>\n<p>2) Um die Lebensdauer der Produkte zu verl\u00e4ngern, sind die Mischtrommel, die Klinge, das Gestell, der Ein- und Auslauftrichter und andere Komponenten aus einer hochfesten und verschlei\u00dffesten Manganlegierung gefertigt.<\/p>\n<p>3) Wir haben das Strahlen zur Verst\u00e4rkung der Behandlung abgeschlossen, um die Gesamtqualit\u00e4t der Lackierung zu gew\u00e4hrleisten.<br \/>\n&#8212;&#8212;&#8212;&#8212;&#8212;-<\/p>\n<p>Durch den Explosionsdruck und das optimierte Einspritz-\/Verbrennungssystem wird ein breiter Drehzahlbereich mit sehr niedrigen Verbrauchswerten erreicht.<\/p>\n<p>Die vorderen und hinteren Halterungen der zhs Maschinen Betonmischer LKW sind adoptieren Laserschneiden, die hohe Produktionspr\u00e4zision, geringe thermische Belastung und hohe Gesamtfestigkeit hat. Es wird durch experimentelle Daten best\u00e4tigt, dass die Lebensdauer von 60%-80% erh\u00f6ht wird.<\/p>\n<p>Die Ein- und Auslaufteile des Mischwagens, der Tankk\u00f6rper und die Schaufel bestehen aus hochfestem, verschlei\u00dffestem NM300TP-Material, und die Schaufel ist mit verschlei\u00dffesten Streifen ausgestattet, was die Lebensdauer verl\u00e4ngert und haltbar ist.<\/p>\n<p>Dreidimensional gekr\u00fcmmte doppelte logarithmische Spiralklinge, gute Mischleistung, Maximierung der Fahrzeugleistung, erhebliche Verbesserung der Anwesenheit des Fahrzeugs, gleichm\u00e4\u00dfigeres Mischen, schnellere Entladung, niedrige Restrate und keine Trennung.<\/p>\n<p>Importieren Sie drei gro\u00dfe Komponenten, um einen sichereren Arbeitsschutz zu gew\u00e4hrleisten. Die Lieferung von Ersatzteilen erfolgt rechtzeitig und genau, und die Wartung ist bequem, damit die Benutzer mit ruhigem Gewissen arbeiten und produzieren k\u00f6nnen.<\/p>\n<p>Eine Vielzahl von Fahrgestellen zur Auswahl: Sinotruck, Shanxi Automobile, FAW, Dongfeng, Auman und andere erstklassige Hersteller von Schwerlastwagen in der Branche<\/p>\n<p>Zu den wichtigsten hydraulischen Zubeh\u00f6rteilen geh\u00f6ren: Hydraulische Plungerpumpe, Verstellmechanismus mit Servo, Hydraulikmotor und Untersetzungsgetriebe stammen von international bekannten Marken wie Rexroth, Eaton, SAUER, PMP, Bonfiqlioli und ZF.<\/p>\n<p>&#8212;&#8212;&#8212;&#8212;&#8212;&#8211;<\/p>\n<p>Der Sany Mischwagen SY308C-8(R Dry) mit 8 Kubikmetern Mischkapazit\u00e4t ist mit einem ultrahochfesten integrierten Hilfsrahmen ausgestattet, der seine Stabilit\u00e4t und hohe Festigkeit gew\u00e4hrleistet. Der 8-Kubikmeter-Mischwagen kann sich an verschiedene raue Bedingungen anpassen und verbessert seine Lebensdauer.<\/p>\n<p>Spezialisierte Kabine<\/p>\n<p>- Sicher und zuverl\u00e4ssig<\/p>\n<p>Die Rahmenstruktur und die Schwei\u00dfarbeiten an der Karosserie werden von Robotern ausgef\u00fchrt, die die strengsten Vorschriften und Zertifizierungen f\u00fcr Frontalaufprall und Aufpralldruck erf\u00fcllen. Das Design der Instrumententafel und des R\u00fcckspiegels \u00fcbertrifft den nationalen Standard, und es gibt keine toten Winkel im allseitigen Sichtbereich.<\/p>\n<p>- Erm\u00fcdungshemmend und sto\u00dfd\u00e4mpfend<\/p>\n<p>Mit einer an vier Punkten voll gefederten, sto\u00dfd\u00e4mpfenden Kabine und einer doppellagigen T\u00fcrdichtung sowie einer Ger\u00e4uschd\u00e4mpfungstechnologie ist die Sto\u00dfd\u00e4mpfungswirkung der Kabine mit den besten Modellen aus Europa, Amerika und Japan vergleichbar. Die Kabine mildert Erm\u00fcdungserscheinungen bei holprigen Fahrten, so dass Sie leichter und l\u00e4nger arbeiten k\u00f6nnen.<br \/>\nDie Kabine ist ger\u00e4uscharm und mit der rot-schwarzen Innenverkleidung auch \u00e4sthetisch ansprechend gestaltet. Das Lenkrad ist au\u00dferdem mit den neuesten Bluetooth-Technologien ausgestattet.<\/p>\n<p>- Bequeme, schnelle Wartung<\/p>\n<p>Die Kabine kann in einem gro\u00dfen Winkel gekippt werden, so dass Teile wie der Motor und das Getriebe zur Wartung aus der Kabine gehoben werden k\u00f6nnen. Auch die an der Front montierte Klimaanlage kann durch \u00d6ffnen der Frontplatte leicht repariert werden.<\/p>\n<p>- Eleganter Stil<\/p>\n<p>Das elegante Design der Komponenten mit Titan- und Silbereinlagen im Innenraum, die Instrumententafel und die hochwertigen Sitze erm\u00f6glichen es Ihnen, stilvoll und komfortabel zu arbeiten.<\/p>\n<p>Energiesparende Technologie<br \/>\nDer Motor kann im Dual-Power-Betrieb laufen, wodurch er sich an unterschiedliche Arbeitsbedingungen anpassen kann. Mit der Technologie zur Anpassung des Mischwagens sinkt der Kraftstoffverbrauch um 10%.<\/p>\n<p>Niederflurtechnik<br \/>\nDie beispiellose \"No-Sub-Frame-Struktur\" der Serie senkt die Ladefl\u00e4che des Staplers um 140 mm auf 200 mm. Jahrelange Investitionen in Forschung und Entwicklung haben zu einer optimalen Rahmenstruktur gef\u00fchrt, die ihm Stabilit\u00e4t und Zuverl\u00e4ssigkeit verleiht.<\/p>\n<p>Flexible Lenkungstechnik<br \/>\nDurch den Einsatz einer gro\u00dfvolumigen \u00d6lpumpe f\u00fcr die Servolenkung sinkt die erforderliche Bet\u00e4tigungskraft um 40% und die Lenkung wird erleichtert. Wir haben die Rohrleitung des Fahrgestells und den Lenkwinkel der Vorderachse optimiert, wodurch sich der Lenkdurchmesser des Mischwagens um 15% verringert. So haben Sie mehr Kontrolle \u00fcber die kleinsten Details Ihres Mischwagens.<\/p>\n<p>Anti-Buildup-Technologie<br \/>\nDie eingebaute dreiteilige, gefaltete Schaufel tr\u00e4gt dazu bei, den Gleitwinkel des Austrags zu vergr\u00f6\u00dfern und so die Anh\u00e4ufung von Zuschlagstoffen zu verringern. Dar\u00fcber hinaus sind am hinteren Konus eine Sp\u00fclvorrichtung, ein innovativer vorderer Konus und eine Balkenkronen-Verbindungsstruktur installiert, um stagnierende Gesteinsk\u00f6rner im Totraum zu beseitigen und zu verhindern, dass sich Gesteinsk\u00f6rner am vorderen und hinteren Konus anh\u00e4ufen. Damit sinkt die Restmenge an der Austrags\u00f6ffnung auf 0,4%.<\/p>\n<p>Intelligente Betriebstechnologie<br \/>\nDer LKW ist mit einem GPS-System, Mischwagen\u00fcberwachung, Aufzeichnungswiedergabe, Ereignisalarm, LKW-Management und Statistiken ausgestattet. Sie k\u00f6nnen den Standort des Mischwagens, den \u00d6lstand und die Entladung sofort \u00fcberwachen.<\/p>\n<p>Wartungserinnerungen<br \/>\nDie C8-Serie bietet einen Wartungsalarm f\u00fcr die wichtigsten Komponenten des Staplers (einschlie\u00dflich Motor, Achsen, Getriebe und andere), damit Sie den \u00dcberblick \u00fcber die Wartung des Staplers behalten und m\u00f6gliche Sch\u00e4den minimieren k\u00f6nnen.<\/p>","protected":false},"excerpt":{"rendered":"<table style=\"border-collapse: collapse; width: 1475px; height: 306px;\" border=\"0\" width=\"552\" cellspacing=\"0\" cellpadding=\"0\">\n<tbody>\n<tr style=\"height: 15.75pt;\">\n<td class=\"et4\" style=\"height: 15.75pt; width: 106.90pt;\" width=\"142\" height=\"21\">Tank-Volumen<\/td>\n<td class=\"et5\" style=\"width: 307.20pt;\" width=\"409\">1m\u00b3, 2m\u00b3, 3m\u00b3, 4m\u00b3, 5m\u00b3, 6m\u00b3, 8m\u00b3, 10m\u00b3, 12m\u00b3, 14m\u00b3, 20m\u00b3<\/td>\n<\/tr>\n<tr style=\"height: 47.25pt;\">\n<td class=\"et4\" style=\"height: 47.25pt;\" height=\"63\">Material des Tanks<\/td>\n<td class=\"et5\" style=\"width: 307.20pt;\" width=\"409\">Hochfester, verschlei\u00dffester, legierter Stahl Q345B, Dicke von 6 mm, erh\u00f6ht die Lebensdauer des Tanks um mehr als das 3fache, Strahlen zum Schutz vor Rost.<\/td>\n<\/tr>\n<tr style=\"height: 15.75pt;\">\n<td class=\"et4\" style=\"height: 15.75pt;\" height=\"21\">Material der Klinge<\/td>\n<td class=\"et5\" style=\"width: 307.20pt;\" width=\"409\">5#Thick legierter Stahl (mit Verschlei\u00dfstreifen zur Erh\u00f6hung der Lebensdauer)<\/td>\n<\/tr>\n<tr style=\"height: 15.75pt;\">\n<td class=\"et4\" style=\"height: 15.75pt;\" height=\"21\">Material des Geh\u00e4uses<\/td>\n<td class=\"et5\" style=\"width: 307.20pt;\" width=\"409\">6#THick Doppelkopf aus legiertem Stahl<\/td>\n<\/tr>\n<tr style=\"height: 15.75pt;\">\n<td class=\"et4\" style=\"height: 15.75pt;\" height=\"21\">Reduktionsbox<\/td>\n<td class=\"et5\" style=\"width: 307.20pt;\" width=\"409\">Deutsches PMP-Getriebe, hohe Tragf\u00e4higkeit, geringe Ausfallwahrscheinlichkeit<\/td>\n<\/tr>\n<tr style=\"height: 15.75pt;\">\n<td class=\"et4\" style=\"height: 15.75pt;\" height=\"21\">Hydraulisches System<\/td>\n<td class=\"et5\" style=\"width: 307.20pt;\" width=\"409\">Offenes\/geschlossenes Hydrauliksystem<\/td>\n<\/tr>\n<tr style=\"height: 31.50pt;\">\n<td class=\"et4\" style=\"height: 31.50pt;\" height=\"42\">Anh\u00e4nger<\/td>\n<td class=\"et5\" style=\"width: 307.20pt;\" width=\"409\">Gro\u00dfvolumige Anh\u00e4nger werden ausgew\u00e4hlt, um die Laufstabilit\u00e4t des Tanks zu verbessern.<\/td>\n<\/tr>\n<tr style=\"height: 15.75pt;\">\n<td class=\"et4\" style=\"height: 15.75pt;\" height=\"21\">Heizk\u00f6rper-System<\/td>\n<td class=\"et5\" style=\"width: 307.20pt;\" width=\"409\">K\u00fchler 18 L<\/td>\n<\/tr>\n<tr style=\"height: 15.75pt;\">\n<td class=\"et4\" style=\"height: 15.75pt;\" height=\"21\">Vorschubgeschwindigkeit<\/td>\n<td class=\"et5\" style=\"width: 307.20pt;\" width=\"409\">&gt;3m3\/min<\/td>\n<\/tr>\n<tr style=\"height: 15.75pt;\">\n<td class=\"et4\" style=\"height: 15.75pt;\" height=\"21\">Entladungsgeschwindigkeit<\/td>\n<td class=\"et5\" style=\"width: 307.20pt;\" width=\"409\">&gt;1m3\/min<\/td>\n<\/tr>\n<tr style=\"height: 15.75pt;\">\n<td class=\"et4\" style=\"height: 15.75pt;\" height=\"21\">Wasserversorgung<\/td>\n<td class=\"et5\" style=\"width: 307.20pt;\" width=\"409\">150L - 400L<\/td>\n<\/tr>\n<tr style=\"height: 15.75pt;\">\n<td class=\"et4\" style=\"height: 15.75pt;\" height=\"21\">Betriebsart<\/td>\n<td class=\"et5\" style=\"width: 307.20pt;\" width=\"409\">Drei-Wege-Bedienung auf der linken und rechten Seite sowie in der Kabine<\/td>\n<\/tr>\n<tr style=\"height: 15.75pt;\">\n<td class=\"et4\" style=\"height: 15.75pt;\" height=\"21\">Reichweite der Entladung<\/td>\n<td class=\"et5\" style=\"width: 307.20pt;\" width=\"409\">180\u00b0-Einstellung<\/td>\n<\/tr>\n<tr style=\"height: 15.75pt;\">\n<td class=\"et4\" style=\"height: 15.75pt;\" height=\"21\">Sicherheitseinrichtung<\/td>\n<td class=\"et5\" style=\"width: 307.20pt;\" width=\"409\">Vorrichtung f\u00fcr Materialverluste hinzuf\u00fcgen<\/td>\n<\/tr>\n<tr style=\"height: 94.50pt;\">\n<td class=\"et4\" style=\"height: 94.50pt;\" height=\"126\">Vorteil<\/td>\n<td class=\"et5\" style=\"width: 307.20pt;\" width=\"409\">Der Mischzylinder verf\u00fcgt \u00fcber das fortschrittlichste Doppelspiralkurvendesign, das beste Verh\u00e4ltnis zwischen Umlenkungsbohrung und Mischplatte, so dass sich der Mischzylinder gleichm\u00e4\u00dfiger dreht, die Gleichm\u00e4\u00dfigkeit des Betons besser ist, die Einlass- und Auslassgeschwindigkeit schnell ist, die Entmischung beseitigt ist, die Restrate niedrig ist und die Lebensdauer l\u00e4nger ist.<\/td>\n<\/tr>\n<\/tbody>\n<\/table>","protected":false},"featured_media":4458,"template":"","meta":{"_seopress_robots_primary_cat":"","_seopress_titles_title":"","_seopress_titles_desc":"","_seopress_robots_index":"","_joinchat":[]},"product_cat":[54],"product_tag":[],"class_list":{"0":"post-4440","1":"product","2":"type-product","3":"status-publish","4":"has-post-thumbnail","6":"product_cat-other-products","8":"first","9":"instock","10":"shipping-taxable","11":"product-type-simple"},"_links":{"self":[{"href":"https:\/\/www.zhsmixer.com\/de\/wp-json\/wp\/v2\/product\/4440"}],"collection":[{"href":"https:\/\/www.zhsmixer.com\/de\/wp-json\/wp\/v2\/product"}],"about":[{"href":"https:\/\/www.zhsmixer.com\/de\/wp-json\/wp\/v2\/types\/product"}],"version-history":[{"count":1,"href":"https:\/\/www.zhsmixer.com\/de\/wp-json\/wp\/v2\/product\/4440\/revisions"}],"predecessor-version":[{"id":4461,"href":"https:\/\/www.zhsmixer.com\/de\/wp-json\/wp\/v2\/product\/4440\/revisions\/4461"}],"wp:featuredmedia":[{"embeddable":true,"href":"https:\/\/www.zhsmixer.com\/de\/wp-json\/wp\/v2\/media\/4458"}],"wp:attachment":[{"href":"https:\/\/www.zhsmixer.com\/de\/wp-json\/wp\/v2\/media?parent=4440"}],"wp:term":[{"taxonomy":"product_cat","embeddable":true,"href":"https:\/\/www.zhsmixer.com\/de\/wp-json\/wp\/v2\/product_cat?post=4440"},{"taxonomy":"product_tag","embeddable":true,"href":"https:\/\/www.zhsmixer.com\/de\/wp-json\/wp\/v2\/product_tag?post=4440"}],"curies":[{"name":"wp","href":"https:\/\/api.w.org\/{rel}","templated":true}]}}