{"id":4347,"date":"2024-09-10T17:22:12","date_gmt":"2024-09-10T09:22:12","guid":{"rendered":"https:\/\/www.zhsmixer.com\/?post_type=product&#038;p=4347"},"modified":"2025-07-11T14:37:00","modified_gmt":"2025-07-11T06:37:00","slug":"2-8ton-mini-excavator","status":"publish","type":"product","link":"https:\/\/www.zhsmixer.com\/de\/produkt\/2-8-tonnen-minibagger\/","title":{"rendered":"2,8 Tonnen Minibagger"},"content":{"rendered":"<p>1. die verbreiterten Raupenschuhe garantieren einen niedrigen Bodendruck, hohe Stabilit\u00e4t und eine starke Traktion, um pr\u00e4zise horizontale Arbeiten auszuf\u00fchren.<br \/>\n2. die nassen Typ Lenkung Kupplung und Bremse kann die Lebensdauer zu verl\u00e4ngern und sind miteinander verbunden, um die schnelle und flexible garantieren<br \/>\nLenkung durch Joysticks.<br \/>\n3. er kann den Aushub, den Umschlag und die Deponierung von Erdarbeiten \u00fcbernehmen und eignet sich f\u00fcr den Bau von Stra\u00dfen, Landwirtschaftsbetrieben, Wasserwirtschaftsprojekten, kommunalen Projekten und Energieprojekten.<br \/>\n4.small Hydraulikbagger verf\u00fcgt \u00fcber kleine Gr\u00f6\u00dfe, flexible Bedienung und g\u00fcnstige Befahrbarkeit, und es kann frei an kleinen und engen Ort zu arbeiten. Normalerweise wird der Bagger im st\u00e4dtischen Bau, Landschaftsbau und Bew\u00e4sserung und Wasserschutz etc. angewendet.<br \/>\n5. hochwertige Konfiguration und hervorragende Qualit\u00e4t, hochwertiges Fahrerlebnis, Solidit\u00e4t, hohe Effizienz und Langlebigkeit, bequeme und effiziente Reparatur und Wartung. Optionale Konfiguration - wir halten die \"All-in-one\"-Philosophie aufrecht.<\/p>\n<p>Merkmale:<br \/>\n1. Bagger mit kompakten Abmessungen k\u00f6nnen problemlos durch enge G\u00e4nge und T\u00fcren fahren.<br \/>\n2. Einziehbarer Unterwagen und Planierschild erm\u00f6glichen die Konfiguration der Bagger f\u00fcr hervorragende Arbeitsstabilit\u00e4t und optimale Leistung.<br \/>\n3. Der kraftvolle Motor und die perfekt abgestimmte Hydraulik sorgen f\u00fcr eine effiziente, wirtschaftliche und zuverl\u00e4ssige Leistung bei h\u00e4rtesten Eins\u00e4tzen.<br \/>\n4. Die Schl\u00e4uche der Schaufel sind im Ausleger gut gesch\u00fctzt und der Zylinder ist oberhalb der Struktur montiert.<br \/>\n5. Der Bedienerbereich ist ger\u00e4umig und so gestaltet, dass er bequem und einfach zu bedienen ist.<br \/>\n6. Hervorragender Motor mit hervorragender Leistung und minimalem Kraftstoffverbrauch f\u00fcr mehr Produktivit\u00e4t pro Tank.<\/p>\n<p>Designkonzept<br \/>\n1. das komplette Fahrzeug ist mit einem Originalmotor ausgestattet, der von einer international renommierten Marke importiert wird, und verf\u00fcgt \u00fcber ein System zur Steuerung der konstanten Leistung, um die Motorleistung voll auszusch\u00f6pfen und den Bagger mit einer starken Leistung zu versorgen.<br \/>\n2.hydraulic Medium Bagger hat sowohl hervorragende Umweltleistung und gro\u00dfe Leistung, mit ow Kraftstoffverbrauch Design abgestimmt, sind die Betriebskosten deutlich reduziert.<br \/>\n3. lederne Sitze, mit Sicherheitsgurten und Handl\u00e4ufen, k\u00f6nnen vor und nach, mit verstellbaren hinteren Ecken eingestellt werden.<br \/>\n4. deutsche MA Marke kontinentalen Hydraulikschlauch ist eine internationale Marke mit stabilen und zuverl\u00e4ssigen Qualit\u00e4t.<br \/>\n5. der externe Hydraulikschlauch ist mit Federhalterung und Spiralschutzschlauch ausgestattet, um Reibung, Kollision, Biegen und andere Sch\u00e4den zu vermeiden<br \/>\n6. die Aktionshebel sind mit Staubschutzkappen und tragbaren Handl\u00e4ufen ausgestattet<br \/>\n7. die Hauptkonsole besteht aus drei Teilen. Die Gesamtform ist wie eine \"Faust\", reich an Spannung, stromlinienf\u00f6rmige Trend-Design, ruhig und herrschs\u00fcchtig, die im Einklang mit der \u00c4sthetik des Ostens und des Westens ist. Der Anschluss verwendet eine Senkkopfdichtung aus Edelstahl und eine Senkkopfschraube mit Innensechskant, die eine gute Befestigung und dekorative Wirkung hat. Die integrierte Abdeckung des Instruments an der Vorderseite ist leicht zu demontieren, und die sp\u00e4tere Wartung der elektrischen Komponenten und des Hauptventils ist besonders bequem.<\/p>\n<p>Wir k\u00f6nnen auch private Anpassungsdienste nach Ihren Bed\u00fcrfnissen anbieten<\/p>\n<p>1.optionale Anbauger\u00e4te: Aufbrechhammer, Erdbohrer, Harken, Schnellwechsler, Aufrei\u00dfer, Holzgreifer, Schaufeln aller Gr\u00f6\u00dfen und mehr...<\/p>\n<p>2. die Farbe und der Stil k\u00f6nnen angepasst werden.<\/p>\n<p>3. verschiedene Arten von Motoren k\u00f6nnen je nach Ihren unterschiedlichen Bed\u00fcrfnissen angepasst werden.<\/p>\n<p>4. unsere Fabrik kann private kundenspezifische Logodienstleistungen nach Ihren Bed\u00fcrfnissen anbieten, Stile nach Ihren W\u00fcnschen anpassen und Ihre Gie\u00dferei sein.<\/p>","protected":false},"excerpt":{"rendered":"<p>1.The widened track shoes guarantee low ground pressure, high stability, and powerful traction to fulfill precise horizontal operations. 2.The wet type steering clutch and brake can prolong the service life and are interlinked with each other toguarantee the rapid and flexible steeringcontrols by joysticks. 3.It can complete the digging, handling, and landfill operations of earthworks [&hellip;]<\/p>","protected":false},"featured_media":4350,"template":"","meta":{"_seopress_robots_primary_cat":"none","_seopress_titles_title":"","_seopress_titles_desc":"","_seopress_robots_index":"","_joinchat":[]},"product_cat":[54],"product_tag":[],"class_list":{"0":"post-4347","1":"product","2":"type-product","3":"status-publish","4":"has-post-thumbnail","6":"product_cat-other-products","8":"first","9":"instock","10":"shipping-taxable","11":"product-type-simple"},"_links":{"self":[{"href":"https:\/\/www.zhsmixer.com\/de\/wp-json\/wp\/v2\/product\/4347"}],"collection":[{"href":"https:\/\/www.zhsmixer.com\/de\/wp-json\/wp\/v2\/product"}],"about":[{"href":"https:\/\/www.zhsmixer.com\/de\/wp-json\/wp\/v2\/types\/product"}],"version-history":[{"count":1,"href":"https:\/\/www.zhsmixer.com\/de\/wp-json\/wp\/v2\/product\/4347\/revisions"}],"predecessor-version":[{"id":4355,"href":"https:\/\/www.zhsmixer.com\/de\/wp-json\/wp\/v2\/product\/4347\/revisions\/4355"}],"wp:featuredmedia":[{"embeddable":true,"href":"https:\/\/www.zhsmixer.com\/de\/wp-json\/wp\/v2\/media\/4350"}],"wp:attachment":[{"href":"https:\/\/www.zhsmixer.com\/de\/wp-json\/wp\/v2\/media?parent=4347"}],"wp:term":[{"taxonomy":"product_cat","embeddable":true,"href":"https:\/\/www.zhsmixer.com\/de\/wp-json\/wp\/v2\/product_cat?post=4347"},{"taxonomy":"product_tag","embeddable":true,"href":"https:\/\/www.zhsmixer.com\/de\/wp-json\/wp\/v2\/product_tag?post=4347"}],"curies":[{"name":"wp","href":"https:\/\/api.w.org\/{rel}","templated":true}]}}