{"id":2658,"date":"2024-07-23T08:53:18","date_gmt":"2024-07-23T00:53:18","guid":{"rendered":"https:\/\/www.zhsmixer.com\/?post_type=product&#038;p=2658"},"modified":"2024-07-23T09:46:36","modified_gmt":"2024-07-23T01:46:36","slug":"2-5ton-wheel-loader","status":"publish","type":"product","link":"https:\/\/www.zhsmixer.com\/de\/produkt\/2-5t-radlader\/","title":{"rendered":"2,5t Radlader"},"content":{"rendered":"","protected":false},"excerpt":{"rendered":"<table style=\"height: 30px;\" width=\"1390\">\n<tbody>\n<tr>\n<td width=\"165\">Modell<\/td>\n<td width=\"229\">ZHS-25W<\/td>\n<\/tr>\n<tr>\n<td width=\"165\">Fassungsverm\u00f6gen der Schaufel<\/td>\n<td width=\"229\">1.3m\u00b3<\/td>\n<\/tr>\n<tr>\n<td width=\"165\">Nennlast<\/td>\n<td width=\"229\">2500kg<\/td>\n<\/tr>\n<tr>\n<td width=\"165\">Gewicht<\/td>\n<td width=\"229\">6600kg<\/td>\n<\/tr>\n<tr>\n<td width=\"165\">Gesamtgr\u00f6\u00dfe<\/td>\n<td width=\"229\">6200\u00d72100\u00d73050mm<\/td>\n<\/tr>\n<tr>\n<td width=\"165\">Motormodell<\/td>\n<td width=\"229\">Xichai 85kw<\/td>\n<\/tr>\n<tr>\n<td width=\"165\">Muster<\/td>\n<td width=\"229\">in Reihe, 4 Zylinder<\/td>\n<\/tr>\n<tr>\n<td width=\"165\">Bereifung<\/td>\n<td width=\"229\">16\/70-24<\/td>\n<\/tr>\n<tr>\n<td width=\"165\">Getriebe<\/td>\n<td width=\"229\">Double H\/L 4 Vorw\u00e4rtsschaltung 2 R\u00fcckw\u00e4rtsschaltung<\/td>\n<\/tr>\n<tr>\n<td width=\"165\">Typ<\/td>\n<td width=\"229\">hydraulischer Drehmomentwandler<\/td>\n<\/tr>\n<tr>\n<td width=\"165\">Muster<\/td>\n<td width=\"229\">automatisch<\/td>\n<\/tr>\n<tr>\n<td width=\"165\">Achse<\/td>\n<td width=\"229\">Allradantrieb, ZHS2.5-Nabenuntersetzung<\/td>\n<\/tr>\n<tr>\n<td width=\"165\">Betriebsbremse<\/td>\n<td width=\"229\">Lufthydraulische Scheibenbremse<\/td>\n<\/tr>\n<tr>\n<td width=\"165\">Feststellbremse<\/td>\n<td width=\"229\">Handbremse<\/td>\n<\/tr>\n<\/tbody>\n<\/table>","protected":false},"featured_media":3611,"template":"","meta":{"_seopress_robots_primary_cat":"none","_seopress_titles_title":"","_seopress_titles_desc":"","_seopress_robots_index":"","_joinchat":[]},"product_cat":[15],"product_tag":[],"class_list":{"0":"post-2658","1":"product","2":"type-product","3":"status-publish","4":"has-post-thumbnail","6":"product_cat-wheel-loader","8":"first","9":"instock","10":"shipping-taxable","11":"product-type-simple"},"_links":{"self":[{"href":"https:\/\/www.zhsmixer.com\/de\/wp-json\/wp\/v2\/product\/2658"}],"collection":[{"href":"https:\/\/www.zhsmixer.com\/de\/wp-json\/wp\/v2\/product"}],"about":[{"href":"https:\/\/www.zhsmixer.com\/de\/wp-json\/wp\/v2\/types\/product"}],"version-history":[{"count":9,"href":"https:\/\/www.zhsmixer.com\/de\/wp-json\/wp\/v2\/product\/2658\/revisions"}],"predecessor-version":[{"id":3614,"href":"https:\/\/www.zhsmixer.com\/de\/wp-json\/wp\/v2\/product\/2658\/revisions\/3614"}],"wp:featuredmedia":[{"embeddable":true,"href":"https:\/\/www.zhsmixer.com\/de\/wp-json\/wp\/v2\/media\/3611"}],"wp:attachment":[{"href":"https:\/\/www.zhsmixer.com\/de\/wp-json\/wp\/v2\/media?parent=2658"}],"wp:term":[{"taxonomy":"product_cat","embeddable":true,"href":"https:\/\/www.zhsmixer.com\/de\/wp-json\/wp\/v2\/product_cat?post=2658"},{"taxonomy":"product_tag","embeddable":true,"href":"https:\/\/www.zhsmixer.com\/de\/wp-json\/wp\/v2\/product_tag?post=2658"}],"curies":[{"name":"wp","href":"https:\/\/api.w.org\/{rel}","templated":true}]}}