{"id":2545,"date":"2024-07-23T08:43:33","date_gmt":"2024-07-23T00:43:33","guid":{"rendered":"https:\/\/www.zhsmixer.com\/?post_type=product&#038;p=2545"},"modified":"2024-07-23T09:19:24","modified_gmt":"2024-07-23T01:19:24","slug":"1-8ton-wheel-loader","status":"publish","type":"product","link":"https:\/\/www.zhsmixer.com\/de\/produkt\/1-8-tonnen-radlader\/","title":{"rendered":"1.8t Radlader"},"content":{"rendered":"","protected":false},"excerpt":{"rendered":"<table style=\"height: 104px;\" width=\"1375\">\n<tbody>\n<tr>\n<td width=\"165\">Modell<\/td>\n<td width=\"229\">ZHS-18W<\/td>\n<\/tr>\n<tr>\n<td width=\"165\">Fassungsverm\u00f6gen der Schaufel<\/td>\n<td width=\"229\">0.8m\u00b3<\/td>\n<\/tr>\n<tr>\n<td width=\"165\">Nennlast<\/td>\n<td width=\"229\">1800kg<\/td>\n<\/tr>\n<tr>\n<td width=\"165\">Gewicht<\/td>\n<td width=\"229\">4500kg<\/td>\n<\/tr>\n<tr>\n<td width=\"165\">Gesamtgr\u00f6\u00dfe<\/td>\n<td width=\"229\">5600*1840*2760mm<\/td>\n<\/tr>\n<tr>\n<td width=\"165\">Motormodell<\/td>\n<td width=\"229\">Yunnei 55kw<\/td>\n<\/tr>\n<tr>\n<td width=\"165\">Muster<\/td>\n<td width=\"229\">in Reihe, 4 Zylinder<\/td>\n<\/tr>\n<tr>\n<td width=\"165\">Bereifung<\/td>\n<td width=\"229\">20.5\/16<\/td>\n<\/tr>\n<tr>\n<td width=\"165\">Getriebe<\/td>\n<td width=\"229\">Double H\/L 4 Vorw\u00e4rtsschaltung 2 R\u00fcckw\u00e4rtsschaltung<\/td>\n<\/tr>\n<tr>\n<td width=\"165\">Typ<\/td>\n<td width=\"229\">hydraulischer Drehmomentwandler<\/td>\n<\/tr>\n<tr>\n<td width=\"165\">Muster<\/td>\n<td width=\"229\">automatisch<\/td>\n<\/tr>\n<tr>\n<td width=\"165\">Achse<\/td>\n<td width=\"229\">Allradantrieb, Nabenvorgelege ZHS1.8<\/td>\n<\/tr>\n<tr>\n<td width=\"165\">Betriebsbremse<\/td>\n<td width=\"229\">Lufthydraulische Scheibenbremse<\/td>\n<\/tr>\n<tr>\n<td width=\"165\">Feststellbremse<\/td>\n<td width=\"229\">Handbremse<\/td>\n<\/tr>\n<\/tbody>\n<\/table>","protected":false},"featured_media":3602,"template":"","meta":{"_seopress_robots_primary_cat":"none","_seopress_titles_title":"","_seopress_titles_desc":"","_seopress_robots_index":"","_joinchat":[]},"product_cat":[15],"product_tag":[],"class_list":{"0":"post-2545","1":"product","2":"type-product","3":"status-publish","4":"has-post-thumbnail","6":"product_cat-wheel-loader","8":"first","9":"instock","10":"shipping-taxable","11":"product-type-simple"},"_links":{"self":[{"href":"https:\/\/www.zhsmixer.com\/de\/wp-json\/wp\/v2\/product\/2545"}],"collection":[{"href":"https:\/\/www.zhsmixer.com\/de\/wp-json\/wp\/v2\/product"}],"about":[{"href":"https:\/\/www.zhsmixer.com\/de\/wp-json\/wp\/v2\/types\/product"}],"version-history":[{"count":28,"href":"https:\/\/www.zhsmixer.com\/de\/wp-json\/wp\/v2\/product\/2545\/revisions"}],"predecessor-version":[{"id":3601,"href":"https:\/\/www.zhsmixer.com\/de\/wp-json\/wp\/v2\/product\/2545\/revisions\/3601"}],"wp:featuredmedia":[{"embeddable":true,"href":"https:\/\/www.zhsmixer.com\/de\/wp-json\/wp\/v2\/media\/3602"}],"wp:attachment":[{"href":"https:\/\/www.zhsmixer.com\/de\/wp-json\/wp\/v2\/media?parent=2545"}],"wp:term":[{"taxonomy":"product_cat","embeddable":true,"href":"https:\/\/www.zhsmixer.com\/de\/wp-json\/wp\/v2\/product_cat?post=2545"},{"taxonomy":"product_tag","embeddable":true,"href":"https:\/\/www.zhsmixer.com\/de\/wp-json\/wp\/v2\/product_tag?post=2545"}],"curies":[{"name":"wp","href":"https:\/\/api.w.org\/{rel}","templated":true}]}}