{"id":2215,"date":"2024-04-01T18:23:02","date_gmt":"2024-04-01T10:23:02","guid":{"rendered":"https:\/\/www.zhsmixer.com\/?post_type=product&#038;p=2215"},"modified":"2024-05-16T20:34:29","modified_gmt":"2024-05-16T12:34:29","slug":"zhs50f-rough-terrain-forklift","status":"publish","type":"product","link":"https:\/\/www.zhsmixer.com\/de\/produkt\/zhs50f-gelandegangiger-gabelstapler\/","title":{"rendered":"ZHS50F Gel\u00e4ndestapler"},"content":{"rendered":"","protected":false},"excerpt":{"rendered":"<table width=\"314\">\n<tbody>\n<tr>\n<td width=\"140\">Produktname<\/td>\n<td width=\"174\">\u00a0 \u00a0 Off-Road-Gabelstapler<\/td>\n<\/tr>\n<tr>\n<td width=\"140\">Modell<\/td>\n<td width=\"174\">ZHS50F<\/td>\n<\/tr>\n<tr>\n<td width=\"140\">Gr\u00f6\u00dfe<\/td>\n<td width=\"174\">4400*1900*2900mm<\/td>\n<\/tr>\n<tr>\n<td width=\"140\">Freies Gewicht<\/td>\n<td width=\"174\">6000kg<\/td>\n<\/tr>\n<tr>\n<td width=\"140\">Gabell\u00e4nge<\/td>\n<td width=\"174\">\u00a01220mm<\/td>\n<\/tr>\n<tr>\n<td width=\"140\">Steigb\u00fcgelwinkel<\/td>\n<td width=\"174\">\u00a0\u226438\u00b0<\/td>\n<\/tr>\n<tr>\n<td width=\"140\">Nenn-Hubkraft<\/td>\n<td width=\"174\">\u00a05000kg<\/td>\n<\/tr>\n<tr>\n<td width=\"140\">Hebeh\u00f6he<\/td>\n<td width=\"174\">\u00a03000-6000mm<\/td>\n<\/tr>\n<tr>\n<td width=\"140\">Bodenfreiheit<\/td>\n<td width=\"174\">350mm<\/td>\n<\/tr>\n<tr>\n<td width=\"140\">Achse<\/td>\n<td width=\"174\">Stahlbr\u00fccke mit gro\u00dfen R\u00e4dern<\/td>\n<\/tr>\n<tr>\n<td width=\"140\">Bereifung<\/td>\n<td width=\"174\">\u00a016\/70-20-Reifen<\/td>\n<\/tr>\n<tr>\n<td width=\"140\">Fahrmodus<\/td>\n<td width=\"174\">\u00a0Allradantrieb<\/td>\n<\/tr>\n<tr>\n<td width=\"140\">Motormodell<\/td>\n<td width=\"174\">\u00a0Yunnei YN38GBZ(4102 Ladeluftpumpe)<\/td>\n<\/tr>\n<tr>\n<td width=\"140\">Motorleistung<\/td>\n<td width=\"174\">\u00a076 KW<\/td>\n<\/tr>\n<tr>\n<td width=\"140\">Volumen des Kraftstofftanks<\/td>\n<td width=\"174\">\u00a060 L<\/td>\n<\/tr>\n<\/tbody>\n<\/table>","protected":false},"featured_media":2216,"template":"","meta":{"_seopress_robots_primary_cat":"none","_seopress_titles_title":"","_seopress_titles_desc":"","_seopress_robots_index":"","_joinchat":[]},"product_cat":[34],"product_tag":[],"class_list":{"0":"post-2215","1":"product","2":"type-product","3":"status-publish","4":"has-post-thumbnail","6":"product_cat-off-road-forklift","8":"first","9":"instock","10":"shipping-taxable","11":"product-type-simple"},"_links":{"self":[{"href":"https:\/\/www.zhsmixer.com\/de\/wp-json\/wp\/v2\/product\/2215"}],"collection":[{"href":"https:\/\/www.zhsmixer.com\/de\/wp-json\/wp\/v2\/product"}],"about":[{"href":"https:\/\/www.zhsmixer.com\/de\/wp-json\/wp\/v2\/types\/product"}],"version-history":[{"count":4,"href":"https:\/\/www.zhsmixer.com\/de\/wp-json\/wp\/v2\/product\/2215\/revisions"}],"predecessor-version":[{"id":3106,"href":"https:\/\/www.zhsmixer.com\/de\/wp-json\/wp\/v2\/product\/2215\/revisions\/3106"}],"wp:featuredmedia":[{"embeddable":true,"href":"https:\/\/www.zhsmixer.com\/de\/wp-json\/wp\/v2\/media\/2216"}],"wp:attachment":[{"href":"https:\/\/www.zhsmixer.com\/de\/wp-json\/wp\/v2\/media?parent=2215"}],"wp:term":[{"taxonomy":"product_cat","embeddable":true,"href":"https:\/\/www.zhsmixer.com\/de\/wp-json\/wp\/v2\/product_cat?post=2215"},{"taxonomy":"product_tag","embeddable":true,"href":"https:\/\/www.zhsmixer.com\/de\/wp-json\/wp\/v2\/product_tag?post=2215"}],"curies":[{"name":"wp","href":"https:\/\/api.w.org\/{rel}","templated":true}]}}